{"id":1431,"date":"2023-02-20T13:30:50","date_gmt":"2023-02-20T13:30:50","guid":{"rendered":"https:\/\/scivetim.eu\/?page_id=1431"},"modified":"2024-11-14T14:38:18","modified_gmt":"2024-11-14T14:38:18","slug":"co-je-proboost-a-jak-se-vyrabi","status":"publish","type":"page","link":"https:\/\/proboostnow.eu\/en_us\/co-je-proboost-a-jak-se-vyrabi\/","title":{"rendered":"CO JE PROBOOST A JAK SE VYR\u00c1B\u00cd"},"content":{"rendered":"<div class=\"banner has-hover\" id=\"banner-1329915088\">\n          <div class=\"banner-inner fill\">\n        <div class=\"banner-bg fill\" >\n            <img loading=\"lazy\" decoding=\"async\" width=\"1020\" height=\"306\" src=\"https:\/\/proboostnow.eu\/wp-content\/uploads\/2023\/01\/proboost-lab-header-2000x600_1800x-1024x307.webp\" class=\"bg attachment-large size-large\" alt=\"Co je proboost\" \/>                                    \n                    <\/div>\n\t\t\n        <div class=\"banner-layers container\">\n            <div class=\"fill banner-link\"><\/div>            \n\n   <div id=\"text-box-310880803\" class=\"text-box banner-layer x50 md-x50 lg-x50 y50 md-y50 lg-y50 res-text\">\n                                <div class=\"text-box-content text dark\">\n              \n              <div class=\"text-inner text-center\">\n                  \n\n<h1 class=\"entry-title\">Co je ProBoost a jak se vyr\u00e1b\u00ed?<\/h1>\n\n              <\/div>\n           <\/div>\n                            \n<style>\n#text-box-310880803 {\n  width: 100%;\n}\n#text-box-310880803 .text-box-content {\n  font-size: 100%;\n}\n<\/style>\n    <\/div>\n \n\n        <\/div>\n      <\/div>\n\n            \n<style>\n#banner-1329915088 {\n  padding-top: 500px;\n}\n#banner-1329915088 .banner-bg img {\n  object-position: 100% 88%;\n}\n<\/style>\n  <\/div>\n\n\n\t<div id=\"gap-390209079\" class=\"gap-element clearfix\" style=\"display:block; height:auto;\">\n\t\t\n<style>\n#gap-390209079 {\n  padding-top: 30px;\n}\n<\/style>\n\t<\/div>\n\t\n\n\t<div id=\"gap-141535217\" class=\"gap-element clearfix\" style=\"display:block; height:auto;\">\n\t\t\n<style>\n#gap-141535217 {\n  padding-top: 30px;\n}\n<\/style>\n\t<\/div>\n\t\n\n\t<div id=\"text-3793479006\" class=\"text\">\n\t\t\n\n<p>Spole\u010dn\u00fdm jmenovatelem veterin\u00e1rn\u00edch p\u0159\u00edpravk\u016f s n\u00e1zvem ProBoost \u00ae je p\u0159\u00edrodn\u00ed purifikovan\u00fd glykoprotein slo\u017een\u00fd zhruba z 500 aminokyselin s obchodn\u00edm n\u00e1zvem Thymic protein A nebo tak\u00e9 Lymphocyte T Cell Immunomodulator. Tento patentovan\u00fd produkt je vyr\u00e1b\u011bn\u00fd v jedin\u00e9 v\u011bdeck\u00e9 laborato\u0159i na sv\u011bt\u011b v Kalifornii v USA , ve steriln\u00edm prost\u0159ed\u00ed v tk\u00e1\u0148ov\u00fdch kultur\u00e1ch z epitelu brzl\u00edku pod osobn\u00ed kontrolou a dohledem imunologa Dr. Terryho Beardsleyho, PhD, kter\u00fd se zav\u00e1zal udr\u017eovat vysok\u00e9 v\u011bdeck\u00e9 standardy, kter\u00e9 zavedl p\u0159i v\u00fdzkumu a v\u00fdrob\u011b tohoto produktu v pr\u016fb\u011bhu posledn\u00edch 35 let.<\/p>\n<p>V organismu je TPA p\u0159irozen\u011b produkov\u00e1n bu\u0148kami brzl\u00edku. B\u011b\u017en\u011b u\u017e\u00edvan\u00e9 metody izolace thymov\u00fdch (brzl\u00edkov\u00fdch) protein\u016f z telec\u00edch nebo prase\u010d\u00edch brzl\u00edk\u016f vedou k jejich po\u0161kozen\u00ed, fragmentaci a sn\u00ed\u017een\u00ed biologick\u00e9 \u00fa\u010dinnosti a na m\u00edst\u011b je i obava z p\u0159enosu bovinn\u00edch a jin\u00fdch infekc\u00ed, jako je nap\u0159\u00edklad BSE.<\/p>\n<p>P\u0159enesen\u00ed produk\u010dn\u00ed \u010d\u00e1sti brzl\u00edkov\u00e9ho epitelu do tk\u00e1\u0148ov\u00e9 kultury v podob\u011b klon\u016f specifick\u00fdch sekre\u010dn\u00edch bun\u011bk umo\u017enilo z\u00edskat kompletn\u00ed p\u0159\u00edrodn\u00ed neporu\u0161en\u00fd protein, kter\u00fd m\u00e1 dramaticky vy\u0161\u0161\u00ed \u00fa\u010dinek na imunitn\u00ed stimulaci, ne\u017e produkty separovan\u00e9 p\u0159\u00edmo ze zv\u00ed\u0159ec\u00edch brzl\u00edk\u016f nebo izolovan\u00e9 separ\u00e1tn\u011b od kompatibiln\u00edch struktur\u00e1ln\u00edch protein\u016f brzl\u00edkov\u00e9ho epitelu, nap\u0159. thymulin..<\/p>\n<p>Protein je citliv\u011b purifikov\u00e1n a upraven tak, aby byla zachov\u00e1na jeho biologick\u00e1 \u00fa\u010dinnost. V\u0161echny ostatn\u00ed proteiny, fragmenty nebo l\u00e1tky jsou b\u011bhem \u010di\u0161t\u011bn\u00ed odfiltrov\u00e1ny a z\u016fstane pouze jedin\u00fd brzl\u00edkov\u00fd protein A, kter\u00fd je n\u00e1sledn\u011b lyofilizov\u00e1n.<\/p>\n<p>Ka\u017ed\u00fd s\u00e1\u010dek\/kapsle obsahuje 4 mcg TPA sm\u00edchan\u00e9 s 500 mg maltodextrinu. Tato d\u00e1vka obsahuje 12 trilion\u016f molekul TPA.<\/p>\n<p>V letech, kdy byl ProBoost Thymic Protein A p\u0159edstaven jako peror\u00e1ln\u00ed v\u00fd\u017eivov\u00fd dopln\u011bk, n\u011bkolik studi\u00ed na lidech a zv\u00ed\u0159atech potvrdilo v\u011bdeck\u00e1 zji\u0161t\u011bn\u00ed, \u017ee tento protein s\u00e1m o sob\u011b m\u00e1 ve sv\u00e9m \u010dist\u00e9m stavu ohromn\u00e9 schopnosti imunitn\u00ed regulace jako stimulant i jako tlumiv\u00fd prost\u0159edek, v z\u00e1vislosti na po\u017eadavc\u00edch organismu. Od t\u00e9 doby u\u017e\u00edvaly tis\u00edce jednotlivc\u016f tento produkt bez v\u00fdznamn\u00fdch ne\u017e\u00e1douc\u00edch reakc\u00ed a stovky l\u00e9ka\u0159\u016f jej doporu\u010duj\u00ed sv\u00fdm pacient\u016fm, aby si udr\u017eeli zdrav\u00fd imunitn\u00ed syst\u00e9m. National Institute of Health, Division of AIDS v USA, testoval Thymic Protein A a v\u00fdsledkem byl jednozna\u010dn\u00fd z\u00e1v\u011br, \u017ee se jedn\u00e1 o \u00fa\u010dinn\u00fd regula\u010dn\u00ed protein imunitn\u00edho syst\u00e9mu.<\/p>\n<p>Aktivn\u00ed slo\u017ekou ProBoostu je Thymic Protein A, co\u017e je glykoprotein p\u0159irozen\u011b produkovan\u00fd brzl\u00edkem a zodpov\u011bdn\u00fd za programov\u00e1n\u00ed T-bun\u011bk v t\u011ble tak, aby stimulovaly reakci imunitn\u00edho syst\u00e9mu. Ka\u017ed\u00e1 z 12 bilion\u016f molekul brzl\u00edkov\u00e9ho proteinu A v jedin\u00e9m bal\u00ed\u010dku ProBoostu je d\u016fle\u017eit\u00fdm transmiterem, kter\u00fd vyhled\u00e1v\u00e1 pomocnou b\u00edlou krvinku CD-4+ a nav\u00e1\u017ee se na ni, aby ji aktivoval. Pomocn\u00e9 bu\u0148ky CD-4+ po sv\u00e9m vytvo\u0159en\u00ed nejsou pln\u011b funk\u010dn\u00ed, pokud nep\u0159ijdou do p\u0159\u00edm\u00e9ho kontaktu s TPA. Pomocn\u00e1 bu\u0148ka CD-4+ \u0159\u00edd\u00ed nejd\u016fle\u017eit\u011bj\u0161\u00ed efektorov\u00e9 bu\u0148ky, v\u010detn\u011b zab\u00edje\u010dsk\u00fdch bun\u011bk CD-8 a supresorov\u00fdch bun\u011bk CD-8 vylu\u010dov\u00e1n\u00edm chemick\u00fdch posl\u016f naz\u00fdvan\u00fdch cytokiny, jako je interleukin-2 a interferon. Kdy\u017e m\u00e1 t\u011blo dostate\u010dn\u00e9 mno\u017estv\u00ed spr\u00e1vn\u011b funguj\u00edc\u00edch bun\u011bk CD-4+, vytvo\u0159\u00ed se adekv\u00e1tn\u00ed mno\u017estv\u00ed cytokin\u016f, aby cel\u00fd syst\u00e9m mohl spr\u00e1vn\u011b fungovat.<\/p>\n\t\t\n<style>\n#text-3793479006 {\n  color: rgb(0,0,0);\n}\n#text-3793479006 > * {\n  color: rgb(0,0,0);\n}\n<\/style>\n\t<\/div>\n\t\n\t<div id=\"gap-1381942050\" class=\"gap-element clearfix\" style=\"display:block; height:auto;\">\n\t\t\n<style>\n#gap-1381942050 {\n  padding-top: 30px;\n}\n<\/style>\n\t<\/div>\n\t\n\n\t<div class=\"img has-hover x md-x lg-x y md-y lg-y\" id=\"image_1258170378\">\n\t\t<a class=\"\" href=\"https:\/\/proboostnow.com\/pages\/our-story\" target=\"_blank\" rel=\"noopener\" >\t\t\t\t\t\t<div class=\"img-inner dark\" >\n\t\t\t<img loading=\"lazy\" decoding=\"async\" width=\"842\" height=\"515\" src=\"https:\/\/proboostnow.eu\/wp-content\/uploads\/2023\/02\/Screenshot-2023-02-02-145906.png\" class=\"attachment-large size-large\" alt=\"co je proBoost\" srcset=\"https:\/\/proboostnow.eu\/wp-content\/uploads\/2023\/02\/Screenshot-2023-02-02-145906.png 842w, https:\/\/proboostnow.eu\/wp-content\/uploads\/2023\/02\/Screenshot-2023-02-02-145906-510x312.png 510w, https:\/\/proboostnow.eu\/wp-content\/uploads\/2023\/02\/Screenshot-2023-02-02-145906-300x183.png 300w, https:\/\/proboostnow.eu\/wp-content\/uploads\/2023\/02\/Screenshot-2023-02-02-145906-768x470.png 768w, https:\/\/proboostnow.eu\/wp-content\/uploads\/2023\/02\/Screenshot-2023-02-02-145906-18x12.png 18w, https:\/\/proboostnow.eu\/wp-content\/uploads\/2023\/02\/Screenshot-2023-02-02-145906-500x306.png 500w, https:\/\/proboostnow.eu\/wp-content\/uploads\/2023\/02\/Screenshot-2023-02-02-145906-800x489.png 800w\" sizes=\"auto, (max-width: 842px) 100vw, 842px\" \/>\t\t\t\t\t\t\n\t\t\t\t\t<\/div>\n\t\t\t\t\t\t<\/a>\t\t\n<style>\n#image_1258170378 {\n  width: 100%;\n}\n<\/style>\n\t<\/div>","protected":false},"excerpt":{"rendered":"","protected":false},"author":2,"featured_media":637,"parent":0,"menu_order":0,"comment_status":"closed","ping_status":"closed","template":"","meta":{"footnotes":""},"class_list":["post-1431","page","type-page","status-publish","has-post-thumbnail","hentry"],"jetpack_sharing_enabled":true,"_links":{"self":[{"href":"https:\/\/proboostnow.eu\/en_us\/wp-json\/wp\/v2\/pages\/1431","targetHints":{"allow":["GET"]}}],"collection":[{"href":"https:\/\/proboostnow.eu\/en_us\/wp-json\/wp\/v2\/pages"}],"about":[{"href":"https:\/\/proboostnow.eu\/en_us\/wp-json\/wp\/v2\/types\/page"}],"author":[{"embeddable":true,"href":"https:\/\/proboostnow.eu\/en_us\/wp-json\/wp\/v2\/users\/2"}],"replies":[{"embeddable":true,"href":"https:\/\/proboostnow.eu\/en_us\/wp-json\/wp\/v2\/comments?post=1431"}],"version-history":[{"count":0,"href":"https:\/\/proboostnow.eu\/en_us\/wp-json\/wp\/v2\/pages\/1431\/revisions"}],"wp:featuredmedia":[{"embeddable":true,"href":"https:\/\/proboostnow.eu\/en_us\/wp-json\/wp\/v2\/media\/637"}],"wp:attachment":[{"href":"https:\/\/proboostnow.eu\/en_us\/wp-json\/wp\/v2\/media?parent=1431"}],"curies":[{"name":"wp","href":"https:\/\/api.w.org\/{rel}","templated":true}]}}