{"id":1483,"date":"2023-02-21T13:59:27","date_gmt":"2023-02-21T13:59:27","guid":{"rendered":"https:\/\/scivetim.eu\/?page_id=1483"},"modified":"2023-03-24T10:35:42","modified_gmt":"2023-03-24T10:35:42","slug":"pro-koho-je-proboost-thymic-protein-a-urceny","status":"publish","type":"page","link":"https:\/\/proboostnow.eu\/en_us\/o-produktu\/pro-koho-je-proboost-thymic-protein-a-urceny\/","title":{"rendered":"PRO KOHO JE PROBOOST THYMIC PROTEIN A UR\u010cEN\u00dd"},"content":{"rendered":"<div class=\"banner has-hover bg-zoom has-parallax\" id=\"banner-1799626069\">\n          <div class=\"banner-inner fill\">\n        <div class=\"banner-bg fill\" data-parallax=\"-10\" data-parallax-container=\".banner\" data-parallax-background>\n            <img loading=\"lazy\" decoding=\"async\" width=\"1020\" height=\"767\" src=\"https:\/\/proboostnow.eu\/wp-content\/uploads\/2023\/02\/yan-laurichesse-3qZnN_M45Ds-unsplash-scaled-e1676987244898-1024x770.jpg\" class=\"bg attachment-large size-large\" alt=\"PRO KOHO JE PROBOOST THYMIC PROTEIN A UR\u010cEN\u00dd\" \/>                                    \n                    <\/div>\n\t\t\n        <div class=\"banner-layers container\">\n            <div class=\"fill banner-link\"><\/div>            \n\n   <div id=\"text-box-133920463\" class=\"text-box banner-layer x50 md-x50 lg-x50 y50 md-y50 lg-y50 res-text\">\n                                <div class=\"text-box-content text dark\">\n              \n              <div class=\"text-inner text-center\">\n                  \n\n\t<div id=\"text-288781765\" class=\"text\">\n\t\t\n\n<h2>\u00a0<\/h2>\n<h2>Komu je ProBoost ur\u010den\u00fd<\/h2>\n<p>\u00a0<\/p>\n\t\t\n<style>\n#text-288781765 {\n  font-size: 1.5rem;\n  color: rgb(0,0,0);\n}\n#text-288781765 > * {\n  color: rgb(0,0,0);\n}\n<\/style>\n\t<\/div>\n\t\n\n              <\/div>\n           <\/div>\n                            \n<style>\n#text-box-133920463 {\n  width: 85%;\n}\n#text-box-133920463 .text-box-content {\n  font-size: 100%;\n}\n<\/style>\n    <\/div>\n \n\n        <\/div>\n      <\/div>\n\n            \n<style>\n#banner-1799626069 {\n  padding-top: 500px;\n}\n#banner-1799626069 .banner-bg img {\n  object-position: 60% 75%;\n}\n<\/style>\n  <\/div>\n\n\n\t<div id=\"gap-2059436132\" class=\"gap-element clearfix\" style=\"display:block; height:auto;\">\n\t\t\n<style>\n#gap-2059436132 {\n  padding-top: 30px;\n}\n<\/style>\n\t<\/div>\n\t\n\n\t<div id=\"gap-1513083974\" class=\"gap-element clearfix\" style=\"display:block; height:auto;\">\n\t\t\n<style>\n#gap-1513083974 {\n  padding-top: 30px;\n}\n<\/style>\n\t<\/div>\n\t\n\n\t<div id=\"gap-1085601856\" class=\"gap-element clearfix\" style=\"display:block; height:auto;\">\n\t\t\n<style>\n#gap-1085601856 {\n  padding-top: 30px;\n}\n<\/style>\n\t<\/div>\n\t\n\n\t<div id=\"text-403219856\" class=\"text\">\n\t\t\n\n<p style=\"text-align: center;\">ProBoost lze u\u017e\u00edvat v\u017edy, kdy je prosp\u011b\u0161n\u00e9 pos\u00edlit adaptivn\u00ed imunitn\u00ed odpov\u011b\u010f nebo je vhodn\u00e9 udr\u017eet dobr\u00fd stav imunitn\u00edho syst\u00e9mu p\u0159i z\u00e1t\u011b\u017ei. Po ProBoostu je u\u017eite\u010dn\u00e9 s\u00e1hnout poka\u017ed\u00e9, kdy\u017e jsou kladeny zv\u00fd\u0161en\u00e9 n\u00e1roky na imunitn\u00ed syst\u00e9m, p\u0159i nemoci, je-li imunita z jak\u00fdchkoliv d\u016fvod\u016f oslaben\u00e1, ale tak\u00e9 kdy\u017e chceme prost\u011b jen podpo\u0159it dobr\u00e9 zdrav\u00ed.<\/p>\n\t\t\n<style>\n#text-403219856 {\n  color: rgb(0,0,0);\n}\n#text-403219856 > * {\n  color: rgb(0,0,0);\n}\n<\/style>\n\t<\/div>\n\t\n\t<div id=\"gap-135598336\" class=\"gap-element clearfix\" style=\"display:block; height:auto;\">\n\t\t\n<style>\n#gap-135598336 {\n  padding-top: 30px;\n}\n<\/style>\n\t<\/div>\n\t\n\n<div class=\"text-center\"><div class=\"is-divider divider clearfix\" style=\"max-width:800px;background-color:rgb(251, 16, 2);\"><\/div><\/div>\n\n\t<div id=\"gap-1132561563\" class=\"gap-element clearfix\" style=\"display:block; height:auto;\">\n\t\t\n<style>\n#gap-1132561563 {\n  padding-top: 30px;\n}\n<\/style>\n\t<\/div>\n\t\n\n\t<div id=\"text-1364607743\" class=\"text\">\n\t\t\n\n<p>Thymic protein A je vzhledem ke sv\u00fdm vlastnostem a mezidruhov\u00e9 homologii evolu\u010dn\u011b star\u00e1 molekula. To znamen\u00e1, \u017ee je v podstat\u011b stejn\u00e1 u \u010dlov\u011bka, my\u0161i, psa nebo kon\u011b. Skv\u011bl\u00e9 imunomodula\u010dn\u00ed \u00fa\u010dinky vykazuje u v\u0161ech zv\u00ed\u0159at a lid\u00ed, kter\u00fdm byla dosud pod\u00e1na. Je-li aplikov\u00e1na p\u0159\u00edmo do krve, nevyvol\u00e1v\u00e1 p\u0159\u00edznaky intolerance. ProBoost je vhodn\u00fd pro v\u0161echny savce. Nem\u00e1 \u017e\u00e1dn\u00e9 v\u00e1\u017en\u00e9 vedlej\u0161\u00ed \u00fa\u010dinky a m\u016f\u017ee b\u00fdt u\u017e\u00edv\u00e1n soub\u011b\u017en\u011b se v\u0161emi indikovan\u00fdmi l\u00e9\u010divy s v\u00fdjimkou imunosupresiv. ProBoost je registrovan\u00fdm veterin\u00e1rn\u00edm p\u0159\u00edpravkem a jako takov\u00fd je ur\u010den na podporu imunitn\u00edho syst\u00e9mu zv\u00ed\u0159at.\u00a0<\/p>\n\t\t\n<style>\n#text-1364607743 {\n  color: rgb(0,0,0);\n}\n#text-1364607743 > * {\n  color: rgb(0,0,0);\n}\n<\/style>\n\t<\/div>\n\t\n\t<div id=\"gap-26418104\" class=\"gap-element clearfix\" style=\"display:block; height:auto;\">\n\t\t\n<style>\n#gap-26418104 {\n  padding-top: 30px;\n}\n<\/style>\n\t<\/div>\n\t\n\n<div class=\"text-center\"><div class=\"is-divider divider clearfix\" style=\"max-width:800px;background-color:rgb(251, 0, 0);\"><\/div><\/div>\n\n\t<div id=\"text-592165630\" class=\"text\">\n\t\t\n\n<p style=\"text-align: center;\">\u00a0<\/p>\n<p>\u00a0<\/p>\n<p style=\"text-align: center;\"><span style=\"color: #000000;\"><b>V Evropsk\u00e9 unii <\/b><\/span><span style=\"color: #000000;\"><b>nesm\u00ed b\u00fdt ProBoost uveden na trh pro lidskou spot\u0159ebu<\/b><\/span><\/p>\n<p>V USA je Proboost u\u017e\u00edv\u00e1n lidmi a doporu\u010dov\u00e1n l\u00e9ka\u0159i v\u00edce ne\u017e \u010dtvrt stolet\u00ed jako tzv. dopln\u011bk stravy na podporu imunitn\u00edho syst\u00e9mu. Podle unijn\u00ed legislativy jsou potravinov\u00e9 slo\u017eky, kter\u00e9 jsou vyr\u00e1b\u011bny v tk\u00e1\u0148ov\u00fdch nebo bun\u011b\u010dn\u00fdch kultur\u00e1ch nebo kter\u00e9 se b\u011b\u017en\u011b na evropsk\u00e9m kontinentu nekonzumovaly p\u0159ed rokem 1997 tzv. nov\u00fdmi potravinami, potravinami nov\u00e9ho typu. Tyto produkty se nesm\u00ed uv\u00e9st na trh pro lidskou spot\u0159ebu bez schv\u00e1len\u00ed \u017e\u00e1dosti, kterou pod\u00e1v\u00e1 do Evropsk\u00e9 komise ministerstvo zem\u011bd\u011blstv\u00ed. \u017d\u00e1dost pak mus\u00ed posoudit a schv\u00e1lit v\u0161echny \u010dlensk\u00e9 st\u00e1ty EU. Tato \u017e\u00e1dost dosud nebyla pod\u00e1na. Informace o ProBoostu jako dopl\u0148ku stravy pro \u010dlov\u011bka lze nal\u00e9zt na str\u00e1nk\u00e1ch v\u00fdrobce: <a href=\"https:\/\/proboostnow.com\/\">https:\/\/proboostnow.com\/<\/a>.<\/p>\n<p>\u00a0<\/p>\n\t\t\n<style>\n#text-592165630 {\n  color: rgb(0,0,0);\n}\n#text-592165630 > * {\n  color: rgb(0,0,0);\n}\n<\/style>\n\t<\/div>\n\t\n<div class=\"row\"  id=\"row-730249702\">\n\n\n\t<div id=\"col-1830334977\" class=\"col small-12 large-12\"  >\n\t\t\t\t<div class=\"col-inner text-center\"  >\n\t\t\t\n\t\t\t\n\n<a href=\"\/en_us\/uziti-proboostu-pro-stimulaci-imunitniho-systemu-lidi\/\" class=\"button alert is-outline box-shadow-5 box-shadow-5-hover\"  style=\"border-radius:10px;\">\n\t\t<span>ProBoost pro \u010dlov\u011bka<\/span>\n\t<\/a>\n\n\n\n\t\t<\/div>\n\t\t\t\t\t<\/div>\n\n\t\n\n<\/div>","protected":false},"excerpt":{"rendered":"","protected":false},"author":2,"featured_media":812,"parent":1345,"menu_order":0,"comment_status":"closed","ping_status":"closed","template":"","meta":{"footnotes":""},"class_list":["post-1483","page","type-page","status-publish","has-post-thumbnail","hentry"],"jetpack_sharing_enabled":true,"_links":{"self":[{"href":"https:\/\/proboostnow.eu\/en_us\/wp-json\/wp\/v2\/pages\/1483","targetHints":{"allow":["GET"]}}],"collection":[{"href":"https:\/\/proboostnow.eu\/en_us\/wp-json\/wp\/v2\/pages"}],"about":[{"href":"https:\/\/proboostnow.eu\/en_us\/wp-json\/wp\/v2\/types\/page"}],"author":[{"embeddable":true,"href":"https:\/\/proboostnow.eu\/en_us\/wp-json\/wp\/v2\/users\/2"}],"replies":[{"embeddable":true,"href":"https:\/\/proboostnow.eu\/en_us\/wp-json\/wp\/v2\/comments?post=1483"}],"version-history":[{"count":0,"href":"https:\/\/proboostnow.eu\/en_us\/wp-json\/wp\/v2\/pages\/1483\/revisions"}],"up":[{"embeddable":true,"href":"https:\/\/proboostnow.eu\/en_us\/wp-json\/wp\/v2\/pages\/1345"}],"wp:featuredmedia":[{"embeddable":true,"href":"https:\/\/proboostnow.eu\/en_us\/wp-json\/wp\/v2\/media\/812"}],"wp:attachment":[{"href":"https:\/\/proboostnow.eu\/en_us\/wp-json\/wp\/v2\/media?parent=1483"}],"curies":[{"name":"wp","href":"https:\/\/api.w.org\/{rel}","templated":true}]}}