{"id":1492,"date":"2023-02-21T15:15:52","date_gmt":"2023-02-21T15:15:52","guid":{"rendered":"https:\/\/scivetim.eu\/?page_id=1492"},"modified":"2024-02-25T18:39:33","modified_gmt":"2024-02-25T18:39:33","slug":"kontraindikace","status":"publish","type":"page","link":"https:\/\/proboostnow.eu\/en_us\/kontraindikace\/","title":{"rendered":"Kontraindikace"},"content":{"rendered":"<div class=\"banner has-hover bg-zoom\" id=\"banner-123595257\">\n          <div class=\"banner-inner fill\">\n        <div class=\"banner-bg fill\" >\n            <img loading=\"lazy\" decoding=\"async\" width=\"1020\" height=\"745\" src=\"https:\/\/proboostnow.eu\/wp-content\/uploads\/2023\/02\/t-r-photography-TzjMd7i5WQI-unsplash-scaled-e1675349807921-1024x748.jpg\" class=\"bg attachment-large size-large\" alt=\"ProBoost nem\u00e1 \u017e\u00e1dn\u00e9 kontraindikace\" \/>                                    \n                    <\/div>\n\t\t\n        <div class=\"banner-layers container\">\n            <div class=\"fill banner-link\"><\/div>            \n\n   <div id=\"text-box-1541465760\" class=\"text-box banner-layer x50 md-x50 lg-x50 y50 md-y50 lg-y50 res-text\">\n                                <div class=\"text-box-content text dark\">\n              \n              <div class=\"text-inner text-center\">\n                  \n\n\t<div id=\"text-4219382029\" class=\"text\">\n\t\t\n\n<h2>Kontraindikace<\/h2>\n<p>\u00a0<\/p>\n\t\t\n<style>\n#text-4219382029 {\n  font-size: 0.75rem;\n}\n<\/style>\n\t<\/div>\n\t\n\n              <\/div>\n           <\/div>\n                            \n<style>\n#text-box-1541465760 {\n  width: 72%;\n}\n#text-box-1541465760 .text-box-content {\n  font-size: 100%;\n}\n<\/style>\n    <\/div>\n \n\n        <\/div>\n      <\/div>\n\n            \n<style>\n#banner-123595257 {\n  padding-top: 500px;\n}\n#banner-123595257 .banner-bg img {\n  object-position: 9% 66%;\n}\n<\/style>\n  <\/div>\n\n\n\t<div id=\"gap-1620574156\" class=\"gap-element clearfix\" style=\"display:block; height:auto;\">\n\t\t\n<style>\n#gap-1620574156 {\n  padding-top: 30px;\n}\n<\/style>\n\t<\/div>\n\t\n\n\t<div id=\"gap-937685105\" class=\"gap-element clearfix\" style=\"display:block; height:auto;\">\n\t\t\n<style>\n#gap-937685105 {\n  padding-top: 30px;\n}\n<\/style>\n\t<\/div>\n\t\n\n\t<div id=\"gap-807892758\" class=\"gap-element clearfix\" style=\"display:block; height:auto;\">\n\t\t\n<style>\n#gap-807892758 {\n  padding-top: 30px;\n}\n<\/style>\n\t<\/div>\n\t\n\n\t<div id=\"text-2570011865\" class=\"text\">\n\t\t\n\n<p class=\"has-contrast-color has-text-color\">Proto\u017ee ProBoost Thymic Protein A je biologick\u00fd p\u0159\u00edpravek, kter\u00fd obsahuje protein, kter\u00fd je p\u0159irozen\u011b v krvi lid\u00ed a zv\u00ed\u0159at, nejsou zn\u00e1m\u00e9 \u017e\u00e1dn\u00e9 kontraindikace. Jedinou v\u00fdjimkou je medikace, kter\u00e1 m\u00e1 farmakologicky navodit utlumen\u00ed imunity, jako je nap\u0159\u00edklad terapie cyklosporinem a podobn\u011b.<\/p>\n<p><strong>Dosud bylo spot\u0159ebov\u00e1no 480 000 000 s\u00e1\u010dk\u016f ProBoostu, zhruba 150000 d\u00e1vek LCTI a \u017e\u00e1dn\u00e9 v\u00e1\u017en\u00e9 ne\u017e\u00e1douc\u00ed \u00fa\u010dinky ani u lid\u00ed ani u zv\u00ed\u0159at nebyly pozorov\u00e1ny.<\/strong><\/p>\n<p>Na rozd\u00edl od jin\u00fdch prost\u0159edk\u016f na podporu imunity je doporu\u010deno ProBoost u\u017e\u00edvat i v p\u0159\u00edpad\u011b autoimunitn\u00edch onemocn\u011bn\u00ed a tak\u00e9 infekc\u00ed i v po\u010d\u00e1te\u010dn\u00ed f\u00e1zi autodestruk\u010dn\u00ed hypercytokinemie. Adaptivn\u00ed imunita, kterou TPA prost\u0159ednictv\u00edm maturace a aktivace CD4+helper lymfocyt\u016f podporuje spou\u0161t\u00ed regula\u010dn\u00ed mechanismy, kter\u00e9 disponuj\u00ed schopnost\u00ed nejen akcelerovat, ale i zbrzdit, je-li to t\u0159eba.<\/p>\n<p>\u0158ada majitel\u016f zv\u00ed\u0159at pozoruje jejich lep\u0161\u00ed chu\u0165 k j\u00eddlu, lep\u0161\u00ed stav psychiky a vy\u0161\u0161\u00ed fyzickou aktivitu, celkov\u011b \u201ev\u011bt\u0161\u00ed chu\u0165 do \u017eivota\u201c. S t\u00edmto pozorov\u00e1n\u00edm vyvstaly u n\u011bkter\u00fdch u\u017eivatel\u016f pochybnosti o bezpe\u010dnosti pod\u00e1v\u00e1n\u00ed TPA nap\u0159\u00edklad kardiak\u016fm. Tyto obavy m\u016f\u017eeme jednozna\u010dn\u011b rozpt\u00fdlit. Pozitivn\u00ed p\u016fsoben\u00ed na celkov\u00fd zdravotn\u00ed stav zv\u00ed\u0159at se logicky projevuje v jejich lep\u0161\u00edm \u017eivotn\u00edm komfortu. U imunitn\u00edch revmatoidn\u00edch onemocn\u011bn\u00ed pohybov\u00e9ho apar\u00e1tu m\u016f\u017ee pod\u00e1v\u00e1n\u00ed ProBoostu ulevit od bolesti, byl prok\u00e1z\u00e1n pozitivn\u00ed vliv TPA na potla\u010den\u00ed virov\u00fdch infekc\u00ed, kter\u00e9 nap\u0159. p\u016fsob\u00ed u lid\u00ed syndrom chronick\u00e9 \u00fanavy\u2026. To, \u017ee jsou zv\u00ed\u0159ata aktivn\u011bj\u0161\u00ed, psychicky stabiln\u00ed a pohybliv\u011bj\u0161\u00ed souvis\u00ed s t\u00edm, \u017ee se d\u00edky dob\u0159e funguj\u00edc\u00edm syst\u00e9m\u016fm v t\u011ble, kter\u00e9 jsou navz\u00e1jem ned\u011bliteln\u011b propojeny, prost\u011b c\u00edt\u00ed l\u00e9pe. U kardiak\u016f je nepochybn\u011b u\u017eite\u010dn\u00e9 pozitivn\u00ed p\u016fsoben\u00ed stimulace adaptivn\u00ed imunity. Doch\u00e1z\u00ed ke zv\u00fd\u0161en\u00ed po\u010dtu \u010derven\u00fdch krvinek, zlep\u0161en\u00ed proces\u016f likvidace po\u0161kozen\u00fdch nefunk\u010dn\u00edch bun\u011bk a zlep\u0161en\u00ed proces\u016f reparace, pozitivn\u00edmu ovlivn\u011bn\u00ed z\u00e1n\u011btliv\u00fdch proces\u016f a nastaven\u00ed homeost\u00e1zy. Prosp\u011bch z u\u017e\u00edv\u00e1n\u00ed TPA je hl\u00e1\u0161en u\u017eivateli, kte\u0159\u00ed trp\u00ed p\u0159edev\u0161\u00edm dilata\u010dn\u00ed kardiomyopati\u00ed. KMP m\u00e1 v\u00edce p\u0159\u00ed\u010din, u dilata\u010dn\u00ed je jednou z nich virov\u00e9 onemocn\u011bn\u00ed nebo porucha imunity.<\/p>\n\n\t\t\n<style>\n#text-2570011865 {\n  color: rgb(0,0,0);\n}\n#text-2570011865 > * {\n  color: rgb(0,0,0);\n}\n<\/style>\n\t<\/div>","protected":false},"excerpt":{"rendered":"","protected":false},"author":2,"featured_media":0,"parent":0,"menu_order":0,"comment_status":"closed","ping_status":"closed","template":"","meta":{"footnotes":""},"class_list":["post-1492","page","type-page","status-publish","hentry"],"jetpack_sharing_enabled":true,"_links":{"self":[{"href":"https:\/\/proboostnow.eu\/en_us\/wp-json\/wp\/v2\/pages\/1492","targetHints":{"allow":["GET"]}}],"collection":[{"href":"https:\/\/proboostnow.eu\/en_us\/wp-json\/wp\/v2\/pages"}],"about":[{"href":"https:\/\/proboostnow.eu\/en_us\/wp-json\/wp\/v2\/types\/page"}],"author":[{"embeddable":true,"href":"https:\/\/proboostnow.eu\/en_us\/wp-json\/wp\/v2\/users\/2"}],"replies":[{"embeddable":true,"href":"https:\/\/proboostnow.eu\/en_us\/wp-json\/wp\/v2\/comments?post=1492"}],"version-history":[{"count":0,"href":"https:\/\/proboostnow.eu\/en_us\/wp-json\/wp\/v2\/pages\/1492\/revisions"}],"wp:attachment":[{"href":"https:\/\/proboostnow.eu\/en_us\/wp-json\/wp\/v2\/media?parent=1492"}],"curies":[{"name":"wp","href":"https:\/\/api.w.org\/{rel}","templated":true}]}}