{"id":1503,"date":"2023-02-21T15:53:44","date_gmt":"2023-02-21T15:53:44","guid":{"rendered":"https:\/\/scivetim.eu\/?page_id=1503"},"modified":"2023-03-21T10:38:32","modified_gmt":"2023-03-21T10:38:32","slug":"davkovani","status":"publish","type":"page","link":"https:\/\/proboostnow.eu\/en_us\/davkovani\/","title":{"rendered":"D\u00e1vkov\u00e1n\u00ed"},"content":{"rendered":"<div class=\"banner has-hover\" id=\"banner-1005092642\">\n          <div class=\"banner-inner fill\">\n        <div class=\"banner-bg fill\" >\n            <img loading=\"lazy\" decoding=\"async\" width=\"683\" height=\"1024\" src=\"https:\/\/proboostnow.eu\/wp-content\/uploads\/2023\/01\/alexander-grey-FEPfs43yiPE-unsplash-683x1024.jpg\" class=\"bg attachment-large size-large\" alt=\"ProBoost d\u00e1vkov\u00e1n\u00ed\" \/>                                    \n                    <\/div>\n\t\t\n        <div class=\"banner-layers container\">\n            <div class=\"fill banner-link\"><\/div>            \n\n   <div id=\"text-box-81070251\" class=\"text-box banner-layer x50 md-x50 lg-x50 y60 md-y60 lg-y60 res-text\">\n                                <div class=\"text-box-content text dark\">\n              \n              <div class=\"text-inner text-center\">\n                  \n\n\t<div id=\"text-820244694\" class=\"text\">\n\t\t\n\n<h1>D\u00e1vkov\u00e1n\u00ed<\/h1>\n<p>\u00a0<\/p>\n\t\t\n<style>\n#text-820244694 {\n  font-size: 0.75rem;\n  line-height: 1.6;\n}\n<\/style>\n\t<\/div>\n\t\n\n              <\/div>\n           <\/div>\n                            \n<style>\n#text-box-81070251 {\n  width: 60%;\n}\n#text-box-81070251 .text-box-content {\n  font-size: 100%;\n}\n<\/style>\n    <\/div>\n \n\n        <\/div>\n      <\/div>\n\n            \n<style>\n#banner-1005092642 {\n  padding-top: 500px;\n}\n<\/style>\n  <\/div>\n\n\n\t<div id=\"gap-660792854\" class=\"gap-element clearfix\" style=\"display:block; height:auto;\">\n\t\t\n<style>\n#gap-660792854 {\n  padding-top: 30px;\n}\n<\/style>\n\t<\/div>\n\t\n\n\t<div id=\"gap-1748619927\" class=\"gap-element clearfix\" style=\"display:block; height:auto;\">\n\t\t\n<style>\n#gap-1748619927 {\n  padding-top: 30px;\n}\n<\/style>\n\t<\/div>\n\t\n\n\t<div id=\"gap-214704071\" class=\"gap-element clearfix\" style=\"display:block; height:auto;\">\n\t\t\n<style>\n#gap-214704071 {\n  padding-top: 30px;\n}\n<\/style>\n\t<\/div>\n\t\n\n\t<div id=\"text-2001912498\" class=\"text\">\n\t\t\n\n<p class=\"has-text-align-center\" style=\"text-align: center;\"><strong>D\u00c1VKOV\u00c1N\u00cd A ZP\u016eSOB POD\u00c1N\u00cd:<\/strong><\/p>\n<p class=\"has-text-align-center\" style=\"text-align: center;\"><strong>Jak \u010dasto :<\/strong><\/p>\n<p>Je-li\u00a0ProBoost\u00ae\u00a0pou\u017e\u00edv\u00e1n preventivn\u011b, lze pod\u00e1vat ka\u017ed\u00fd den nebo i jen jednou nebo dvakr\u00e1t t\u00fddn\u011b. Frekvenci lze zv\u00fd\u0161it p\u0159ed obdob\u00edm zv\u00fd\u0161en\u00fdch n\u00e1rok\u016f na imunitn\u00ed syst\u00e9m, b\u011bhem n\u011bj a je\u0161t\u011b n\u011bkolik dn\u00ed po pominut\u00ed obdob\u00ed zv\u00fd\u0161en\u00e9ho rizika.<\/p>\n<p>V p\u0159\u00edpad\u011b podpory imunity b\u011bhem nemoci je doporu\u010deno ka\u017edodenn\u00ed pod\u00e1v\u00e1n\u00ed, denn\u00ed d\u00e1vku je lep\u0161\u00ed rozd\u011blit na n\u011bkolik d\u00edl\u010d\u00edch s odstupem n\u011bkolika hodin, oby\u010dejn\u011b na t\u0159i d\u00e1vky po osmi hodin\u00e1ch.<\/p>\n<p>ProBoost\u00ae Thymic Protein A lze u\u017e\u00edvat dlouhodob\u011b jako podporu norm\u00e1ln\u011b funguj\u00edc\u00edho imunitn\u00edho syst\u00e9mu.<\/p>\n<p class=\"has-text-align-center\" style=\"text-align: center;\"><strong>Zp\u016fsob aplikace:<\/strong><\/p>\n<p>ProBoost m\u00e1 podobu pr\u00e1\u0161ku a je ur\u010den k or\u00e1ln\u00ed aplikaci. Thymic Protein A (TPA) je glykoprotein a podl\u00e9h\u00e1 tud\u00ed\u017e \u010d\u00e1ste\u010dn\u011b destrukci v pr\u016fb\u011bhu tr\u00e1v\u00edc\u00edho procesu. P\u0159i dodr\u017een\u00ed doporu\u010den\u00e9ho d\u00e1vkov\u00e1n\u00ed penetruje dostate\u010dn\u00e9 mno\u017estv\u00ed intaktn\u00edch nepo\u0161kozen\u00fdch molekul do krevn\u00edho ob\u011bhu i kdy\u017e je poz\u0159en spolu s potravou. Vst\u0159eb\u00e1v\u00e1n\u00ed je mo\u017en\u00e9 zlep\u0161it rozpu\u0161t\u011bn\u00edm p\u0159\u00edmo na sliznici \u00fastn\u00ed dutiny. Z\u00e1le\u017e\u00ed na praktick\u00fdch mo\u017enostech pod\u00e1n\u00ed jednotliv\u00fdm druh\u016fm zv\u00ed\u0159at. Ide\u00e1ln\u00ed je rozpu\u0161t\u011bn\u00ed such\u00e9ho pr\u00e1\u0161ku nap\u0159\u00edklad p\u0159\u00edmo pod jazykem, dal\u0161\u00ed mo\u017enost\u00ed je jeho rozpu\u0161t\u011bn\u00ed v n\u011bkolika mililitrech vody nebo ml\u00e9ka u ml\u00e1\u010fat a aplikace po kapk\u00e1ch na vnit\u0159n\u00ed sliznici \u00fastn\u00ed dutiny, ide\u00e1ln\u011b pod jazyk. Pokud nen\u00ed pod\u00e1n\u00ed t\u00edmto zp\u016fsobem mo\u017en\u00e9, lze podat s potravou, nejl\u00e9pe takovou, kterou zv\u00ed\u0159e nehlt\u00e1, ale n\u011bjakou dobu zpracov\u00e1v\u00e1 zuby a jazykem (nasyp\u00e1n\u00ed a prom\u00edsen\u00ed s granulemi, nasyp\u00e1n\u00ed na kousky potravy..), aby se prodlou\u017eil kontakt se sliznicemi dutiny \u00fastn\u00ed.<\/p>\n<p class=\"has-text-align-center\" style=\"text-align: center;\"><strong>D\u00e1vkov\u00e1n\u00ed:<\/strong><\/p>\n<p>D\u00e1vkov\u00e1n\u00ed se \u0159\u00edd\u00ed zejm\u00e9na zdravotn\u00edm stavem zv\u00ed\u0159ete a do ur\u010dit\u00e9 m\u00edry i jeho hmotnost\u00ed a je pouze p\u0159ibli\u017en\u00fdm doporu\u010den\u00edm, kter\u00e9 lze empiricky upravovat tak, aby byl nastolen po\u017eadovan\u00fd efekt.<\/p>\n<p>Pro ko\u010dku nebo st\u0159edn\u011b velk\u00e9ho psa je doporu\u010den\u00e1 z\u00e1kladn\u00ed denn\u00ed d\u00e1vka na podporu imunity b\u011bhem nemoci 2 mcg TPA, co\u017e je p\u0159ibli\u017en\u011b p\u016fl s\u00e1\u010dku. Je vhodn\u00e9 jej\u00ed rozd\u011blen\u00ed alespo\u0148 na dv\u011b, l\u00e9pe t\u0159i d\u00edl\u010d\u00ed d\u00e1vky. P\u0159i dlouhodob\u00e9m pod\u00e1v\u00e1n\u00ed u chronicky oslaben\u00e9ho imunitn\u00edho syst\u00e9mu, jako je tomu nap\u0159\u00edklad u onemocn\u011bn\u00ed FeLV, FIV u ko\u010dek, kter\u00e9 jsou jinak celkov\u011b v dobr\u00e9m zdravotn\u00edm stavu posta\u010d\u00ed 1 mcg TPA. V p\u0159\u00edpad\u011b autoimunitn\u00edch nebo alergick\u00fdch onemocn\u011bn\u00ed m\u016f\u017ee d\u00e1vkov\u00e1n\u00ed kol\u00edsat dle pot\u0159eby vzhledem k aktu\u00e1ln\u00edmu stavu nemoci a environment\u00e1ln\u00edm podm\u00ednk\u00e1m, kter\u00e9 mnohou nap\u0159\u00edklad v\u00fdskytem alergen\u016f vyvolat zhor\u0161en\u00ed symptom\u016f. V ur\u010dit\u00e9m kontextu intenzity vn\u011bj\u0161\u00edch podn\u011bt\u016f nebo aktu\u00e1ln\u00edch projev\u016f nemoci je mo\u017en\u00e9 d\u00e1vkov\u00e1n\u00ed empiricky zvy\u0161ovat na dvoj a\u017e trojn\u00e1sobek a nebo naopak sni\u017eovat.<\/p>\n<p>Stejn\u011b tak lze s d\u00e1vkou pracovat dle aktu\u00e1ln\u00edho zdravotn\u00edho stavu u infek\u010dn\u00edch onemocn\u011bn\u00ed. Akutn\u00ed f\u00e1ze a zah\u00e1jen\u00ed pod\u00e1v\u00e1n\u00ed vy\u017eaduje vy\u0161\u0161\u00ed d\u00e1vkov\u00e1n\u00ed rozd\u011blen\u00e9 alespo\u0148 na 3 aplikace po 8 hodin\u00e1ch. Tato f\u00e1ze trv\u00e1 u akutn\u00ed infekce do \u00fastupu nejz\u00e1va\u017en\u011bj\u0161\u00edch p\u0159\u00edznak\u016f, u chronick\u00fdch infekc\u00ed alespo\u0148 t\u0159i dny, l\u00e9pe t\u00fdden. B\u011bhem rekonvalescence resp. remise m\u016f\u017ee b\u00fdt d\u00e1vka postupn\u011b sni\u017eov\u00e1na.<\/p>\n<p class=\"has-text-align-center\">\u00a0<\/p>\n<p style=\"text-align: center;\">Orienta\u010dn\u00ed z\u00e1kladn\u00ed d\u00e1vkov\u00e1n\u00ed:<\/p>\n<p style=\"text-align: center;\">D\u00e1vkov\u00e1n\u00ed pro zv\u00ed\u0159ata do 1 kg 0,5 \u2013 1mcg TPA\/den.<\/p>\n<p style=\"text-align: center;\">D\u00e1vkov\u00e1n\u00ed pro zv\u00ed\u0159ata do 50 kg je 2 \u2013 4 mcg TPA\/den<\/p>\n<p style=\"text-align: center;\">D\u00e1vkov\u00e1n\u00ed pro zv\u00ed\u0159ata od 50 do 100 kg je 4 \u2013 8 mcg TPA\/den<\/p>\n<p style=\"text-align: center;\">D\u00e1vkov\u00e1n\u00ed pro zv\u00ed\u0159ata vy\u0161\u0161\u00ed hmotnosti nad 100 kg je 4 mcg \/den na ka\u017ed\u00fdch 100 kg<\/p>\n<p>\u00a0<\/p>\n\t\t\n<style>\n#text-2001912498 {\n  color: rgb(0,0,0);\n}\n#text-2001912498 > * {\n  color: rgb(0,0,0);\n}\n<\/style>\n\t<\/div>\n\t\n<div class=\"text-center\"><div class=\"is-divider divider clearfix\" style=\"max-width:800px;background-color:rgb(168, 168, 172);\"><\/div><\/div>\n\n\t<div id=\"gap-313026000\" class=\"gap-element clearfix\" style=\"display:block; height:auto;\">\n\t\t\n<style>\n#gap-313026000 {\n  padding-top: 30px;\n}\n<\/style>\n\t<\/div>\n\t\n\n\t<div id=\"gap-1166452625\" class=\"gap-element clearfix\" style=\"display:block; height:auto;\">\n\t\t\n<style>\n#gap-1166452625 {\n  padding-top: 30px;\n}\n<\/style>\n\t<\/div>\n\t\n\n\n  <div class=\"banner has-hover bg-zoom has-parallax\" id=\"banner-1263002212\">\n          <div class=\"banner-inner fill\">\n        <div class=\"banner-bg fill\" data-parallax=\"-10\" data-parallax-container=\".banner\" data-parallax-background>\n            <img loading=\"lazy\" decoding=\"async\" width=\"1020\" height=\"848\" src=\"https:\/\/proboostnow.eu\/wp-content\/uploads\/2023\/02\/20211220_120309-1024x851.jpg\" class=\"bg attachment-large size-large\" alt=\"ProBoost\u00aeThymic Protein A \u2013 D\u00e1vkov\u00e1n\u00ed pro prevenci FIP\" \/>                                    \n                    <\/div>\n\t\t\n        <div class=\"banner-layers container\">\n            <div class=\"fill banner-link\"><\/div>            \n\n   <div id=\"text-box-344869491\" class=\"text-box banner-layer x50 md-x50 lg-x50 y50 md-y50 lg-y50 res-text\">\n                                <div class=\"text-box-content text dark\">\n              \n              <div class=\"text-inner text-center\">\n                  \n\n\t<div id=\"text-3405416714\" class=\"text\">\n\t\t\n\n<h1 class=\"entry-title\">ProBoost\u00aeThymic Protein A<\/h1>\n<h1 class=\"entry-title\">D\u00e1vkov\u00e1n\u00ed pro prevenci FIP<\/h1>\n\t\t\n<style>\n#text-3405416714 {\n  color: rgb(247, 0, 0);\n}\n#text-3405416714 > * {\n  color: rgb(247, 0, 0);\n}\n<\/style>\n\t<\/div>\n\t\n\t<div id=\"gap-1375851289\" class=\"gap-element clearfix\" style=\"display:block; height:auto;\">\n\t\t\n<style>\n#gap-1375851289 {\n  padding-top: 30px;\n}\n<\/style>\n\t<\/div>\n\t\n\n\t<div id=\"gap-554342653\" class=\"gap-element clearfix\" style=\"display:block; height:auto;\">\n\t\t\n<style>\n#gap-554342653 {\n  padding-top: 30px;\n}\n<\/style>\n\t<\/div>\n\t\n\n\t<div id=\"gap-230732527\" class=\"gap-element clearfix\" style=\"display:block; height:auto;\">\n\t\t\n<style>\n#gap-230732527 {\n  padding-top: 30px;\n}\n<\/style>\n\t<\/div>\n\t\n\n\t<div id=\"gap-1719531713\" class=\"gap-element clearfix\" style=\"display:block; height:auto;\">\n\t\t\n<style>\n#gap-1719531713 {\n  padding-top: 30px;\n}\n<\/style>\n\t<\/div>\n\t\n\n\t<div id=\"gap-1511909611\" class=\"gap-element clearfix\" style=\"display:block; height:auto;\">\n\t\t\n<style>\n#gap-1511909611 {\n  padding-top: 30px;\n}\n<\/style>\n\t<\/div>\n\t\n\n<a href=\"\/en_us\/proboostthymic-protein-a-davkovani-pro-prevenci-fip\/\" class=\"button alert\"  style=\"border-radius:10px;\">\n\t\t<span>Prevence FIP<\/span>\n\t<\/a>\n\n\n\n              <\/div>\n           <\/div>\n                            \n<style>\n#text-box-344869491 {\n  width: 90%;\n}\n#text-box-344869491 .text-box-content {\n  font-size: 100%;\n}\n<\/style>\n    <\/div>\n \n\n        <\/div>\n      <\/div>\n\n            \n<style>\n#banner-1263002212 {\n  padding-top: 500px;\n}\n#banner-1263002212 .banner-bg img {\n  object-position: 20% 72%;\n}\n<\/style>\n  <\/div>","protected":false},"excerpt":{"rendered":"","protected":false},"author":2,"featured_media":0,"parent":0,"menu_order":0,"comment_status":"closed","ping_status":"closed","template":"","meta":{"footnotes":""},"class_list":["post-1503","page","type-page","status-publish","hentry"],"jetpack_sharing_enabled":true,"_links":{"self":[{"href":"https:\/\/proboostnow.eu\/en_us\/wp-json\/wp\/v2\/pages\/1503","targetHints":{"allow":["GET"]}}],"collection":[{"href":"https:\/\/proboostnow.eu\/en_us\/wp-json\/wp\/v2\/pages"}],"about":[{"href":"https:\/\/proboostnow.eu\/en_us\/wp-json\/wp\/v2\/types\/page"}],"author":[{"embeddable":true,"href":"https:\/\/proboostnow.eu\/en_us\/wp-json\/wp\/v2\/users\/2"}],"replies":[{"embeddable":true,"href":"https:\/\/proboostnow.eu\/en_us\/wp-json\/wp\/v2\/comments?post=1503"}],"version-history":[{"count":0,"href":"https:\/\/proboostnow.eu\/en_us\/wp-json\/wp\/v2\/pages\/1503\/revisions"}],"wp:attachment":[{"href":"https:\/\/proboostnow.eu\/en_us\/wp-json\/wp\/v2\/media?parent=1503"}],"curies":[{"name":"wp","href":"https:\/\/api.w.org\/{rel}","templated":true}]}}