{"id":1521,"date":"2023-02-21T18:12:40","date_gmt":"2023-02-21T18:12:40","guid":{"rendered":"https:\/\/scivetim.eu\/?page_id=1521"},"modified":"2023-06-03T14:04:05","modified_gmt":"2023-06-03T14:04:05","slug":"je-proboost-lek","status":"publish","type":"page","link":"https:\/\/proboostnow.eu\/en_us\/je-proboost-lek\/","title":{"rendered":"Je ProBoost l\u00e9k?"},"content":{"rendered":"<div class=\"banner has-hover bg-zoom\" id=\"banner-1619354024\">\n          <div class=\"banner-inner fill\">\n        <div class=\"banner-bg fill\" >\n            <img loading=\"lazy\" decoding=\"async\" width=\"1020\" height=\"510\" src=\"https:\/\/proboostnow.eu\/wp-content\/uploads\/2023\/02\/dna-gf9224cde8_1920-1024x512.jpg\" class=\"bg attachment-large size-large\" alt=\"Je proboost l\u00e9k?\" \/>                                    \n                    <\/div>\n\t\t\n        <div class=\"banner-layers container\">\n            <div class=\"fill banner-link\"><\/div>            \n\n   <div id=\"text-box-846902039\" class=\"text-box banner-layer x50 md-x50 lg-x50 y50 md-y50 lg-y50 res-text\">\n                                <div class=\"text-box-content text dark\">\n              \n              <div class=\"text-inner text-center\">\n                  \n\n<h1>Je ProBoost l\u00e9k?<\/h1>\n\n              <\/div>\n           <\/div>\n                            \n<style>\n#text-box-846902039 {\n  width: 60%;\n}\n#text-box-846902039 .text-box-content {\n  font-size: 100%;\n}\n<\/style>\n    <\/div>\n \n\n        <\/div>\n      <\/div>\n\n            \n<style>\n#banner-1619354024 {\n  padding-top: 500px;\n}\n#banner-1619354024 .banner-bg img {\n  object-position: 0% 35%;\n}\n<\/style>\n  <\/div>\n\n\n\t<div id=\"gap-1078190610\" class=\"gap-element clearfix\" style=\"display:block; height:auto;\">\n\t\t\n<style>\n#gap-1078190610 {\n  padding-top: 30px;\n}\n<\/style>\n\t<\/div>\n\t\n\n\t<div id=\"gap-597997346\" class=\"gap-element clearfix\" style=\"display:block; height:auto;\">\n\t\t\n<style>\n#gap-597997346 {\n  padding-top: 30px;\n}\n<\/style>\n\t<\/div>\n\t\n\n\t<div id=\"gap-1780215921\" class=\"gap-element clearfix\" style=\"display:block; height:auto;\">\n\t\t\n<style>\n#gap-1780215921 {\n  padding-top: 30px;\n}\n<\/style>\n\t<\/div>\n\t\n\n\t<div id=\"gap-1807024785\" class=\"gap-element clearfix\" style=\"display:block; height:auto;\">\n\t\t\n<style>\n#gap-1807024785 {\n  padding-top: 30px;\n}\n<\/style>\n\t<\/div>\n\t\n\n\t<div id=\"text-2731580316\" class=\"text\">\n\t\t\n\n<p>ProBoost\u00aeThymic Protein A nen\u00ed l\u00e9k. TPA je p\u0159\u00edrodn\u00ed p\u0159irozen\u011b se vyskytuj\u00edc\u00ed l\u00e1tka v t\u011blech lid\u00ed a zv\u00ed\u0159at. ProBoost\u00aeThymic Protein A obsahuje stejn\u00fd protein, je\u017e je produkovan\u00fd brzl\u00edkem ka\u017ed\u00e9ho zdrav\u00e9ho organismu a p\u0159irozen\u011b reguluje imunitn\u00ed syst\u00e9m. Jeho genetick\u00fd k\u00f3d je veps\u00e1n do d\u011bdi\u010dn\u00e9 informace ka\u017ed\u00e9ho jedince.<\/p>\n<p>Pro\u010d je tedy t\u0159eba ho doplnit, kdy\u017e je v t\u011ble b\u011b\u017en\u00fd? D\u016fvody jsou dva. Jednak m\u016f\u017ee n\u011bkdy imunitn\u011b oslaben\u00fd organismus trp\u011bt nedostatkem n\u011bkter\u00fdch slo\u017eek imunitn\u00edho procesu a TPA, jako informa\u010dn\u00ed molekula m\u016f\u017ee pomoci stav napravit, jednak s v\u011bkem ub\u00fdv\u00e1 produk\u010dn\u00ed aktivita brzl\u00edku, kter\u00fd je m\u00edstem, kde TPA vznik\u00e1. Proto je ve vy\u0161\u0161\u00edm v\u011bku vhodn\u00e9 zabezpe\u010dit dostatek zral\u00fdch lymfocyt\u016f pro spr\u00e1vnou \u010dinnost imunity pod\u00e1n\u00edm TPA.<\/p>\n<div class=\"blog-share text-center\">\u00a0<\/div>\n\t\t\n<style>\n#text-2731580316 {\n  color: rgb(0,0,0);\n}\n#text-2731580316 > * {\n  color: rgb(0,0,0);\n}\n<\/style>\n\t<\/div>","protected":false},"excerpt":{"rendered":"","protected":false},"author":2,"featured_media":0,"parent":0,"menu_order":0,"comment_status":"closed","ping_status":"closed","template":"","meta":{"footnotes":""},"class_list":["post-1521","page","type-page","status-publish","hentry"],"jetpack_sharing_enabled":true,"_links":{"self":[{"href":"https:\/\/proboostnow.eu\/en_us\/wp-json\/wp\/v2\/pages\/1521","targetHints":{"allow":["GET"]}}],"collection":[{"href":"https:\/\/proboostnow.eu\/en_us\/wp-json\/wp\/v2\/pages"}],"about":[{"href":"https:\/\/proboostnow.eu\/en_us\/wp-json\/wp\/v2\/types\/page"}],"author":[{"embeddable":true,"href":"https:\/\/proboostnow.eu\/en_us\/wp-json\/wp\/v2\/users\/2"}],"replies":[{"embeddable":true,"href":"https:\/\/proboostnow.eu\/en_us\/wp-json\/wp\/v2\/comments?post=1521"}],"version-history":[{"count":0,"href":"https:\/\/proboostnow.eu\/en_us\/wp-json\/wp\/v2\/pages\/1521\/revisions"}],"wp:attachment":[{"href":"https:\/\/proboostnow.eu\/en_us\/wp-json\/wp\/v2\/media?parent=1521"}],"curies":[{"name":"wp","href":"https:\/\/api.w.org\/{rel}","templated":true}]}}