{"id":1525,"date":"2023-02-21T18:46:05","date_gmt":"2023-02-21T18:46:05","guid":{"rendered":"https:\/\/scivetim.eu\/?page_id=1525"},"modified":"2023-02-21T18:51:59","modified_gmt":"2023-02-21T18:51:59","slug":"pri-vyrobe-neumiraji-zadna-zvirata","status":"publish","type":"page","link":"https:\/\/proboostnow.eu\/en_us\/pri-vyrobe-neumiraji-zadna-zvirata\/","title":{"rendered":"P\u0158I V\u00ddROB\u011a NEUM\u00cdRAJ\u00cd \u017d\u00c1DN\u00c1 ZV\u00cd\u0158ATA"},"content":{"rendered":"<div class=\"banner has-hover\" id=\"banner-1964508215\">\n          <div class=\"banner-inner fill\">\n        <div class=\"banner-bg fill\" >\n            <img loading=\"lazy\" decoding=\"async\" width=\"1020\" height=\"680\" src=\"https:\/\/proboostnow.eu\/wp-content\/uploads\/2023\/02\/cow-g33123ed22_1920-1024x683.jpg\" class=\"bg attachment-large size-large\" alt=\"P\u0158I V\u00ddROB\u011a Proboostu NEUM\u00cdRAJ\u00cd \u017d\u00c1DN\u00c1 ZV\u00cd\u0158ATA\" \/>                                    \n                    <\/div>\n\t\t\n        <div class=\"banner-layers container\">\n            <div class=\"fill banner-link\"><\/div>            \n\n   <div id=\"text-box-1768952956\" class=\"text-box banner-layer x50 md-x50 lg-x50 y50 md-y50 lg-y50 res-text\">\n                                <div class=\"text-box-content text dark\">\n              \n              <div class=\"text-inner text-center\">\n                  \n\n<h1 class=\"entry-title\">P\u0158I V\u00ddROB\u011a NEUM\u00cdRAJ\u00cd \u017d\u00c1DN\u00c1 ZV\u00cd\u0158ATA<\/h1>\n<p>\u00a0<\/p>\n\n              <\/div>\n           <\/div>\n                            \n<style>\n#text-box-1768952956 {\n  width: 60%;\n}\n#text-box-1768952956 .text-box-content {\n  font-size: 100%;\n}\n<\/style>\n    <\/div>\n \n\n        <\/div>\n      <\/div>\n\n            \n<style>\n#banner-1964508215 {\n  padding-top: 500px;\n}\n<\/style>\n  <\/div>\n\n\n\t<div id=\"gap-1228318356\" class=\"gap-element clearfix\" style=\"display:block; height:auto;\">\n\t\t\n<style>\n#gap-1228318356 {\n  padding-top: 30px;\n}\n<\/style>\n\t<\/div>\n\t\n\n\t<div id=\"gap-209705953\" class=\"gap-element clearfix\" style=\"display:block; height:auto;\">\n\t\t\n<style>\n#gap-209705953 {\n  padding-top: 30px;\n}\n<\/style>\n\t<\/div>\n\t\n\n\t<div id=\"gap-1458599813\" class=\"gap-element clearfix\" style=\"display:block; height:auto;\">\n\t\t\n<style>\n#gap-1458599813 {\n  padding-top: 30px;\n}\n<\/style>\n\t<\/div>\n\t\n\n\t<div id=\"text-1386913892\" class=\"text\">\n\t\t\n\n<p class=\"has-text-align-center\">Na rozd\u00edl od v\u00fdrobk\u016f s obsahem brzl\u00edkov\u00fdch protein\u016f extrahovan\u00fdch p\u0159\u00edmo z brzl\u00edk\u016f zv\u00ed\u0159ec\u00edch ml\u00e1\u010fat po jejich por\u00e1\u017ece p\u0159i v\u00fdrob\u011b ProBoostu neum\u00edraj\u00ed \u017e\u00e1dn\u00ed \u017eivo\u010dichov\u00e9.\u00a0Prvn\u00edmu tel\u00e1tku byl odebr\u00e1n mal\u00fd vzorek brzl\u00edkov\u00e9 tk\u00e1n\u011b v celkov\u00e9 anestezii.\u00a0Od t\u00e9 doby jsou jeho bu\u0148ky p\u011bstov\u00e1ny um\u011ble ve tk\u00e1\u0148ov\u00e9 kultu\u0159e v laborato\u0159i.<\/p>\n<p class=\"has-text-align-center\">ProBoost\u00ae Thymic Protein A neobsahuje l\u00e1tky, kter\u00e9 jsou pro zv\u00ed\u0159ata, jejich\u017e produkty jsou ur\u010deny k v\u00fd\u017eiv\u011b lid\u00ed, zak\u00e1zan\u00e9 nebo l\u00e1tky farmakologicky \u00fa\u010dinn\u00e9.<\/p>\n<p class=\"has-text-align-center\">ProBoost\u00ae Thymic Protein A neobsahuje omamn\u00e9 a psychotropn\u00ed l\u00e1tky ani patogenn\u00ed mikroorganismy, v\u010detn\u011b patogenn\u00edch pl\u00edsn\u00ed nebo mikroorganism\u016f podm\u00edn\u011bn\u011b patogenn\u00edch.<\/p>\n<p class=\"has-text-align-center\">Spl\u0148uje po\u017eadavky na bezpe\u010dnost vztahuj\u00edc\u00ed se k p\u016fvodc\u016fm p\u0159enosn\u00fdch spongiformn\u00edch encefalopati\u00ed.<\/p>\n<p class=\"has-text-align-center\">ProBoost\u00ae Thymic Protein A neobsahuje p\u0161enici ani ml\u00e9\u010dn\u00e9 v\u00fdrobky ani \u017e\u00e1dn\u00e9 jin\u00e9 dal\u0161\u00ed potenci\u00e1ln\u00ed alergeny, neobsahuje GMO ani \u017e\u00e1dn\u00e9 toxick\u00e9 chemick\u00e9 slou\u010deniny, maltodextrin je vyr\u00e1b\u011bn\u00fd z kuku\u0159ice.<\/p>\n\t\t\n<style>\n#text-1386913892 {\n  color: rgb(0,0,0);\n}\n#text-1386913892 > * {\n  color: rgb(0,0,0);\n}\n<\/style>\n\t<\/div>","protected":false},"excerpt":{"rendered":"","protected":false},"author":2,"featured_media":0,"parent":0,"menu_order":0,"comment_status":"closed","ping_status":"closed","template":"","meta":{"footnotes":""},"class_list":["post-1525","page","type-page","status-publish","hentry"],"jetpack_sharing_enabled":true,"_links":{"self":[{"href":"https:\/\/proboostnow.eu\/en_us\/wp-json\/wp\/v2\/pages\/1525","targetHints":{"allow":["GET"]}}],"collection":[{"href":"https:\/\/proboostnow.eu\/en_us\/wp-json\/wp\/v2\/pages"}],"about":[{"href":"https:\/\/proboostnow.eu\/en_us\/wp-json\/wp\/v2\/types\/page"}],"author":[{"embeddable":true,"href":"https:\/\/proboostnow.eu\/en_us\/wp-json\/wp\/v2\/users\/2"}],"replies":[{"embeddable":true,"href":"https:\/\/proboostnow.eu\/en_us\/wp-json\/wp\/v2\/comments?post=1525"}],"version-history":[{"count":0,"href":"https:\/\/proboostnow.eu\/en_us\/wp-json\/wp\/v2\/pages\/1525\/revisions"}],"wp:attachment":[{"href":"https:\/\/proboostnow.eu\/en_us\/wp-json\/wp\/v2\/media?parent=1525"}],"curies":[{"name":"wp","href":"https:\/\/api.w.org\/{rel}","templated":true}]}}