{"id":1607,"date":"2023-02-22T22:07:50","date_gmt":"2023-02-22T22:07:50","guid":{"rendered":"https:\/\/scivetim.eu\/?page_id=1607"},"modified":"2023-02-22T22:38:42","modified_gmt":"2023-02-22T22:38:42","slug":"thymic-protein-a-stimuluje-hematopoezu","status":"publish","type":"page","link":"https:\/\/proboostnow.eu\/en_us\/thymic-protein-a-stimuluje-hematopoezu\/","title":{"rendered":"Thymic Protein A stimuluje hematopo\u00e9zu"},"content":{"rendered":"<div class=\"banner has-hover\" id=\"banner-1557990368\">\n          <div class=\"banner-inner fill\">\n        <div class=\"banner-bg fill\" >\n            <img loading=\"lazy\" decoding=\"async\" width=\"1020\" height=\"510\" src=\"https:\/\/proboostnow.eu\/wp-content\/uploads\/2023\/02\/blood-g688ab4574_1920-e1677104053911-1024x512.jpg\" class=\"bg attachment-large size-large\" alt=\"ProBoost stimuluje hematopo\u00e9zu\" \/>                                    \n                    <\/div>\n\t\t\n        <div class=\"banner-layers container\">\n            <div class=\"fill banner-link\"><\/div>            \n\n   <div id=\"text-box-73569231\" class=\"text-box banner-layer x50 md-x50 lg-x50 y50 md-y50 lg-y50 res-text\">\n                                <div class=\"text-box-content text dark\">\n              \n              <div class=\"text-inner text-center\">\n                  \n\n<h1><b>ProBoost stimuluje hematopo\u00e9zu<\/b><\/h1>\n<p>\u00a0<\/p>\n\n              <\/div>\n           <\/div>\n                            \n<style>\n#text-box-73569231 {\n  width: 60%;\n}\n#text-box-73569231 .text-box-content {\n  font-size: 100%;\n}\n<\/style>\n    <\/div>\n \n\n        <\/div>\n      <\/div>\n\n            \n<style>\n#banner-1557990368 {\n  padding-top: 500px;\n}\n<\/style>\n  <\/div>\n\n\n\t<div id=\"gap-127725160\" class=\"gap-element clearfix\" style=\"display:block; height:auto;\">\n\t\t\n<style>\n#gap-127725160 {\n  padding-top: 30px;\n}\n<\/style>\n\t<\/div>\n\t\n\n\t<div id=\"gap-707527648\" class=\"gap-element clearfix\" style=\"display:block; height:auto;\">\n\t\t\n<style>\n#gap-707527648 {\n  padding-top: 30px;\n}\n<\/style>\n\t<\/div>\n\t\n\n\t<div id=\"gap-28776373\" class=\"gap-element clearfix\" style=\"display:block; height:auto;\">\n\t\t\n<style>\n#gap-28776373 {\n  padding-top: 30px;\n}\n<\/style>\n\t<\/div>\n\t\n\n\t<div id=\"text-1689055869\" class=\"text\">\n\t\t\n\n<h5 style=\"text-align: center;\"><span style=\"font-family: Liberation Serif, serif;\"><span style=\"font-size: medium;\">TPA pozitivn\u011b ovliv\u0148uje hematopo\u00e9zu prost\u0159ednictv\u00edm stimulace CD4+ lymfocyt\u016f. CD4+ lymfocyty reguluj\u00ed produkci v\u0161ech typ\u016f krevn\u00edch bun\u011bk v kostn\u00ed d\u0159eni, v\u010detn\u011b \u010derven\u00fdch krvinek, krevn\u00edch desti\u010dek a granulocyt\u016f.<\/span><\/span><\/h5>\n<p><span style=\"font-family: Liberation Serif, serif;\"><span style=\"font-size: medium;\">TPA pozitivn\u011b ovliv\u0148uje hematopo\u00e9zu prost\u0159ednictv\u00edm stimulace CD4+ lymfocyt\u016f. CD4+ lymfocyty reguluj\u00ed produkci v\u0161ech typ\u016f krevn\u00edch bun\u011bk v kostn\u00ed d\u0159eni, v\u010detn\u011b \u010derven\u00fdch krvinek, krevn\u00edch desti\u010dek a granulocyt\u016f. Deficit CD-4 lymfocyt\u016f by tedy mohl v\u00e9st k pancytopenii pozorovan\u00e9 u subjekt\u016f s oslabenou imunitou, v\u010detn\u011b pacient\u016f s rakovinou podstupuj\u00edc\u00edch chemoterapii nebo u virov\u00fdch nebo jinak chemicky vyvolan\u00fdch stav\u016f. TPA je nezbytn\u00fd pro stimulaci zral\u00fdch T-lymfocyt\u016f, co\u017e vede ke zv\u00fd\u0161en\u00e9 antivirov\u00e9 nebo protin\u00e1dorov\u00e9 aktivit\u011b. Je pops\u00e1na jeho \u00fa\u010dinnost pro l\u00e9\u010dbu stav\u016f charakterizovan\u00fdch nedostatkem alespo\u0148 jednoho typu krevn\u00edch bun\u011bk vybran\u00fdch ze skupiny sest\u00e1vaj\u00edc\u00ed z \u010derven\u00fdch krvinek, krevn\u00edch desti\u010dek a granulocyt\u016f. TPA poskytuje \u00falevu od t\u011bchto stav\u016f t\u00edm, \u017ee stimuluje tvorbu v\u00edce krevn\u00edch bun\u011bk pr\u00e1v\u011b toho typu, kter\u00fd je pot\u0159ebn\u00fd ke zm\u00edrn\u011bn\u00ed takov\u00e9ho nedostatku :<\/span><\/span><\/p>\n<p>\u00a0<span style=\"font-family: Liberation Serif, serif;\">My\u0161i byly l\u00e9\u010deny chemoterapeutick\u00fdm \u010dinidlem samotn\u00fdm nebo \u010dinidlem plus TPA. Hladiny krevn\u00edch desti\u010dek pak byly stanoveny pro ka\u017ed\u00fd subjekt ka\u017ed\u00fdch n\u011bkolik dn\u00ed po l\u00e9\u010db\u011b. \u010cty\u0159i dny po l\u00e9\u010db\u011b v\u0161echna zv\u00ed\u0159ata vykazovala podstatn\u00fd pokles hladin krevn\u00edch desti\u010dek v pr\u016fm\u011bru na m\u00e9n\u011b ne\u017e polovinu \u00farovn\u011b p\u0159ed l\u00e9\u010dbou. N\u00e1sledn\u011b subjekty, kter\u00e9 nedostaly TPA vykazovaly malou zm\u011bnu od 4. do 19. dne. Subjekty l\u00e9\u010den\u00e9 TPA vykazovaly statisticky v\u00fdznamn\u00e9 zlep\u0161en\u00ed hladin krevn\u00edch desti\u010dek do 7. dne a do 13. dne se jejich krevn\u00ed desti\u010dky vr\u00e1tily na \u00farove\u0148 p\u0159ed l\u00e9\u010dbou. My\u0161i, kter\u00e9 dost\u00e1valy TPA spolu s chemoterapi\u00ed, se zotavily na \u00farove\u0148 po\u010dtu krevn\u00edch desti\u010dek p\u0159ed l\u00e9\u010dbou b\u011bhem p\u0159ibli\u017en\u011b dvou t\u00fddn\u016f, zat\u00edmco my\u0161i, kter\u00e9 nedost\u00e1valy TPA vykazovaly po 19 dnech malou obnovu hladin krevn\u00edch desti\u010dek.<\/span><\/p>\n<p>zdroj: https:\/\/patents.google.com\/patent\/US20070190025A1\/en<\/p>\n\t\t\n<style>\n#text-1689055869 {\n  color: rgb(0,0,0);\n}\n#text-1689055869 > * {\n  color: rgb(0,0,0);\n}\n<\/style>\n\t<\/div>\n\t\n\t<div id=\"gap-216695976\" class=\"gap-element clearfix\" style=\"display:block; height:auto;\">\n\t\t\n<style>\n#gap-216695976 {\n  padding-top: 30px;\n}\n<\/style>\n\t<\/div>\n\t\n\n\t<div id=\"gap-1874151044\" class=\"gap-element clearfix\" style=\"display:block; height:auto;\">\n\t\t\n<style>\n#gap-1874151044 {\n  padding-top: 30px;\n}\n<\/style>\n\t<\/div>\n\t\n\n\t<div id=\"gap-2120329010\" class=\"gap-element clearfix\" style=\"display:block; height:auto;\">\n\t\t\n<style>\n#gap-2120329010 {\n  padding-top: 30px;\n}\n<\/style>\n\t<\/div>\n\t\n\n\t<div id=\"gap-2124152691\" class=\"gap-element clearfix\" style=\"display:block; height:auto;\">\n\t\t\n<style>\n#gap-2124152691 {\n  padding-top: 30px;\n}\n<\/style>\n\t<\/div>\n\t\n\n\t<div id=\"text-1556965063\" class=\"text\">\n\t\t\n\n<h5 style=\"text-align: center;\">Schema ukazuje stimulaci kmenov\u00fdch bun\u011bk kostn\u00ed d\u0159en\u011b aktivovan\u00fdm Th lymfocytem k produkci erytrocyt\u016f a dal\u0161\u00edch bun\u011b\u010dn\u00fdch element\u016f.\u00a0<\/h5>\n\t\t\n<style>\n#text-1556965063 {\n  color: rgb(0,0,0);\n}\n#text-1556965063 > * {\n  color: rgb(0,0,0);\n}\n<\/style>\n\t<\/div>\n\t\n\t<div id=\"gap-245515251\" class=\"gap-element clearfix\" style=\"display:block; height:auto;\">\n\t\t\n<style>\n#gap-245515251 {\n  padding-top: 30px;\n}\n<\/style>\n\t<\/div>\n\t\n\n\t<div id=\"gap-1652685460\" class=\"gap-element clearfix\" style=\"display:block; height:auto;\">\n\t\t\n<style>\n#gap-1652685460 {\n  padding-top: 30px;\n}\n<\/style>\n\t<\/div>\n\t\n\n\t<div id=\"gap-782952789\" class=\"gap-element clearfix\" style=\"display:block; height:auto;\">\n\t\t\n<style>\n#gap-782952789 {\n  padding-top: 30px;\n}\n<\/style>\n\t<\/div>\n\t\n\n\t<div class=\"img has-hover x md-x lg-x y md-y lg-y\" id=\"image_186553796\">\n\t\t\t\t\t\t\t\t<div class=\"img-inner box-shadow-5 dark\" >\n\t\t\t<img loading=\"lazy\" decoding=\"async\" width=\"1020\" height=\"1020\" src=\"https:\/\/proboostnow.eu\/wp-content\/uploads\/2023\/02\/Cytokinova_signalizace-CD-lymfocyt-1024x1024.png\" class=\"attachment-large size-large\" alt=\"\" srcset=\"https:\/\/proboostnow.eu\/wp-content\/uploads\/2023\/02\/Cytokinova_signalizace-CD-lymfocyt.png 1024w, https:\/\/proboostnow.eu\/wp-content\/uploads\/2023\/02\/Cytokinova_signalizace-CD-lymfocyt-100x100.png 100w, https:\/\/proboostnow.eu\/wp-content\/uploads\/2023\/02\/Cytokinova_signalizace-CD-lymfocyt-510x510.png 510w, https:\/\/proboostnow.eu\/wp-content\/uploads\/2023\/02\/Cytokinova_signalizace-CD-lymfocyt-300x300.png 300w, https:\/\/proboostnow.eu\/wp-content\/uploads\/2023\/02\/Cytokinova_signalizace-CD-lymfocyt-150x150.png 150w, https:\/\/proboostnow.eu\/wp-content\/uploads\/2023\/02\/Cytokinova_signalizace-CD-lymfocyt-768x768.png 768w, https:\/\/proboostnow.eu\/wp-content\/uploads\/2023\/02\/Cytokinova_signalizace-CD-lymfocyt-12x12.png 12w, https:\/\/proboostnow.eu\/wp-content\/uploads\/2023\/02\/Cytokinova_signalizace-CD-lymfocyt-500x500.png 500w, https:\/\/proboostnow.eu\/wp-content\/uploads\/2023\/02\/Cytokinova_signalizace-CD-lymfocyt-800x800.png 800w\" sizes=\"auto, (max-width: 1020px) 100vw, 1020px\" \/>\t\t\t\t\t\t\n\t\t\t\t\t<\/div>\n\t\t\t\t\t\t\t\t\n<style>\n#image_186553796 {\n  width: 100%;\n}\n<\/style>\n\t<\/div>\n\t\n\n\t<div id=\"gap-1569961453\" class=\"gap-element clearfix\" style=\"display:block; height:auto;\">\n\t\t\n<style>\n#gap-1569961453 {\n  padding-top: 30px;\n}\n<\/style>\n\t<\/div>\n\t\n\n\t<div id=\"text-2646959031\" class=\"text\">\n\t\t\n\n<p style=\"text-align: right;\"><a title=\"U\u017eivatel:M44gz\" href=\"https:\/\/www.wikiskripta.eu\/w\/U%C5%BEivatel:M44gz\">autor M44gz<\/a><\/p>\n\t\t\n<style>\n#text-2646959031 {\n  font-size: 0.75rem;\n  line-height: 0.75;\n}\n<\/style>\n\t<\/div>\n\t\n\t<div id=\"gap-1344354876\" class=\"gap-element clearfix\" style=\"display:block; height:auto;\">\n\t\t\n<style>\n#gap-1344354876 {\n  padding-top: 30px;\n}\n<\/style>\n\t<\/div>","protected":false},"excerpt":{"rendered":"","protected":false},"author":2,"featured_media":0,"parent":0,"menu_order":0,"comment_status":"closed","ping_status":"closed","template":"","meta":{"footnotes":""},"class_list":["post-1607","page","type-page","status-publish","hentry"],"jetpack_sharing_enabled":true,"_links":{"self":[{"href":"https:\/\/proboostnow.eu\/en_us\/wp-json\/wp\/v2\/pages\/1607","targetHints":{"allow":["GET"]}}],"collection":[{"href":"https:\/\/proboostnow.eu\/en_us\/wp-json\/wp\/v2\/pages"}],"about":[{"href":"https:\/\/proboostnow.eu\/en_us\/wp-json\/wp\/v2\/types\/page"}],"author":[{"embeddable":true,"href":"https:\/\/proboostnow.eu\/en_us\/wp-json\/wp\/v2\/users\/2"}],"replies":[{"embeddable":true,"href":"https:\/\/proboostnow.eu\/en_us\/wp-json\/wp\/v2\/comments?post=1607"}],"version-history":[{"count":0,"href":"https:\/\/proboostnow.eu\/en_us\/wp-json\/wp\/v2\/pages\/1607\/revisions"}],"wp:attachment":[{"href":"https:\/\/proboostnow.eu\/en_us\/wp-json\/wp\/v2\/media?parent=1607"}],"curies":[{"name":"wp","href":"https:\/\/api.w.org\/{rel}","templated":true}]}}