{"id":1709,"date":"2023-02-25T19:48:53","date_gmt":"2023-02-25T19:48:53","guid":{"rendered":"https:\/\/scivetim.eu\/?page_id=1709"},"modified":"2023-06-05T19:43:25","modified_gmt":"2023-06-05T19:43:25","slug":"fip-lecba-15-mg-kg-deset-davek-antivirotika-proboost","status":"publish","type":"page","link":"https:\/\/proboostnow.eu\/en_us\/fip-lecba-15-mg-kg-deset-davek-antivirotika-proboost\/","title":{"rendered":"<strong>FIP &#8211; l\u00e9\u010dba 15 mg\/kg, deset d\u00e1vek antivirotika + ProBoost<\/strong>"},"content":{"rendered":"<div class=\"row\"  id=\"row-1579218073\">\n\n\n\t<div id=\"col-1650588022\" class=\"col medium-6 small-12 large-6\"  >\n\t\t\t\t<div class=\"col-inner\"  >\n\t\t\t\n\t\t\t\n\n\t<div class=\"img has-hover x md-x lg-x y md-y lg-y\" id=\"image_1702419310\">\n\t\t\t\t\t\t\t\t<div class=\"img-inner dark\" >\n\t\t\t<img loading=\"lazy\" decoding=\"async\" width=\"684\" height=\"1024\" src=\"https:\/\/proboostnow.eu\/wp-content\/uploads\/2023\/02\/10x15--684x1024.jpg\" class=\"attachment-large size-large\" alt=\"\" srcset=\"https:\/\/proboostnow.eu\/wp-content\/uploads\/2023\/02\/10x15--684x1024.jpg 684w, https:\/\/proboostnow.eu\/wp-content\/uploads\/2023\/02\/10x15--510x763.jpg 510w, https:\/\/proboostnow.eu\/wp-content\/uploads\/2023\/02\/10x15--200x300.jpg 200w, https:\/\/proboostnow.eu\/wp-content\/uploads\/2023\/02\/10x15--768x1149.jpg 768w, https:\/\/proboostnow.eu\/wp-content\/uploads\/2023\/02\/10x15--8x12.jpg 8w, https:\/\/proboostnow.eu\/wp-content\/uploads\/2023\/02\/10x15--500x748.jpg 500w, https:\/\/proboostnow.eu\/wp-content\/uploads\/2023\/02\/10x15--800x1197.jpg 800w, https:\/\/proboostnow.eu\/wp-content\/uploads\/2023\/02\/10x15-.jpg 941w\" sizes=\"auto, (max-width: 684px) 100vw, 684px\" \/>\t\t\t\t\t\t\n\t\t\t\t\t<\/div>\n\t\t\t\t\t\t\t\t\n<style>\n#image_1702419310 {\n  width: 100%;\n}\n<\/style>\n\t<\/div>\n\t\n\n<p>foto ilustra\u010dn\u00ed<\/p>\n\n\t\t<\/div>\n\t\t\t\t\t<\/div>\n\n\t\n\n\t<div id=\"col-416608851\" class=\"col medium-6 small-12 large-6\"  >\n\t\t\t\t<div class=\"col-inner\"  >\n\t\t\t\n\t\t\t\n\n\t<div id=\"text-1810310548\" class=\"text\">\n\t\t\n\n<div class=\"x1e56ztr\"><span class=\"x193iq5w xeuugli x13faqbe x1vvkbs x1xmvt09 x6prxxf xvq8zen xo1l8bm xzsf02u\">Dv\u011b opu\u0161t\u011bn\u00e1 a v\u00e1\u017en\u011b nemocn\u00e1 ko\u0165ata. Podle v\u00fdvoje byl v\u011bk odhadnut\u00fd na zhruba 4 m\u011bs\u00edce, hmotnost asi 600g. U jednoho ze sourozenc\u016f bylo p\u0159istoupeno k euthanasii pro klinick\u00fd stav, kter\u00fd p\u0159ekro\u010dil hranici slu\u010ditelnou se \u017eivotem a ne\u00fanosn\u00e9 utrpen\u00ed. Vzhledem k jeho posti\u017een\u00ed CNS a diagn\u00f3ze mokr\u00e1 FIP u p\u0159e\u017eiv\u0161\u00edho kot\u011bte byla nav\u00edc v jeho p\u0159\u00edpad\u011b nasnad\u011b suspektn\u00ed neurologick\u00e1 forma FIP. L\u00e9\u010dba antivirotiky u druh\u00e9ho kot\u011bte podle protokolu z finan\u010dn\u00edch d\u016fvod\u016f nebyla \u00fanosn\u00e1. Proto byl navr\u017een riskantn\u00ed postup, nicm\u00e9n\u011b ur\u010dit\u011b lep\u0161\u00ed ne\u017e milosrdn\u00e9 usmrcen\u00ed.<\/span><\/div>\n<div class=\"x1e56ztr\"><span class=\"x193iq5w xeuugli x13faqbe x1vvkbs x1xmvt09 x6prxxf xvq8zen xo1l8bm xzsf02u\">Kot\u011b bylo v\u00fdrazn\u011b ikterick\u00e9 s abdomin\u00e1ln\u00ed efuz\u00ed p\u0159i punkci \u017elut\u00e9 barvy, sliznice bled\u00e9, kachektick\u00e9, dehydratovan\u00e9, o\u010di a nos s hnisav\u00fdm sekretem&#8230; Odb\u011br krve nebyl mo\u017en\u00fd pro extr\u00e9mn\u00ed dehydrataci a nulovou socializaci kot\u011bte, kter\u00e9 se z posledn\u00edch sil br\u00e1nilo. U antivirotika byla navr\u017eena d\u00e1vka 15 mg\/kg, co\u017e p\u0159i jeho hmotnosti bylo p\u0159ijateln\u00e9 a od prvn\u00edho dne nasazen\u00fd ProBoost, kter\u00fd jsme majitelce v\u011bnovali. Pod\u00e1vala \u010dtvrt a\u017e p\u016fl s\u00e1\u010dku na den v n\u011bkolika d\u00e1vk\u00e1ch. Nejprve rozpu\u0161t\u011bn\u00fd v tekutin\u011b p\u0159\u00edmo do tlami\u010dky, potom nasypan\u00fd na krmivo. Aplika\u010dn\u00ed schema antivirotika bylo n\u00e1sleduj\u00edc\u00ed: Prvn\u00ed t\u0159i dny pravideln\u011b po 24 hodin\u00e1ch, potom 4 d\u00e1vky po 48 hodin\u00e1ch a posledn\u00ed 3 d\u00e1vky po 72 hodin\u00e1ch. Potom bylo pod\u00e1v\u00e1n\u00ed antivirotika ukon\u010deno a pokra\u010dovalo pod\u00e1v\u00e1n\u00ed pouze ProBoostu. V dob\u011b ukon\u010den\u00ed antivirov\u00e9 terapie ustoupila \u017eloutenka, sliznice byly r\u016f\u017eov\u00e9, sekrece z nosu a o\u010d\u00ed ustala (bylo pod\u00e1v\u00e1no antibiotikum Doxycyklin), p\u0159i sonografick\u00e9m vy\u0161et\u0159en\u00ed bylo je\u0161t\u011b patrn\u00e9 mal\u00e9 mno\u017estv\u00ed voln\u00e9 tekutiny a pros\u00e1knut\u00ed vnit\u0159n\u00edch org\u00e1n\u016f. Krevn\u00ed anal\u00fdza z finan\u010dn\u00edch d\u016fvod\u016f provedena nebyla. V sou\u010dasn\u00e9 dob\u011b, co\u017e je zhruba p\u011bt m\u011bs\u00edc\u016f od ukon\u010den\u00ed aplikace antivirotika je kot\u011b klinicky zcela zdrav\u00e9.<\/span><\/div>\n<div class=\"x1e56ztr\">\u00a0<\/div>\n\t\t\n<style>\n#text-1810310548 {\n  color: rgb(0,0,0);\n}\n#text-1810310548 > * {\n  color: rgb(0,0,0);\n}\n<\/style>\n\t<\/div>\n\t\n\n\t\t<\/div>\n\t\t\t\t\t<\/div>\n\n\t\n\n<\/div>","protected":false},"excerpt":{"rendered":"","protected":false},"author":2,"featured_media":0,"parent":0,"menu_order":0,"comment_status":"closed","ping_status":"closed","template":"","meta":{"footnotes":""},"class_list":["post-1709","page","type-page","status-publish","hentry"],"jetpack_sharing_enabled":true,"_links":{"self":[{"href":"https:\/\/proboostnow.eu\/en_us\/wp-json\/wp\/v2\/pages\/1709","targetHints":{"allow":["GET"]}}],"collection":[{"href":"https:\/\/proboostnow.eu\/en_us\/wp-json\/wp\/v2\/pages"}],"about":[{"href":"https:\/\/proboostnow.eu\/en_us\/wp-json\/wp\/v2\/types\/page"}],"author":[{"embeddable":true,"href":"https:\/\/proboostnow.eu\/en_us\/wp-json\/wp\/v2\/users\/2"}],"replies":[{"embeddable":true,"href":"https:\/\/proboostnow.eu\/en_us\/wp-json\/wp\/v2\/comments?post=1709"}],"version-history":[{"count":0,"href":"https:\/\/proboostnow.eu\/en_us\/wp-json\/wp\/v2\/pages\/1709\/revisions"}],"wp:attachment":[{"href":"https:\/\/proboostnow.eu\/en_us\/wp-json\/wp\/v2\/media?parent=1709"}],"curies":[{"name":"wp","href":"https:\/\/api.w.org\/{rel}","templated":true}]}}