{"id":1738,"date":"2023-02-27T09:54:56","date_gmt":"2023-02-27T09:54:56","guid":{"rendered":"https:\/\/scivetim.eu\/?page_id=1738"},"modified":"2023-03-09T11:55:13","modified_gmt":"2023-03-09T11:55:13","slug":"neurologicka-forma-fip-15mg-kg-proboost","status":"publish","type":"page","link":"https:\/\/proboostnow.eu\/en_us\/neurologicka-forma-fip-15mg-kg-proboost\/","title":{"rendered":"Neurologick\u00e1 forma FIP 15mg\/kg + ProBoost"},"content":{"rendered":"<div class=\"row\"  id=\"row-774345933\">\n\n\n\t<div id=\"col-1852655521\" class=\"col medium-6 small-12 large-6\"  >\n\t\t\t\t<div class=\"col-inner\"  >\n\t\t\t\n\t\t\t\n\n\t<div class=\"img has-hover x md-x lg-x y md-y lg-y\" id=\"image_720779909\">\n\t\t\t\t\t\t\t\t<div class=\"img-inner dark\" >\n\t\t\t<img loading=\"lazy\" decoding=\"async\" width=\"1020\" height=\"969\" src=\"https:\/\/proboostnow.eu\/wp-content\/uploads\/2023\/02\/20221024_160724..-1024x973.jpg\" class=\"attachment-large size-large\" alt=\"neuro\" srcset=\"https:\/\/proboostnow.eu\/wp-content\/uploads\/2023\/02\/20221024_160724..-1024x973.jpg 1024w, https:\/\/proboostnow.eu\/wp-content\/uploads\/2023\/02\/20221024_160724..-510x485.jpg 510w, https:\/\/proboostnow.eu\/wp-content\/uploads\/2023\/02\/20221024_160724..-300x285.jpg 300w, https:\/\/proboostnow.eu\/wp-content\/uploads\/2023\/02\/20221024_160724..-768x730.jpg 768w, https:\/\/proboostnow.eu\/wp-content\/uploads\/2023\/02\/20221024_160724..-13x12.jpg 13w, https:\/\/proboostnow.eu\/wp-content\/uploads\/2023\/02\/20221024_160724..-500x475.jpg 500w, https:\/\/proboostnow.eu\/wp-content\/uploads\/2023\/02\/20221024_160724..-800x760.jpg 800w, https:\/\/proboostnow.eu\/wp-content\/uploads\/2023\/02\/20221024_160724..-1280x1216.jpg 1280w, https:\/\/proboostnow.eu\/wp-content\/uploads\/2023\/02\/20221024_160724...jpg 1500w\" sizes=\"auto, (max-width: 1020px) 100vw, 1020px\" \/>\t\t\t\t\t\t\n\t\t\t\t\t<\/div>\n\t\t\t\t\t\t\t\t\n<style>\n#image_720779909 {\n  width: 100%;\n}\n<\/style>\n\t<\/div>\n\t\n\n<p>foto ilustra\u010dn\u00ed<\/p>\n\n\t\t<\/div>\n\t\t\t\t\t<\/div>\n\n\t\n\n\t<div id=\"col-425161369\" class=\"col medium-6 small-12 large-6\"  >\n\t\t\t\t<div class=\"col-inner\"  >\n\t\t\t\n\t\t\t\n\n\t<div id=\"text-2946509131\" class=\"text\">\n\t\t\n\n<p>Neurologick\u00e1 forma FIP, pod\u00e1v\u00e1no antivirotikum v d\u00e1vce 15mg\/kg a od prvn\u00edho dne\u00a0 ProBoost v d\u00e1vce 2 mcg na den.<\/p>\n<p>Do \u010dty\u0159ic\u00e1t\u00e9ho dne byl ProBoost pod\u00e1v\u00e1n ka\u017ed\u00fd den, n\u00e1sledn\u011b ji\u017e pouze jednou t\u00fddn\u011b.\u00a0<\/p>\n<p>Prvn\u00ed t\u0159i dny bylo aplikov\u00e1no antivirotikum ka\u017ed\u00fdch 24 hodin, potom a\u017e do 42. dne pokra\u010dovala injek\u010dn\u00ed aplikace po 48 hod.\u00a0 Po ukon\u010den\u00ed prvn\u00ed poloviny terapie bylo antivirotikum aplikov\u00e1no ji\u017e pouze jedenkr\u00e1t za t\u00fdden t\u0159ikr\u00e1t po sob\u011b.\u00a0<\/p>\n<p>\u00a0\u00a0<\/p>\n\t\t\n<style>\n#text-2946509131 {\n  color: rgb(0,0,0);\n}\n#text-2946509131 > * {\n  color: rgb(0,0,0);\n}\n<\/style>\n\t<\/div>\n\t\n\n\t\t<\/div>\n\t\t\t\t\t<\/div>\n\n\t\n\n<\/div>","protected":false},"excerpt":{"rendered":"","protected":false},"author":2,"featured_media":0,"parent":0,"menu_order":0,"comment_status":"closed","ping_status":"closed","template":"","meta":{"footnotes":""},"class_list":["post-1738","page","type-page","status-publish","hentry"],"jetpack_sharing_enabled":true,"_links":{"self":[{"href":"https:\/\/proboostnow.eu\/en_us\/wp-json\/wp\/v2\/pages\/1738","targetHints":{"allow":["GET"]}}],"collection":[{"href":"https:\/\/proboostnow.eu\/en_us\/wp-json\/wp\/v2\/pages"}],"about":[{"href":"https:\/\/proboostnow.eu\/en_us\/wp-json\/wp\/v2\/types\/page"}],"author":[{"embeddable":true,"href":"https:\/\/proboostnow.eu\/en_us\/wp-json\/wp\/v2\/users\/2"}],"replies":[{"embeddable":true,"href":"https:\/\/proboostnow.eu\/en_us\/wp-json\/wp\/v2\/comments?post=1738"}],"version-history":[{"count":0,"href":"https:\/\/proboostnow.eu\/en_us\/wp-json\/wp\/v2\/pages\/1738\/revisions"}],"wp:attachment":[{"href":"https:\/\/proboostnow.eu\/en_us\/wp-json\/wp\/v2\/media?parent=1738"}],"curies":[{"name":"wp","href":"https:\/\/api.w.org\/{rel}","templated":true}]}}