{"id":1772,"date":"2023-02-28T16:13:18","date_gmt":"2023-02-28T16:13:18","guid":{"rendered":"http:\/\/proboostnow.eu\/?page_id=1772"},"modified":"2023-02-28T22:02:59","modified_gmt":"2023-02-28T22:02:59","slug":"felv-virova-leukemie-kocek","status":"publish","type":"page","link":"https:\/\/proboostnow.eu\/en_us\/felv-virova-leukemie-kocek\/","title":{"rendered":"FeLV, virov\u00e1 leukemie ko\u010dek"},"content":{"rendered":"<div class=\"banner has-hover\" id=\"banner-1731187248\">\n          <div class=\"banner-inner fill\">\n        <div class=\"banner-bg fill\" >\n            <img loading=\"lazy\" decoding=\"async\" width=\"1020\" height=\"680\" src=\"https:\/\/proboostnow.eu\/wp-content\/uploads\/2023\/02\/cat-g218ff2676_1920-1024x683.jpg\" class=\"bg attachment-large size-large\" alt=\"FeLV, virov\u00e1 leukemie ko\u010dek\" \/>                                    \n                    <\/div>\n\t\t\n        <div class=\"banner-layers container\">\n            <div class=\"fill banner-link\"><\/div>            \n\n   <div id=\"text-box-679734024\" class=\"text-box banner-layer x50 md-x50 lg-x50 y50 md-y50 lg-y50 res-text\">\n                                <div class=\"text-box-content text dark\">\n              \n              <div class=\"text-inner text-center\">\n                  \n\n<h2 class=\"entry-title\">FeLV, virov\u00e1 leukemie ko\u010dek<\/h2>\n\n              <\/div>\n           <\/div>\n                            \n<style>\n#text-box-679734024 {\n  width: 60%;\n}\n#text-box-679734024 .text-box-content {\n  font-size: 100%;\n}\n<\/style>\n    <\/div>\n \n\n        <\/div>\n      <\/div>\n\n            \n<style>\n#banner-1731187248 {\n  padding-top: 500px;\n}\n<\/style>\n  <\/div>\n\n\n\t<div id=\"gap-196242066\" class=\"gap-element clearfix\" style=\"display:block; height:auto;\">\n\t\t\n<style>\n#gap-196242066 {\n  padding-top: 30px;\n}\n<\/style>\n\t<\/div>\n\t\n\n\t<div id=\"gap-808303576\" class=\"gap-element clearfix\" style=\"display:block; height:auto;\">\n\t\t\n<style>\n#gap-808303576 {\n  padding-top: 30px;\n}\n<\/style>\n\t<\/div>\n\t\n\n<div class=\"row\"  id=\"row-1883480773\">\n\n\n\t<div id=\"col-740767474\" class=\"col medium-4 small-12 large-4\"  >\n\t\t\t\t<div class=\"col-inner\"  >\n\t\t\t\n\t\t\t\n\n<a href=\"\/en_us\/felv-virova-leukemie-kocek-o-nemoci\/\" class=\"button primary is-outline box-shadow-5 box-shadow-5-hover expand\"  style=\"border-radius:10px;\">\n\t\t<span>O nemoci<\/span>\n\t<\/a>\n\n\n\t<div class=\"box has-hover   has-hover box-text-bottom\" >\n\n\t\t<div class=\"box-image\" style=\"width:94%;\">\n\t\t\t\t\t\t<div class=\"\" >\n\t\t\t\t<img loading=\"lazy\" decoding=\"async\" width=\"410\" height=\"259\" src=\"https:\/\/proboostnow.eu\/wp-content\/uploads\/2023\/02\/cat-ga789fdadb_1920-1-e1677601143819.jpg\" class=\"attachment- size-\" alt=\"FeLV, virov\u00e1 leukemie ko\u010dek\" srcset=\"https:\/\/proboostnow.eu\/wp-content\/uploads\/2023\/02\/cat-ga789fdadb_1920-1-e1677601143819.jpg 410w, https:\/\/proboostnow.eu\/wp-content\/uploads\/2023\/02\/cat-ga789fdadb_1920-1-e1677601143819-350x221.jpg 350w, https:\/\/proboostnow.eu\/wp-content\/uploads\/2023\/02\/cat-ga789fdadb_1920-1-e1677601143819-300x190.jpg 300w, https:\/\/proboostnow.eu\/wp-content\/uploads\/2023\/02\/cat-ga789fdadb_1920-1-e1677601143819-18x12.jpg 18w\" sizes=\"auto, (max-width: 410px) 100vw, 410px\" \/>\t\t\t\t\t\t\t\t\t\t\t<\/div>\n\t\t\t\t\t<\/div>\n\n\t\t<div class=\"box-text text-center\" >\n\t\t\t<div class=\"box-text-inner\">\n\t\t\t\t\n\n\t<div id=\"text-2045552840\" class=\"text\">\n\t\t\n\n<p class=\"entry-title\" style=\"text-align: center;\">FeLV, virov\u00e1 leukemie ko\u010dek<\/p>\n<p style=\"text-align: center;\">z\u00e1kladn\u00ed informace o nemoci<\/p>\n\t\t\n<style>\n#text-2045552840 {\n  color: rgb(0,0,0);\n}\n#text-2045552840 > * {\n  color: rgb(0,0,0);\n}\n<\/style>\n\t<\/div>\n\t\n\n\t\t\t<\/div>\n\t\t<\/div>\n\t<\/div>\n\t\n\n\t\t<\/div>\n\t\t\t\t\t<\/div>\n\n\t\n\n\t<div id=\"col-1317540925\" class=\"col medium-4 small-12 large-4\"  >\n\t\t\t\t<div class=\"col-inner\"  >\n\t\t\t\n\t\t\t\n\n<a href=\"\/en_us\/tpa-v-terapii-felv-vedecke-studie\/\" class=\"button primary is-outline box-shadow-5 box-shadow-5-hover expand\"  style=\"border-radius:10px;\">\n\t\t<span>FeLV a ProBoost<\/span>\n\t<\/a>\n\n\n\t<div class=\"box has-hover   has-hover box-text-bottom\" >\n\n\t\t<div class=\"box-image\" >\n\t\t\t\t\t\t<div class=\"\" >\n\t\t\t\t<img loading=\"lazy\" decoding=\"async\" width=\"410\" height=\"238\" src=\"https:\/\/proboostnow.eu\/wp-content\/uploads\/2023\/02\/cat-g81ba0f6b8_1920-1-e1677601451823.jpg\" class=\"attachment- size-\" alt=\"ProBoost a FeLV, virov\u00e1 leukemie ko\u010dek\" srcset=\"https:\/\/proboostnow.eu\/wp-content\/uploads\/2023\/02\/cat-g81ba0f6b8_1920-1-e1677601451823.jpg 410w, https:\/\/proboostnow.eu\/wp-content\/uploads\/2023\/02\/cat-g81ba0f6b8_1920-1-e1677601451823-350x203.jpg 350w, https:\/\/proboostnow.eu\/wp-content\/uploads\/2023\/02\/cat-g81ba0f6b8_1920-1-e1677601451823-300x174.jpg 300w, https:\/\/proboostnow.eu\/wp-content\/uploads\/2023\/02\/cat-g81ba0f6b8_1920-1-e1677601451823-18x10.jpg 18w\" sizes=\"auto, (max-width: 410px) 100vw, 410px\" \/>\t\t\t\t\t\t\t\t\t\t\t<\/div>\n\t\t\t\t\t<\/div>\n\n\t\t<div class=\"box-text text-center\" >\n\t\t\t<div class=\"box-text-inner\">\n\t\t\t\t\n\n\t<div id=\"text-3046406009\" class=\"text\">\n\t\t\n\n<p>ProBoost v terapii FeLV, jak p\u016fsob\u00ed, studie, d\u00e1vkov\u00e1n\u00ed<\/p>\n\t\t\n<style>\n#text-3046406009 {\n  color: rgb(0,0,0);\n}\n#text-3046406009 > * {\n  color: rgb(0,0,0);\n}\n<\/style>\n\t<\/div>\n\t\n\t<div id=\"gap-399080747\" class=\"gap-element clearfix\" style=\"display:block; height:auto;\">\n\t\t\n<style>\n#gap-399080747 {\n  padding-top: 30px;\n}\n<\/style>\n\t<\/div>\n\t\n\n\n\t\t\t<\/div>\n\t\t<\/div>\n\t<\/div>\n\t\n\n\t\t<\/div>\n\t\t\t\t\t<\/div>\n\n\t\n\n\t<div id=\"col-2131709721\" class=\"col medium-4 small-12 large-4\"  >\n\t\t\t\t<div class=\"col-inner\"  >\n\t\t\t\n\t\t\t\n\n<a href=\"http:\/\/proboostnow.eu\/en_us\/felv-proboost-prakticke-zkusenosti\/\" class=\"button primary is-outline box-shadow-5 box-shadow-5-hover expand\"  style=\"border-radius:10px;\">\n\t\t<span>Praktick\u00e9 zku\u0161enosti<\/span>\n\t<\/a>\n\n\n\t<div class=\"box has-hover   has-hover box-text-bottom\" >\n\n\t\t<div class=\"box-image\" style=\"width:83%;\">\n\t\t\t\t\t\t<div class=\"\" >\n\t\t\t\t<img loading=\"lazy\" decoding=\"async\" width=\"410\" height=\"294\" src=\"https:\/\/proboostnow.eu\/wp-content\/uploads\/2023\/02\/domestic-g07de15b47_1920-1-e1677601712920.jpg\" class=\"attachment- size-\" alt=\"ProBoost a FeLV, virov\u00e1 leukemie ko\u010dek, zku\u0161enosti\" srcset=\"https:\/\/proboostnow.eu\/wp-content\/uploads\/2023\/02\/domestic-g07de15b47_1920-1-e1677601712920.jpg 410w, https:\/\/proboostnow.eu\/wp-content\/uploads\/2023\/02\/domestic-g07de15b47_1920-1-e1677601712920-350x251.jpg 350w, https:\/\/proboostnow.eu\/wp-content\/uploads\/2023\/02\/domestic-g07de15b47_1920-1-e1677601712920-300x215.jpg 300w, https:\/\/proboostnow.eu\/wp-content\/uploads\/2023\/02\/domestic-g07de15b47_1920-1-e1677601712920-18x12.jpg 18w\" sizes=\"auto, (max-width: 410px) 100vw, 410px\" \/>\t\t\t\t\t\t\t\t\t\t\t<\/div>\n\t\t\t\t\t<\/div>\n\n\t\t<div class=\"box-text text-center\" >\n\t\t\t<div class=\"box-text-inner\">\n\t\t\t\t\n\n\t<div id=\"text-2064905518\" class=\"text\">\n\t\t\n\n<p>Praktick\u00e9 zku\u0161enosti majitel\u016f, veterin\u00e1\u0159\u016f, recenze, doporu\u010den\u00ed<\/p>\n\t\t\n<style>\n#text-2064905518 {\n  color: rgb(0,0,0);\n}\n#text-2064905518 > * {\n  color: rgb(0,0,0);\n}\n<\/style>\n\t<\/div>\n\t\n\n\t\t\t<\/div>\n\t\t<\/div>\n\t<\/div>\n\t\n\n\t\t<\/div>\n\t\t\t\t\t<\/div>\n\n\t\n\n<\/div>\n\t<div id=\"gap-1372867430\" class=\"gap-element clearfix\" style=\"display:block; height:auto;\">\n\t\t\n<style>\n#gap-1372867430 {\n  padding-top: 30px;\n}\n<\/style>\n\t<\/div>\n\t\n\n\t<div id=\"gap-1062376525\" class=\"gap-element clearfix\" style=\"display:block; height:auto;\">\n\t\t\n<style>\n#gap-1062376525 {\n  padding-top: 30px;\n}\n<\/style>\n\t<\/div>\n\t\n\n<div class=\"row\"  id=\"row-673238499\">\n\n\n\t<div id=\"col-755259544\" class=\"col small-12 large-12\"  >\n\t\t\t\t<div class=\"col-inner\"  >\n\t\t\t\n\t\t\t\n\n<div class=\"row\"  id=\"row-674905327\">\n\n\n\t<div id=\"col-1483860461\" class=\"col medium-6 small-12 large-6\"  >\n\t\t\t\t<div class=\"col-inner\"  >\n\t\t\t\n\t\t\t\n\n\t<div class=\"img has-hover x md-x lg-x y md-y lg-y\" id=\"image_1131377924\">\n\t\t\t\t\t\t\t\t<div class=\"img-inner dark\" >\n\t\t\t<img loading=\"lazy\" decoding=\"async\" width=\"300\" height=\"167\" src=\"https:\/\/proboostnow.eu\/wp-content\/uploads\/2023\/02\/Screenshot-2023-02-12-232001-300x167.png\" class=\"attachment-medium size-medium\" alt=\"T-cyte\" srcset=\"https:\/\/proboostnow.eu\/wp-content\/uploads\/2023\/02\/Screenshot-2023-02-12-232001-300x167.png 300w, https:\/\/proboostnow.eu\/wp-content\/uploads\/2023\/02\/Screenshot-2023-02-12-232001-510x284.png 510w, https:\/\/proboostnow.eu\/wp-content\/uploads\/2023\/02\/Screenshot-2023-02-12-232001-1024x570.png 1024w, https:\/\/proboostnow.eu\/wp-content\/uploads\/2023\/02\/Screenshot-2023-02-12-232001-768x428.png 768w, https:\/\/proboostnow.eu\/wp-content\/uploads\/2023\/02\/Screenshot-2023-02-12-232001-18x10.png 18w, https:\/\/proboostnow.eu\/wp-content\/uploads\/2023\/02\/Screenshot-2023-02-12-232001-500x279.png 500w, https:\/\/proboostnow.eu\/wp-content\/uploads\/2023\/02\/Screenshot-2023-02-12-232001-800x446.png 800w, https:\/\/proboostnow.eu\/wp-content\/uploads\/2023\/02\/Screenshot-2023-02-12-232001.png 1262w\" sizes=\"auto, (max-width: 300px) 100vw, 300px\" \/>\t\t\t\t\t\t\n\t\t\t\t\t<\/div>\n\t\t\t\t\t\t\t\t\n<style>\n#image_1131377924 {\n  width: 100%;\n}\n<\/style>\n\t<\/div>\n\t\n\n\n\t\t<\/div>\n\t\t\t\t\t<\/div>\n\n\t\n\n\t<div id=\"col-1374715562\" class=\"col medium-6 small-12 large-6 col-divided\"  >\n\t\t\t\t<div class=\"col-inner\"  >\n\t\t\t\n\t\t\t\n\n\t<div id=\"text-930997715\" class=\"text\">\n\t\t\n\n<p>\u00a0<\/p>\n<p>Prost\u0159ednictv\u00edm tohoto odkazu m\u016f\u017eete nav\u0161t\u00edvit str\u00e1nku T-cyte, kde naleznete mnoho u\u017eite\u010dn\u00fdch informac\u00ed o injek\u010dn\u00edm sourozenci ProBoostu.<\/p>\n\t\t\n<style>\n#text-930997715 {\n  color: rgb(0,0,0);\n}\n#text-930997715 > * {\n  color: rgb(0,0,0);\n}\n<\/style>\n\t<\/div>\n\t\n<a href=\"http:\/\/tcyte.com\/\" target=\"_blank\" class=\"button primary is-outline box-shadow-5 box-shadow-5-hover expand\" rel=\"noopener\"  style=\"border-radius:10px;\">\n\t\t<span>T-CYTE<\/span>\n\t<\/a>\n\n\n\n\t\t<\/div>\n\t\t\t\t\t<\/div>\n\n\t\n\n<\/div>\n\n\t\t<\/div>\n\t\t\t\t\t<\/div>\n\n\t\n\n<\/div>","protected":false},"excerpt":{"rendered":"","protected":false},"author":2,"featured_media":0,"parent":0,"menu_order":0,"comment_status":"closed","ping_status":"closed","template":"","meta":{"footnotes":""},"class_list":["post-1772","page","type-page","status-publish","hentry"],"jetpack_sharing_enabled":true,"_links":{"self":[{"href":"https:\/\/proboostnow.eu\/en_us\/wp-json\/wp\/v2\/pages\/1772","targetHints":{"allow":["GET"]}}],"collection":[{"href":"https:\/\/proboostnow.eu\/en_us\/wp-json\/wp\/v2\/pages"}],"about":[{"href":"https:\/\/proboostnow.eu\/en_us\/wp-json\/wp\/v2\/types\/page"}],"author":[{"embeddable":true,"href":"https:\/\/proboostnow.eu\/en_us\/wp-json\/wp\/v2\/users\/2"}],"replies":[{"embeddable":true,"href":"https:\/\/proboostnow.eu\/en_us\/wp-json\/wp\/v2\/comments?post=1772"}],"version-history":[{"count":0,"href":"https:\/\/proboostnow.eu\/en_us\/wp-json\/wp\/v2\/pages\/1772\/revisions"}],"wp:attachment":[{"href":"https:\/\/proboostnow.eu\/en_us\/wp-json\/wp\/v2\/media?parent=1772"}],"curies":[{"name":"wp","href":"https:\/\/api.w.org\/{rel}","templated":true}]}}