{"id":1817,"date":"2023-03-03T08:39:52","date_gmt":"2023-03-03T08:39:52","guid":{"rendered":"http:\/\/proboostnow.eu\/?page_id=1817"},"modified":"2024-07-19T20:02:25","modified_gmt":"2024-07-19T20:02:25","slug":"virova-imunodeficience-kocek-fiv","status":"publish","type":"page","link":"https:\/\/proboostnow.eu\/en_us\/virova-imunodeficience-kocek-fiv\/","title":{"rendered":"<a href=\"http:\/\/proboostnow.eu\/wp-admin\/post.php?post=1294&amp;action=edit\">VIROV\u00c1 IMUNODEFICIENCE KO\u010cEK, FIV<\/a>"},"content":{"rendered":"<div class=\"banner has-hover\" id=\"banner-613729894\">\n          <div class=\"banner-inner fill\">\n        <div class=\"banner-bg fill\" >\n            <img loading=\"lazy\" decoding=\"async\" width=\"1020\" height=\"680\" src=\"https:\/\/proboostnow.eu\/wp-content\/uploads\/2023\/02\/cat-g8e0eed44c_1920-1024x683.jpg\" class=\"bg attachment-large size-large\" alt=\"ProBoost l\u00e9\u010d\u00ed imunosupresi\" \/>                                    \n                    <\/div>\n\t\t\n        <div class=\"banner-layers container\">\n            <div class=\"fill banner-link\"><\/div>            \n\n   <div id=\"text-box-869145324\" class=\"text-box banner-layer x50 md-x50 lg-x50 y50 md-y50 lg-y50 res-text\">\n                                <div class=\"text-box-content text dark\">\n              \n              <div class=\"text-inner text-center\">\n                  \n\n<h4 class=\"uppercase\">FIV virov\u00e1 imunodeficience ko\u010dek<\/h4>\n<p>\u00a0<\/p>\n<h5>ko\u010di\u010d\u00ed AIDS<\/h5>\n\n              <\/div>\n           <\/div>\n                            \n<style>\n#text-box-869145324 {\n  width: 100%;\n}\n#text-box-869145324 .text-box-content {\n  font-size: 100%;\n}\n<\/style>\n    <\/div>\n \n\n        <\/div>\n      <\/div>\n\n            \n<style>\n#banner-613729894 {\n  padding-top: 500px;\n}\n<\/style>\n  <\/div>\n\n\n\t<div id=\"gap-2112146303\" class=\"gap-element clearfix\" style=\"display:block; height:auto;\">\n\t\t\n<style>\n#gap-2112146303 {\n  padding-top: 30px;\n}\n<\/style>\n\t<\/div>\n\t\n\n<p>str\u00e1nka je v procesu editace\u00a0<\/p>\n\t<div id=\"gap-1030206272\" class=\"gap-element clearfix\" style=\"display:block; height:auto;\">\n\t\t\n<style>\n#gap-1030206272 {\n  padding-top: 30px;\n}\n<\/style>\n\t<\/div>\n\t\n\n<div class=\"row\"  id=\"row-1539610387\">\n\n\n\t<div id=\"col-1669230905\" class=\"col small-12 large-12\"  >\n\t\t\t\t<div class=\"col-inner\"  >\n\t\t\t\n\t\t\t\n\n<div class=\"row\"  id=\"row-343071136\">\n\n\n\t<div id=\"col-177739861\" class=\"col medium-4 small-12 large-4\"  >\n\t\t\t\t<div class=\"col-inner\"  >\n\t\t\t\n\t\t\t\n\n<a href=\"http:\/\/proboostnow.eu\/en_us\/virova-imunodeficience-kocek-fiv-o-nemoci\/\" class=\"button primary is-outline box-shadow-5 box-shadow-5-hover expand\"  style=\"border-radius:10px;\">\n\t\t<span>O NEMOCI<\/span>\n\t<\/a>\n\n\n\t<div class=\"box has-hover   has-hover box-shadow-5 box-shadow-5-hover box-text-bottom\" >\n\n\t\t<div class=\"box-image\" style=\"width:99%;\">\n\t\t\t<a href=\"http:\/\/proboostnow.eu\/en_us\/virova-imunodeficience-kocek-fiv-o-nemoci\/\" >\t\t\t<div class=\"\" >\n\t\t\t\t<img loading=\"lazy\" decoding=\"async\" width=\"300\" height=\"200\" src=\"https:\/\/proboostnow.eu\/wp-content\/uploads\/2023\/03\/cat-gecb866171_1920-e1677833752955.jpg\" class=\"attachment- size-\" alt=\"FIV o nemoci\" srcset=\"https:\/\/proboostnow.eu\/wp-content\/uploads\/2023\/03\/cat-gecb866171_1920-e1677833752955.jpg 300w, https:\/\/proboostnow.eu\/wp-content\/uploads\/2023\/03\/cat-gecb866171_1920-e1677833752955-18x12.jpg 18w\" sizes=\"auto, (max-width: 300px) 100vw, 300px\" \/>\t\t\t\t\t\t\t\t\t\t\t<\/div>\n\t\t\t<\/a>\t\t<\/div>\n\n\t\t<div class=\"box-text text-center\" >\n\t\t\t<div class=\"box-text-inner\">\n\t\t\t\t\n\n\t<div id=\"text-3443238639\" class=\"text\">\n\t\t\n\n<p>Virov\u00e1 imunodeficience ko\u010dek \u2013 FIV, ko\u010di\u010d\u00ed\u00a0 AIDS<\/p>\n\t\t\n<style>\n#text-3443238639 {\n  color: rgb(0,0,0);\n}\n#text-3443238639 > * {\n  color: rgb(0,0,0);\n}\n<\/style>\n\t<\/div>\n\t\n\n\t\t\t<\/div>\n\t\t<\/div>\n\t<\/div>\n\t\n\n\t\t<\/div>\n\t\t\t\t\t<\/div>\n\n\t\n\n\t<div id=\"col-1031100610\" class=\"col medium-4 small-12 large-4\"  >\n\t\t\t\t<div class=\"col-inner\"  >\n\t\t\t\n\t\t\t\n\n<a href=\"http:\/\/proboostnow.eu\/en_us\/tpa-v-terapii-fiv-vedecke-studie\/\" class=\"button primary is-outline box-shadow-5 box-shadow-5-hover expand\"  style=\"border-radius:10px;\">\n\t\t<span>ProBoost a FIV<\/span>\n\t<\/a>\n\n\n\t<div class=\"box has-hover   has-hover box-shadow-5 box-shadow-5-hover box-text-bottom\" >\n\n\t\t<div class=\"box-image\" style=\"width:91%;\">\n\t\t\t<a href=\"http:\/\/proboostnow.eu\/en_us\/tpa-v-terapii-fiv-vedecke-studie\/\" >\t\t\t<div class=\"\" >\n\t\t\t\t<img loading=\"lazy\" decoding=\"async\" width=\"300\" height=\"219\" src=\"https:\/\/proboostnow.eu\/wp-content\/uploads\/2023\/03\/cat-gd1f75ab10_1920-e1677834793652.jpg\" class=\"attachment- size-\" alt=\"FIV, terapie s TPA, studie\" srcset=\"https:\/\/proboostnow.eu\/wp-content\/uploads\/2023\/03\/cat-gd1f75ab10_1920-e1677834793652.jpg 300w, https:\/\/proboostnow.eu\/wp-content\/uploads\/2023\/03\/cat-gd1f75ab10_1920-e1677834793652-16x12.jpg 16w\" sizes=\"auto, (max-width: 300px) 100vw, 300px\" \/>\t\t\t\t\t\t\t\t\t\t\t<\/div>\n\t\t\t<\/a>\t\t<\/div>\n\n\t\t<div class=\"box-text text-center\" >\n\t\t\t<div class=\"box-text-inner\">\n\t\t\t\t\n\n\t<div id=\"text-930332138\" class=\"text\">\n\t\t\n\n<p>Thymic protein A v terapii FIV, v\u011bdeck\u00e9 studie<\/p>\n\t\t\n<style>\n#text-930332138 {\n  color: rgb(0,0,0);\n}\n#text-930332138 > * {\n  color: rgb(0,0,0);\n}\n<\/style>\n\t<\/div>\n\t\n\n\t\t\t<\/div>\n\t\t<\/div>\n\t<\/div>\n\t\n\n\t\t<\/div>\n\t\t\t\t\t<\/div>\n\n\t\n\n\t<div id=\"col-1007975556\" class=\"col medium-4 small-12 large-4\"  >\n\t\t\t\t<div class=\"col-inner\"  >\n\t\t\t\n\t\t\t\n\n<a href=\"\/en_us\/fiv-prakticke-zkusenosti-recenze\/\" class=\"button primary is-outline box-shadow-5 box-shadow-5-hover expand\"  style=\"border-radius:10px;\">\n\t\t<span>FIV +TPA ZKU\u0160ENOSTI<\/span>\n\t<\/a>\n\n\n\t<div class=\"box has-hover   has-hover box-shadow-5 box-shadow-5-hover box-text-bottom\" >\n\n\t\t<div class=\"box-image\" >\n\t\t\t<a href=\"\/en_us\/fiv-prakticke-zkusenosti-recenze\/\" >\t\t\t<div class=\"\" >\n\t\t\t\t<img loading=\"lazy\" decoding=\"async\" width=\"300\" height=\"198\" src=\"https:\/\/proboostnow.eu\/wp-content\/uploads\/2023\/03\/cat-gf54266a7e_1920-e1677836086650.jpg\" class=\"attachment- size-\" alt=\"TPA -FIV, praktick\u00e9 zku\u0161enosti recenze\" srcset=\"https:\/\/proboostnow.eu\/wp-content\/uploads\/2023\/03\/cat-gf54266a7e_1920-e1677836086650.jpg 300w, https:\/\/proboostnow.eu\/wp-content\/uploads\/2023\/03\/cat-gf54266a7e_1920-e1677836086650-18x12.jpg 18w\" sizes=\"auto, (max-width: 300px) 100vw, 300px\" \/>\t\t\t\t\t\t\t\t\t\t\t<\/div>\n\t\t\t<\/a>\t\t<\/div>\n\n\t\t<div class=\"box-text text-center\" >\n\t\t\t<div class=\"box-text-inner\">\n\t\t\t\t\n\n\t<div id=\"text-2958448644\" class=\"text\">\n\t\t\n\n<p>FIV a Thymic Protein A, praktick\u00e9 zku\u0161enosti a recenze<\/p>\n\t\t\n<style>\n#text-2958448644 {\n  line-height: 1.5;\n  color: rgb(0,0,0);\n}\n#text-2958448644 > * {\n  color: rgb(0,0,0);\n}\n<\/style>\n\t<\/div>\n\t\n\n\t\t\t<\/div>\n\t\t<\/div>\n\t<\/div>\n\t\n\n\t\t<\/div>\n\t\t\t\t\t<\/div>\n\n\t\n\n<\/div>\n\n\t\t<\/div>\n\t\t\t\t\t<\/div>\n\n\t\n\n<\/div>","protected":false},"excerpt":{"rendered":"","protected":false},"author":2,"featured_media":0,"parent":0,"menu_order":0,"comment_status":"closed","ping_status":"closed","template":"","meta":{"footnotes":""},"class_list":["post-1817","page","type-page","status-publish","hentry"],"jetpack_sharing_enabled":true,"_links":{"self":[{"href":"https:\/\/proboostnow.eu\/en_us\/wp-json\/wp\/v2\/pages\/1817","targetHints":{"allow":["GET"]}}],"collection":[{"href":"https:\/\/proboostnow.eu\/en_us\/wp-json\/wp\/v2\/pages"}],"about":[{"href":"https:\/\/proboostnow.eu\/en_us\/wp-json\/wp\/v2\/types\/page"}],"author":[{"embeddable":true,"href":"https:\/\/proboostnow.eu\/en_us\/wp-json\/wp\/v2\/users\/2"}],"replies":[{"embeddable":true,"href":"https:\/\/proboostnow.eu\/en_us\/wp-json\/wp\/v2\/comments?post=1817"}],"version-history":[{"count":0,"href":"https:\/\/proboostnow.eu\/en_us\/wp-json\/wp\/v2\/pages\/1817\/revisions"}],"wp:attachment":[{"href":"https:\/\/proboostnow.eu\/en_us\/wp-json\/wp\/v2\/media?parent=1817"}],"curies":[{"name":"wp","href":"https:\/\/api.w.org\/{rel}","templated":true}]}}