{"id":1872,"date":"2023-03-03T17:09:51","date_gmt":"2023-03-03T17:09:51","guid":{"rendered":"http:\/\/proboostnow.eu\/?page_id=1872"},"modified":"2023-03-13T16:37:02","modified_gmt":"2023-03-13T16:37:02","slug":"fiv-prakticke-zkusenosti-recenze","status":"publish","type":"page","link":"https:\/\/proboostnow.eu\/en_us\/fiv-prakticke-zkusenosti-recenze\/","title":{"rendered":"FIV, PRAKTICK\u00c9 ZKU\u0160ENOSTI, RECENZE"},"content":{"rendered":"<div class=\"banner has-hover\" id=\"banner-546658177\">\n          <div class=\"banner-inner fill\">\n        <div class=\"banner-bg fill\" >\n            <img loading=\"lazy\" decoding=\"async\" width=\"1020\" height=\"673\" src=\"https:\/\/proboostnow.eu\/wp-content\/uploads\/2023\/02\/cat-gf54266a7e_1920-e1677863595260-1024x676.jpg\" class=\"bg attachment-large size-large\" alt=\"fiv-prakticke-zkusenosti-recenze\/\" \/>                                    \n                    <\/div>\n\t\t\n        <div class=\"banner-layers container\">\n            <div class=\"fill banner-link\"><\/div>            \n\n   <div id=\"text-box-551926539\" class=\"text-box banner-layer x50 md-x50 lg-x50 y50 md-y50 lg-y50 res-text\">\n                                <div class=\"text-box-content text dark\">\n              \n              <div class=\"text-inner text-center\">\n                  \n\n<h2 class=\"entry-title\">FIV, PRAKTICK\u00c9 ZKU\u0160ENOSTI, RECENZE<\/h2>\n<p>str\u00e1nka je v procesu editace<\/p>\n<p>\u00a0<\/p>\n\n              <\/div>\n           <\/div>\n                            \n<style>\n#text-box-551926539 {\n  width: 95%;\n}\n#text-box-551926539 .text-box-content {\n  font-size: 100%;\n}\n<\/style>\n    <\/div>\n \n\n        <\/div>\n      <\/div>\n\n            \n<style>\n#banner-546658177 {\n  padding-top: 500px;\n}\n<\/style>\n  <\/div>\n\n\n<div class=\"row\"  id=\"row-22356630\">\n\n\n\t<div id=\"col-1061519422\" class=\"col small-12 large-12\"  >\n\t\t\t\t<div class=\"col-inner\" style=\"background-color:rgb(213, 218, 232);\" >\n\t\t\t\n\t\t\t\n\n<div class=\"row row-collapse row-full-width align-middle\"  id=\"row-2132769257\">\n\n\n\t<div id=\"col-1080098399\" class=\"col medium-6 small-12 large-6\"  >\n\t\t\t\t<div class=\"col-inner\"  >\n\t\t\t\n\t\t\t\n\n\t<div class=\"img has-hover x md-x lg-x y md-y lg-y\" id=\"image_620215515\">\n\t\t\t\t\t\t\t\t<div class=\"img-inner dark\" >\n\t\t\t<img loading=\"lazy\" decoding=\"async\" width=\"876\" height=\"772\" src=\"https:\/\/proboostnow.eu\/wp-content\/uploads\/2023\/02\/Screenshot-2023-02-16-154440.png\" class=\"attachment-large size-large\" alt=\"\" srcset=\"https:\/\/proboostnow.eu\/wp-content\/uploads\/2023\/02\/Screenshot-2023-02-16-154440.png 876w, https:\/\/proboostnow.eu\/wp-content\/uploads\/2023\/02\/Screenshot-2023-02-16-154440-510x449.png 510w, https:\/\/proboostnow.eu\/wp-content\/uploads\/2023\/02\/Screenshot-2023-02-16-154440-300x264.png 300w, https:\/\/proboostnow.eu\/wp-content\/uploads\/2023\/02\/Screenshot-2023-02-16-154440-768x677.png 768w, https:\/\/proboostnow.eu\/wp-content\/uploads\/2023\/02\/Screenshot-2023-02-16-154440-14x12.png 14w, https:\/\/proboostnow.eu\/wp-content\/uploads\/2023\/02\/Screenshot-2023-02-16-154440-500x441.png 500w, https:\/\/proboostnow.eu\/wp-content\/uploads\/2023\/02\/Screenshot-2023-02-16-154440-800x705.png 800w\" sizes=\"auto, (max-width: 876px) 100vw, 876px\" \/>\t\t\t\t\t\t\n\t\t\t\t\t<\/div>\n\t\t\t\t\t\t\t\t\n<style>\n#image_620215515 {\n  width: 100%;\n}\n<\/style>\n\t<\/div>\n\t\n\n\n\t\t<\/div>\n\t\t\t\t\t<\/div>\n\n\t\n\n\t<div id=\"col-310894368\" class=\"col medium-6 small-12 large-6\"  >\n\t\t\t\t<div class=\"col-inner\"  >\n\t\t\t\n\t\t\t\n\n<p><span style=\"color: #000000;\"><span style=\"font-family: Lato, sans-serif;\"><span style=\"font-size: small;\">Cecile Chappell.Veterin\u00e1\u0159 (ke kter\u00e9mu ji\u017e nechod\u00edm) mi p\u0159ed rokem \u0159ekl, \u017ee moje FIV pozitivn\u00ed ko\u010dka nebude \u017e\u00edt d\u00e9le ne\u017e asi 2 roky. Zm\u011bnili jsme veterin\u00e1\u0159e, objevili LTCI, injekce cca ka\u017ed\u00fdch 4-5 m\u011bs\u00edc\u016f. \u0160\u0165astn\u00e1, siln\u00e1 ko\u010dka a \u00fapln\u011b v pohod\u011b . O\u010dek\u00e1v\u00e1me, \u017ee bude \u017e\u00edt je\u0161t\u011b mnoho, mnoho let. \u00da\u017easn\u00fd produkt.<\/span><\/span><\/span><\/p>\n<p><span style=\"color: #000000;\"><span style=\"font-family: Lato, sans-serif;\"><span style=\"font-size: small;\">Evelyne Bornier. Tady stejn\u00e1 zku\u0161enost: P\u0159ed rokem a p\u016fl jsem adoptovala svou sladkou ko\u010di\u010dku. Nechala ji testovat. Je FeLV +\u2026 M\u016fj veterin\u00e1\u0159 mi \u0159ekl, abych ji nechala uspat. Zd\u011bsila jsem se a ode\u0161la. Zm\u011bnili jsme veterin\u00e1\u0159e. Nov\u00e1 veterin\u00e1\u0159ka j\u00ed od t\u00e9 doby d\u00e1v\u00e1 LTCI injekce a moje ko\u010dka je siln\u00e1, zdrav\u00e1 a pln\u00e1 \u017eivota! Ka\u017ed\u00e9 4 m\u011bs\u00edce prov\u00e1d\u00edme kompletn\u00ed krevn\u00ed test. Jej\u00ed v\u00fdsledky jsou bez poskvrny!<\/span><\/span><\/span><\/p>\n<p><span style=\"color: #000000;\"><span style=\"font-family: Lato, sans-serif;\"><span style=\"font-size: small;\">Cecile Chappell. Takov\u00e9 \u00fa\u017easn\u00e9 zpr\u00e1vy. \u0158ekn\u011bte to d\u00e1l. Ned\u011bl\u00e1m ani krevn\u00ed testy. Jen d\u00e1v\u00e1m injekce. Kdy\u017e to odlo\u017e\u00edm o p\u00e1r t\u00fddn\u016f, podle chov\u00e1n\u00ed pozn\u00e1m, kdy to pot\u0159ebuje. D\u00e1m injekci a on zareaguje b\u011bhem n\u011bkolika dn\u00ed. Za\u010dne zase dob\u0159e j\u00edst atd.<\/span><\/span><\/span><\/p>\n\n\t\t<\/div>\n\t\t\t\t\n<style>\n#col-310894368 > .col-inner {\n  padding: 5% 5% 5% 5%;\n  max-width: 520px;\n}\n<\/style>\n\t<\/div>\n\n\t\n\n\n<style>\n#row-2132769257 > .col > .col-inner {\n  background-color: rgb(213, 218, 232);\n}\n<\/style>\n<\/div>\n\t<div id=\"gap-679635236\" class=\"gap-element clearfix\" style=\"display:block; height:auto;\">\n\t\t\n<style>\n#gap-679635236 {\n  padding-top: 30px;\n}\n<\/style>\n\t<\/div>\n\t\n\n<div class=\"row\"  id=\"row-1487857233\">\n\n\n\t<div id=\"col-1263359715\" class=\"col small-12 large-12\"  >\n\t\t\t\t<div class=\"col-inner\"  >\n\t\t\t\n\t\t\t\n\n<div class=\"row\"  id=\"row-97730370\">\n\n\n\t<div id=\"col-1257740716\" class=\"col small-12 large-12\"  >\n\t\t\t\t<div class=\"col-inner\"  >\n\t\t\t\n\t\t\t\n\n\t<div id=\"text-3612671196\" class=\"text\">\n\t\t\n\n<h3>RECENZE Z AMAZONU<\/h3>\n\t\t\n<style>\n#text-3612671196 {\n  text-align: center;\n  color: rgb(0,0,0);\n}\n#text-3612671196 > * {\n  color: rgb(0,0,0);\n}\n<\/style>\n\t<\/div>\n\t\n\n\t\t<\/div>\n\t\t\t\t\t<\/div>\n\n\t\n\n<\/div>\n\t<div class=\"img has-hover x md-x lg-x y md-y lg-y\" id=\"image_1237244771\">\n\t\t\t\t\t\t\t\t<div class=\"img-inner dark\" >\n\t\t\t<img loading=\"lazy\" decoding=\"async\" width=\"1020\" height=\"248\" src=\"https:\/\/proboostnow.eu\/wp-content\/uploads\/2023\/03\/FIV-FeLV-1024x249.png\" class=\"attachment-large size-large\" alt=\"FIV FeLV\" srcset=\"https:\/\/proboostnow.eu\/wp-content\/uploads\/2023\/03\/FIV-FeLV-1024x249.png 1024w, https:\/\/proboostnow.eu\/wp-content\/uploads\/2023\/03\/FIV-FeLV-510x124.png 510w, https:\/\/proboostnow.eu\/wp-content\/uploads\/2023\/03\/FIV-FeLV-300x73.png 300w, https:\/\/proboostnow.eu\/wp-content\/uploads\/2023\/03\/FIV-FeLV-768x187.png 768w, https:\/\/proboostnow.eu\/wp-content\/uploads\/2023\/03\/FIV-FeLV-18x4.png 18w, https:\/\/proboostnow.eu\/wp-content\/uploads\/2023\/03\/FIV-FeLV-500x121.png 500w, https:\/\/proboostnow.eu\/wp-content\/uploads\/2023\/03\/FIV-FeLV-800x194.png 800w, https:\/\/proboostnow.eu\/wp-content\/uploads\/2023\/03\/FIV-FeLV.png 1058w\" sizes=\"auto, (max-width: 1020px) 100vw, 1020px\" \/>\t\t\t\t\t\t\n\t\t\t\t\t<\/div>\n\t\t\t\t\t\t\t\t\n<style>\n#image_1237244771 {\n  width: 100%;\n}\n<\/style>\n\t<\/div>\n\t\n\n<div class=\"row\"  id=\"row-591815513\">\n\n\n\t<div id=\"col-311042611\" class=\"col small-12 large-12\"  >\n\t\t\t\t<div class=\"col-inner\"  >\n\t\t\t\n\t\t\t\n\n\t<div id=\"text-304030339\" class=\"text\">\n\t\t\n\n<p>Moje ko\u010dky maj\u00ed FELV a FIV. Bylo mi \u0159e\u010deno, abych jim to dal jako dopln\u011bk. Jsou super zdrav\u00e9 a je to obrovsk\u00fd rozd\u00edl!<\/p>\n\n\t\t\n<style>\n#text-304030339 {\n  color: rgb(0,0,0);\n}\n#text-304030339 > * {\n  color: rgb(0,0,0);\n}\n<\/style>\n\t<\/div>\n\t\n\n\t\t<\/div>\n\t\t\t\t\t<\/div>\n\n\t\n\n<\/div>\n\n\t\t<\/div>\n\t\t\t\t\t<\/div>\n\n\t\n\n<\/div>\n\n\t\t<\/div>\n\t\t\t\t\t<\/div>\n\n\t\n\n<\/div>\n<div class=\"row\"  id=\"row-1639723272\">\n\n\n\t<div id=\"col-1852195728\" class=\"col small-12 large-12\"  >\n\t\t\t\t<div class=\"col-inner\" style=\"background-color:rgb(213, 218, 232);\" >\n\t\t\t\n\t\t\t\n\n<div class=\"row\"  id=\"row-1424934707\">\n\n\n\t<div id=\"col-681601815\" class=\"col medium-4 small-12 large-4\"  >\n\t\t\t\t<div class=\"col-inner\"  >\n\t\t\t\n\t\t\t\n\n\n\t\t<\/div>\n\t\t\t\t\t<\/div>\n\n\t\n\n\t<div id=\"col-1535834817\" class=\"col medium-4 small-12 large-4\"  >\n\t\t\t\t<div class=\"col-inner\"  >\n\t\t\t\n\t\t\t\n\n\n\t\t<\/div>\n\t\t\t\t\t<\/div>\n\n\t\n\n\t<div id=\"col-23808435\" class=\"col medium-4 small-12 large-4\"  >\n\t\t\t\t<div class=\"col-inner\"  >\n\t\t\t\n\t\t\t\n\n\n\t\t<\/div>\n\t\t\t\t\t<\/div>\n\n\t\n\n<\/div>\n<div class=\"row align-middle\"  id=\"row-1237302906\">\n\n\n\t<div id=\"col-519047435\" class=\"col medium-6 small-12 large-6\"  >\n\t\t\t\t<div class=\"col-inner\" style=\"background-color:rgb(213, 218, 232);\" >\n\t\t\t\n\t\t\t\n\n\t<div class=\"img has-hover x md-x lg-x y md-y lg-y\" id=\"image_1796756307\">\n\t\t\t\t\t\t\t\t<div class=\"img-inner dark\" >\n\t\t\t<img loading=\"lazy\" decoding=\"async\" width=\"656\" height=\"893\" src=\"https:\/\/proboostnow.eu\/wp-content\/uploads\/2023\/02\/Screenshot-2023-02-02-131421-1.png\" class=\"attachment-large size-large\" alt=\"\" srcset=\"https:\/\/proboostnow.eu\/wp-content\/uploads\/2023\/02\/Screenshot-2023-02-02-131421-1.png 656w, https:\/\/proboostnow.eu\/wp-content\/uploads\/2023\/02\/Screenshot-2023-02-02-131421-1-510x694.png 510w, https:\/\/proboostnow.eu\/wp-content\/uploads\/2023\/02\/Screenshot-2023-02-02-131421-1-220x300.png 220w, https:\/\/proboostnow.eu\/wp-content\/uploads\/2023\/02\/Screenshot-2023-02-02-131421-1-9x12.png 9w, https:\/\/proboostnow.eu\/wp-content\/uploads\/2023\/02\/Screenshot-2023-02-02-131421-1-500x681.png 500w\" sizes=\"auto, (max-width: 656px) 100vw, 656px\" \/>\t\t\t\t\t\t\n\t\t\t\t\t<\/div>\n\t\t\t\t\t\t\t\t\n<style>\n#image_1796756307 {\n  width: 100%;\n}\n<\/style>\n\t<\/div>\n\t\n\n\n\t\t<\/div>\n\t\t\t\t\t<\/div>\n\n\t\n\n\t<div id=\"col-1067919545\" class=\"col medium-6 small-12 large-6\"  >\n\t\t\t\t<div class=\"col-inner\"  >\n\t\t\t\n\t\t\t\n\n\t<div id=\"text-3016040660\" class=\"text\">\n\t\t\n\n<p>Bylo prok\u00e1z\u00e1no, \u017ee TPA zvy\u0161uje imunitn\u00ed reaktivitu nebo schopnost reagovat na n\u011bkolik virov\u00fdch onemocn\u011bn\u00ed. Byl proveden experiment, kdy ko\u010dk\u00e1m infikovan\u00fdm FIV byl pod\u00e1v\u00e1n jednou nebo dvakr\u00e1t t\u00fddn\u011b TPA a sledovalo se zlep\u0161en\u00ed stavu imunity.<br \/>Jeden\u00e1ct ko\u010dek ve v\u011bku od jednoho do t\u0159\u00ed let bylo z\u00edsk\u00e1no od Dr. Janet Yamamoto z University of California v Davisu. Ko\u010dky byly experiment\u00e1ln\u011b infikov\u00e1ny kmenem Petaluma FIV jako kontroly ve studii vakc\u00edny.<br \/>Dr. Yamamoto ur\u010dil v\u0161echny ko\u010dky jako FIV pozitivn\u00ed, ale po p\u0159\u00edjezdu do testovac\u00edho za\u0159\u00edzen\u00ed nevykazovaly \u017e\u00e1dn\u00e9 p\u0159\u00edznaky onemocn\u011bn\u00ed.<\/p>\n<p>\u0160est ko\u010dek l\u00e9\u010den\u00fdch TISF vyk\u00e1zalo statisticky v\u00fdznamn\u00e9 zkr\u00e1cen\u00ed obdob\u00ed lymfopenie, s n\u00edm\u017e se setk\u00e1v\u00e1me v \u010dasn\u00e9m pr\u016fb\u011bhu onemocn\u011bn\u00ed FIV, ve srovn\u00e1n\u00ed s p\u011bti nel\u00e9\u010den\u00fdmi kontrolami (obr. 6). Klinicky se experiment\u00e1ln\u011b l\u00e9\u010den\u00e1 skupina zotavila mnohem rychleji ze zn\u00e1mek virov\u00fdch infekc\u00ed horn\u00edch cest d\u00fdchac\u00edch, kter\u00e9 vykazovalo v\u0161ech jeden\u00e1ct zv\u00ed\u0159at. Kone\u010dn\u011b vy\u0161et\u0159en\u00ed krve a kostn\u00ed d\u0159en\u011b zv\u00ed\u0159at potvrdilo, \u017ee skupina experiment\u00e1ln\u011b l\u00e9\u010den\u00e1 TISF m\u011bla zlep\u0161en\u00fd virologick\u00fd stav a celularitu d\u0159en\u011b ve srovn\u00e1n\u00ed s kontrolami.<\/p>\n\t\t\n<style>\n#text-3016040660 {\n  color: rgb(0,0,0);\n}\n#text-3016040660 > * {\n  color: rgb(0,0,0);\n}\n<\/style>\n\t<\/div>\n\t\n\n\t\t<\/div>\n\t\t\t\t\t<\/div>\n\n\t\n\n\n<style>\n#row-1237302906 > .col > .col-inner {\n  background-color: rgb(213, 218, 232);\n}\n<\/style>\n<\/div>\n\n\t\t<\/div>\n\t\t\t\t\t<\/div>\n\n\t\n\n<\/div>\n<div class=\"row\"  id=\"row-1340028429\">\n\n\n\t<div id=\"col-445834155\" class=\"col small-12 large-12\"  >\n\t\t\t\t<div class=\"col-inner\"  >\n\t\t\t\n\t\t\t\n\n\t<div id=\"text-1565961075\" class=\"text\">\n\t\t\n\n<p>V\u00fdsledky l\u00e9\u010dby symptomatick\u00fdch FIV pozitivn\u00edch ko\u010dek (8) na n\u011bkolika soukrom\u00fdch veterin\u00e1rn\u00edch klinik\u00e1ch, kter\u00fdm byl jednou t\u00fddn\u011b injek\u010dn\u011b aplikov\u00e1n TISF jsou n\u00e1sleduj\u00edc\u00ed: V\u0161echny sledovan\u00e9 ko\u010dky vykazovaly symptomatick\u00e9 zlep\u0161en\u00ed (v\u00fdrazn\u00e9 zlep\u0161en\u00ed gingivitidy, stomatitidy, \u00fastup pr\u016fjmu, v\u011bt\u0161\u00ed chu\u0165 k j\u00eddlu, zastaven\u00fd v\u00fdtok z nosu, zlep\u0161en\u00ed konjunktivitidy, frk\u00e1n\u00ed, hmotnostn\u00ed p\u0159\u00edr\u016fstek a tak\u00e9 zv\u00fd\u0161en\u00fd po\u010det lymfocyt\u016f v perifern\u00ed krvi po l\u00e9\u010db\u011b TISF, nap\u0159. z 9% na 17%, z 15% na 39%, z 19% na 25%\u2026<\/p>\n\t\t\n<style>\n#text-1565961075 {\n  color: rgb(0,0,0);\n}\n#text-1565961075 > * {\n  color: rgb(0,0,0);\n}\n<\/style>\n\t<\/div>\n\t\n\n\t\t<\/div>\n\t\t\t\t\t<\/div>\n\n\t\n\n<\/div>\n<div class=\"row\"  id=\"row-2122481842\">\n\n\n\t<div id=\"col-1636265438\" class=\"col small-12 large-12\"  >\n\t\t\t\t<div class=\"col-inner\"  >\n\t\t\t\n\t\t\t\n\n\t<div class=\"img has-hover x md-x lg-x y md-y lg-y\" id=\"image_2098182371\">\n\t\t\t\t\t\t\t\t<div class=\"img-inner dark\" >\n\t\t\t<img loading=\"lazy\" decoding=\"async\" width=\"950\" height=\"397\" src=\"https:\/\/proboostnow.eu\/wp-content\/uploads\/2023\/02\/Screenshot-2023-02-08-135618.png\" class=\"attachment-large size-large\" alt=\"\" srcset=\"https:\/\/proboostnow.eu\/wp-content\/uploads\/2023\/02\/Screenshot-2023-02-08-135618.png 950w, https:\/\/proboostnow.eu\/wp-content\/uploads\/2023\/02\/Screenshot-2023-02-08-135618-510x213.png 510w, https:\/\/proboostnow.eu\/wp-content\/uploads\/2023\/02\/Screenshot-2023-02-08-135618-300x125.png 300w, https:\/\/proboostnow.eu\/wp-content\/uploads\/2023\/02\/Screenshot-2023-02-08-135618-768x321.png 768w, https:\/\/proboostnow.eu\/wp-content\/uploads\/2023\/02\/Screenshot-2023-02-08-135618-18x8.png 18w, https:\/\/proboostnow.eu\/wp-content\/uploads\/2023\/02\/Screenshot-2023-02-08-135618-500x209.png 500w, https:\/\/proboostnow.eu\/wp-content\/uploads\/2023\/02\/Screenshot-2023-02-08-135618-800x334.png 800w\" sizes=\"auto, (max-width: 950px) 100vw, 950px\" \/>\t\t\t\t\t\t\n\t\t\t\t\t<\/div>\n\t\t\t\t\t\t\t\t\n<style>\n#image_2098182371 {\n  width: 100%;\n}\n<\/style>\n\t<\/div>\n\t\n\n\n\t\t<\/div>\n\t\t\t\t\t<\/div>\n\n\t\n\n<\/div>\n\t<div id=\"gap-1287190010\" class=\"gap-element clearfix\" style=\"display:block; height:auto;\">\n\t\t\n<style>\n#gap-1287190010 {\n  padding-top: 30px;\n}\n<\/style>\n\t<\/div>","protected":false},"excerpt":{"rendered":"","protected":false},"author":2,"featured_media":0,"parent":0,"menu_order":0,"comment_status":"closed","ping_status":"closed","template":"","meta":{"footnotes":""},"class_list":["post-1872","page","type-page","status-publish","hentry"],"jetpack_sharing_enabled":true,"_links":{"self":[{"href":"https:\/\/proboostnow.eu\/en_us\/wp-json\/wp\/v2\/pages\/1872","targetHints":{"allow":["GET"]}}],"collection":[{"href":"https:\/\/proboostnow.eu\/en_us\/wp-json\/wp\/v2\/pages"}],"about":[{"href":"https:\/\/proboostnow.eu\/en_us\/wp-json\/wp\/v2\/types\/page"}],"author":[{"embeddable":true,"href":"https:\/\/proboostnow.eu\/en_us\/wp-json\/wp\/v2\/users\/2"}],"replies":[{"embeddable":true,"href":"https:\/\/proboostnow.eu\/en_us\/wp-json\/wp\/v2\/comments?post=1872"}],"version-history":[{"count":0,"href":"https:\/\/proboostnow.eu\/en_us\/wp-json\/wp\/v2\/pages\/1872\/revisions"}],"wp:attachment":[{"href":"https:\/\/proboostnow.eu\/en_us\/wp-json\/wp\/v2\/media?parent=1872"}],"curies":[{"name":"wp","href":"https:\/\/api.w.org\/{rel}","templated":true}]}}