{"id":1881,"date":"2023-03-04T17:20:48","date_gmt":"2023-03-04T17:20:48","guid":{"rendered":"http:\/\/proboostnow.eu\/?page_id=1881"},"modified":"2023-03-07T12:59:57","modified_gmt":"2023-03-07T12:59:57","slug":"plazmocelularni-pododermatitida","status":"publish","type":"page","link":"https:\/\/proboostnow.eu\/en_us\/plazmocelularni-pododermatitida\/","title":{"rendered":"PLAZMOCELUL\u00c1RN\u00cd PODODERMATITIDA"},"content":{"rendered":"<div class=\"banner has-hover\" id=\"banner-357829151\">\n          <div class=\"banner-inner fill\">\n        <div class=\"banner-bg fill\" >\n            <img loading=\"lazy\" decoding=\"async\" width=\"768\" height=\"1024\" src=\"https:\/\/proboostnow.eu\/wp-content\/uploads\/2023\/03\/299473212_1495832067518526_8852823879090193293_n-768x1024.jpg\" class=\"bg attachment-large size-large\" alt=\"PLAZMOCELUL\u00c1RN\u00cd PODODERMATITIDA\" \/>                                    \n                    <\/div>\n\t\t\n        <div class=\"banner-layers container\">\n            <div class=\"fill banner-link\"><\/div>            \n\n   <div id=\"text-box-633364301\" class=\"text-box banner-layer x50 md-x50 lg-x50 y50 md-y50 lg-y50 res-text\">\n                                <div class=\"text-box-content text dark\">\n              \n              <div class=\"text-inner text-center\">\n                  \n\n<h3>Plazmocelul\u00e1rn\u00ed pododermatitida<\/h3>\n\n              <\/div>\n           <\/div>\n                            \n<style>\n#text-box-633364301 {\n  width: 60%;\n}\n#text-box-633364301 .text-box-content {\n  font-size: 100%;\n}\n<\/style>\n    <\/div>\n \n\n        <\/div>\n      <\/div>\n\n            \n<style>\n#banner-357829151 {\n  padding-top: 500px;\n}\n#banner-357829151 .banner-bg img {\n  object-position: 22% 68%;\n}\n<\/style>\n  <\/div>\n\n\n\t<div id=\"gap-1679483923\" class=\"gap-element clearfix\" style=\"display:block; height:auto;\">\n\t\t\n<style>\n#gap-1679483923 {\n  padding-top: 30px;\n}\n<\/style>\n\t<\/div>\n\t\n\n<p>Str\u00e1nka je v editaci<\/p>\n\t<div id=\"gap-1274561881\" class=\"gap-element clearfix\" style=\"display:block; height:auto;\">\n\t\t\n<style>\n#gap-1274561881 {\n  padding-top: 30px;\n}\n<\/style>\n\t<\/div>\n\t\n\n<div class=\"row\"  id=\"row-1802302885\">\n\n\n\t<div id=\"col-932492373\" class=\"col small-12 large-12\"  >\n\t\t\t\t<div class=\"col-inner\"  >\n\t\t\t\n\t\t\t\n\n\t<div id=\"text-4223064623\" class=\"text\">\n\t\t\n\n<h4>Plazmocelul\u00e1rn\u00ed pododermatitida<\/h4>\n<div data-canvas-width=\"230.24987884092033\">Plazmocelul\u00e1rn\u00ed pododermatitida je vz\u00e1cn\u00e9 ko\u017en\u00ed onemocn\u011bn\u00ed ko\u010dek nezn\u00e1m\u00e9 etiologie. S ohledem na odpov\u011b\u010f na imunosupresivn\u00ed l\u00e9\u010dbu je \u010dasto \u0159azena mezi autoimunitn\u00ed onemocn\u011bn\u00ed. \u010cast\u011bji se vyskytuje u imunosuprimovan\u00fdch ko\u010dek, nap\u0159\u00edklad s diagn\u00f3zou FIV. V\u00edce info o nemoci: <a href=\"https:\/\/docplayer.cz\/12525212-Plazmocelularni-pododermatitida-kocek-prehled-soucasnych-poznatku.html\" target=\"_blank\" rel=\"noopener\">https:\/\/docplayer.cz\/12525212-Plazmocelularni-pododermatitida-kocek-prehled-soucasnych-poznatku.html<\/a><\/div>\n<div data-canvas-width=\"230.24987884092033\">\u00a0<\/div>\n\t\t\n<style>\n#text-4223064623 {\n  color: rgb(0,0,0);\n}\n#text-4223064623 > * {\n  color: rgb(0,0,0);\n}\n<\/style>\n\t<\/div>\n\t\n\t<div id=\"gap-1615214376\" class=\"gap-element clearfix\" style=\"display:block; height:auto;\">\n\t\t\n<style>\n#gap-1615214376 {\n  padding-top: 30px;\n}\n<\/style>\n\t<\/div>\n\t\n\n<div class=\"row\"  id=\"row-1144929717\">\n\n\n\t<div id=\"col-412441635\" class=\"col small-12 large-12\"  >\n\t\t\t\t<div class=\"col-inner\"  >\n\t\t\t\n\t\t\t\n\n\t<div id=\"text-1221893856\" class=\"text\">\n\t\t\n\n<p>Popis p\u0159\u00edpadu: Britsk\u00fd kocour po prod\u011blan\u00e9 herpesvirov\u00e9 infekci s t\u011b\u017ek\u00fdm pr\u016fb\u011bhem. Po ur\u010dit\u00e9 dob\u011b se na pol\u0161t\u00e1\u0159ku tlapky objevily l\u00e9ze. Byla nasazena antibiotika a kortikoidy bez viditeln\u00e9ho efektu. Spolu s antibiotikovou terapi\u00ed byl n\u00e1sledn\u011b pod\u00e1n ProBoost a do\u0161lo ke zlep\u0161en\u00ed b\u011bhem 24 hodin, k \u00fapln\u00e9mu zhojen\u00ed pak b\u011bhem n\u00e1sleduj\u00edc\u00edch 3 a\u017e 4 dn\u016f. Zhruba za dva t\u00fddny se l\u00e9ze znovu objevily, majitelka uv\u00e1d\u00ed, \u017ee b\u011bhem tohoto obdob\u00ed byla d\u00e1vka ProBoostu sn\u00ed\u017een\u00e1 na jednou za 3 dny. Po op\u011btovn\u00e9m nasazen\u00ed ProBoostu v d\u00e1vce 2 mcg na den, tedy p\u016fl s\u00e1\u010dku, do\u0161lo op\u011bt k rychl\u00e9mu vymizen\u00ed l\u00e9z\u00ed. Od t\u00e9 doby se po\u0161kozen\u00ed pol\u0161t\u00e1\u0159k\u016f na tlapce ji\u017e znovu neobjevilo, d\u00e1vkov\u00e1n\u00ed ProBoostu je 2 mcg na den s ob\u010dasnou jednodenn\u00ed p\u0159est\u00e1vkou.<\/p>\n\t\t\n<style>\n#text-1221893856 {\n  color: rgb(0,0,0);\n}\n#text-1221893856 > * {\n  color: rgb(0,0,0);\n}\n<\/style>\n\t<\/div>\n\t\n\n\t\t<\/div>\n\t\t\t\t\t<\/div>\n\n\t\n\n<\/div>\n\n\t\t<\/div>\n\t\t\t\t\t<\/div>\n\n\t\n\n<\/div>","protected":false},"excerpt":{"rendered":"","protected":false},"author":2,"featured_media":0,"parent":0,"menu_order":0,"comment_status":"closed","ping_status":"closed","template":"","meta":{"footnotes":""},"class_list":["post-1881","page","type-page","status-publish","hentry"],"jetpack_sharing_enabled":true,"_links":{"self":[{"href":"https:\/\/proboostnow.eu\/en_us\/wp-json\/wp\/v2\/pages\/1881","targetHints":{"allow":["GET"]}}],"collection":[{"href":"https:\/\/proboostnow.eu\/en_us\/wp-json\/wp\/v2\/pages"}],"about":[{"href":"https:\/\/proboostnow.eu\/en_us\/wp-json\/wp\/v2\/types\/page"}],"author":[{"embeddable":true,"href":"https:\/\/proboostnow.eu\/en_us\/wp-json\/wp\/v2\/users\/2"}],"replies":[{"embeddable":true,"href":"https:\/\/proboostnow.eu\/en_us\/wp-json\/wp\/v2\/comments?post=1881"}],"version-history":[{"count":0,"href":"https:\/\/proboostnow.eu\/en_us\/wp-json\/wp\/v2\/pages\/1881\/revisions"}],"wp:attachment":[{"href":"https:\/\/proboostnow.eu\/en_us\/wp-json\/wp\/v2\/media?parent=1881"}],"curies":[{"name":"wp","href":"https:\/\/api.w.org\/{rel}","templated":true}]}}