{"id":1892,"date":"2023-03-05T10:32:49","date_gmt":"2023-03-05T10:32:49","guid":{"rendered":"http:\/\/proboostnow.eu\/?page_id=1892"},"modified":"2023-03-18T12:00:44","modified_gmt":"2023-03-18T12:00:44","slug":"gingivostomatitida","status":"publish","type":"page","link":"https:\/\/proboostnow.eu\/en_us\/gingivostomatitida\/","title":{"rendered":"Gingivostomatitida"},"content":{"rendered":"<div class=\"banner has-hover\" id=\"banner-1986988723\">\n          <div class=\"banner-inner fill\">\n        <div class=\"banner-bg fill\" >\n            <img loading=\"lazy\" decoding=\"async\" width=\"1020\" height=\"676\" src=\"https:\/\/proboostnow.eu\/wp-content\/uploads\/2023\/03\/cat-gbddc705eb_1920-e1678032952719-1024x679.jpg\" class=\"bg attachment-large size-large\" alt=\"gingivostomatitida\" \/>                                    \n                    <\/div>\n\t\t\n        <div class=\"banner-layers container\">\n            <div class=\"fill banner-link\"><\/div>            \n\n   <div id=\"text-box-563538271\" class=\"text-box banner-layer x50 md-x50 lg-x50 y50 md-y50 lg-y50 res-text\">\n                                <div class=\"text-box-content text dark\">\n              \n              <div class=\"text-inner text-center\">\n                  \n\n<h3 class=\"uppercase\"><strong>Gingivostomatitida ko\u010dek&nbsp;<\/strong><\/h3>\n\n              <\/div>\n           <\/div>\n                            \n<style>\n#text-box-563538271 {\n  width: 82%;\n}\n#text-box-563538271 .text-box-content {\n  font-size: 100%;\n}\n<\/style>\n    <\/div>\n \n\n        <\/div>\n      <\/div>\n\n            \n<style>\n#banner-1986988723 {\n  padding-top: 500px;\n}\n#banner-1986988723 .banner-bg img {\n  object-position: 32% 0%;\n}\n<\/style>\n  <\/div>\n\n\n<p>Str\u00e1nka je v editaci<\/p>\n\t<div id=\"gap-498977229\" class=\"gap-element clearfix\" style=\"display:block; height:auto;\">\n\t\t\n<style>\n#gap-498977229 {\n  padding-top: 30px;\n}\n<\/style>\n\t<\/div>\n\t\n\n<div class=\"row\"  id=\"row-1928619188\">\n\n\n\t<div id=\"col-2038842129\" class=\"col small-12 large-12\"  >\n\t\t\t\t<div class=\"col-inner\"  >\n\t\t\t\n\t\t\t\n\n\t<div id=\"text-55297947\" class=\"text\">\n\t\t\n\n<p>Chronick\u00e1 gingivostomatitida ko\u010dek (FCGS) je onemocn\u011bn\u00ed dutiny \u00fastn\u00ed, kter\u00e9 je velice bolestiv\u00e9 a bez adekv\u00e1tn\u00ed l\u00e9\u010dby m\u016f\u017ee pro ko\u010dku kon\u010dit \u00fahynem, p\u0159\u00edpadn\u011b eutan\u00e1zi\u00ed. L\u00e9\u010dba FCGS je dlouhodob\u00e1, p\u0159\u00edpadn\u011b do\u017eivotn\u00ed. V\u00edce ne\u017e 70 % ko\u010dek i po proveden\u00e9 multiextrakci vy\u017eaduje n\u00e1slednou medikament\u00f3zn\u00ed a podp\u016frnou terapii. FCGS je pravd\u011bpodobn\u011b v\u00fdsledkem abnorm\u00e1ln\u00ed reakce imunitn\u00edho syst\u00e9mu na bakterie v zubn\u00edm plaku, je d\u00e1v\u00e1na dosouvislosti s calicivirovou nebo herpesvirovou infekc\u00ed, s bartonell\u00f3zou a retrovirovou infekc\u00ed (FIV).<\/p>\n<p>Chybn\u00e1 reakce imunitn\u00edho syst\u00e9mu na patogeny v \u00fastn\u00ed dutin\u011b je v mnoha p\u0159\u00edpadech dob\u0159e ovlivniteln\u00e1 pou\u017e\u00edv\u00e1n\u00edm ProBoostu. Vzhledem k rozli\u010dn\u00fdm p\u0159\u00ed\u010din\u00e1m vzniku z\u00e1n\u011btu d\u00e1sn\u00ed je ale i pod\u00e1v\u00e1n\u00ed ProBoostu prov\u00e1zeno r\u016fzn\u00fdm efektem. V mnoha p\u0159\u00edpadech z\u00e1n\u011bt \u00fapln\u011b vymizel nebo velmi v\u00fdrazn\u011b usoupil. U n\u011bkter\u00fdch ko\u010dek byl v\u0161ak vliv pod\u00e1v\u00e1n\u00ed ProBoostu slab\u00fd nebo \u017e\u00e1dn\u00fd. P\u0159i terapii gingivostomatitidy je t\u0159eba v\u011bnovat pozornost v\u0161em mo\u017en\u00fdm l\u00e9\u010debn\u00fdm postup\u016fm, kter\u00e9 u nemocn\u00e9ho zv\u00ed\u0159ete povedou alespo\u0148 k \u010d\u00e1ste\u010dn\u00e9 \u00falev\u011b. Pravideln\u00e9 pod\u00e1v\u00e1n\u00ed ProBoostu i bez zjevn\u00e9ho moment\u00e1ln\u00edho ovlivn\u011bn\u00ed stavu \u00fastn\u00ed dutiny je u\u017eite\u010dn\u00e9, proto\u017ee m\u016f\u017ee p\u0159\u00edzniv\u011b ovlivnit jak celkov\u00e9 fungov\u00e1n\u00ed imunitn\u00edho syst\u00e9mu, tak \u00fa\u010dinnost p\u0159\u00edm\u00e9 reakce na infekce, kter\u00e9 jsou potenci\u00e1ln\u00edmi spou\u0161t\u011b\u010di FCGS.<\/p>\n\t\t\n<style>\n#text-55297947 {\n  color: rgb(0,0,0);\n}\n#text-55297947 > * {\n  color: rgb(0,0,0);\n}\n<\/style>\n\t<\/div>\n\t\n\n\t\t<\/div>\n\t\t\t\t\t<\/div>\n\n\t\n\n<\/div>\n\t<div id=\"gap-1515226466\" class=\"gap-element clearfix\" style=\"display:block; height:auto;\">\n\t\t\n<style>\n#gap-1515226466 {\n  padding-top: 30px;\n}\n<\/style>\n\t<\/div>\n\t\n\n<div class=\"row\"  id=\"row-744520583\">\n\n\n\t<div id=\"col-1212306290\" class=\"col small-12 large-12\"  >\n\t\t\t\t<div class=\"col-inner\"  >\n\t\t\t\n\t\t\t\n\n<div class=\"row\"  id=\"row-1489841760\">\n\n\n\t<div id=\"col-1963401336\" class=\"col small-12 large-12\"  >\n\t\t\t\t<div class=\"col-inner\"  >\n\t\t\t\n\t\t\t\n\n<div class=\"row\"  id=\"row-1864095188\">\n\n\n\t<div id=\"col-1933751476\" class=\"col small-12 large-12\"  >\n\t\t\t\t<div class=\"col-inner text-center\"  >\n\t\t\t\n\t\t\t\n\n\t<div id=\"text-718166743\" class=\"text\">\n\t\t\n\n<p>V\u00edce o nemoci v n\u00e1sleduj\u00edc\u00edch odkazech.<\/p>\n\t\t\n<style>\n#text-718166743 {\n  color: rgb(0,0,0);\n}\n#text-718166743 > * {\n  color: rgb(0,0,0);\n}\n<\/style>\n\t<\/div>\n\t\n<a href=\"https:\/\/www.metropolevet.cz\/zanet-dasni-u-kocky\/\" target=\"_blank\" class=\"button primary is-outline box-shadow-5 box-shadow-5-hover\" rel=\"noopener\"  style=\"border-radius:10px;\">\n\t\t<span>Z\u00c1N\u011aT D\u00c1SN\u00cd U KO\u010cKY \u2013 STOMATIT\u00cdDA<\/span>\n\t<\/a>\n\n\n<a href=\"https:\/\/vladenastrosova.cz\/kocka-cervene-dasne\/\" target=\"_blank\" class=\"button primary is-outline box-shadow-5 box-shadow-5-hover\" rel=\"noopener\"  style=\"border-radius:10px;\">\n\t\t<span>Ko\u010dka a \u010derven\u00e9 d\u00e1sn\u011b<\/span>\n\t<\/a>\n\n\n\t<div id=\"text-1321686398\" class=\"text\">\n\t\t\n\n\n\t\t\n<style>\n#text-1321686398 {\n  color: rgb(0,0,0);\n}\n#text-1321686398 > * {\n  color: rgb(0,0,0);\n}\n<\/style>\n\t<\/div>\n\t\n\n\t\t<\/div>\n\t\t\t\t\t<\/div>\n\n\t\n\n<\/div>\n\n\t\t<\/div>\n\t\t\t\t\t<\/div>\n\n\t\n\n\n<style>\n#row-1489841760 > .col > .col-inner {\n  background-color: rgb(213, 218, 232);\n}\n<\/style>\n<\/div>\n<div class=\"text-center\"><div class=\"is-divider divider clearfix\" style=\"max-width:100px;background-color:rgb(250, 0, 0);\"><\/div><\/div>\n\n\n\t\t<\/div>\n\t\t\t\t\t<\/div>\n\n\t\n\n<\/div>\n<div class=\"row\"  id=\"row-915185953\">\n\n\n\t<div id=\"col-1773205058\" class=\"col small-12 large-12\"  >\n\t\t\t\t<div class=\"col-inner\"  >\n\t\t\t\n\t\t\t\n\n<div class=\"row\"  id=\"row-975383360\">\n\n\n\t<div id=\"col-235255098\" class=\"col small-12 large-12\"  >\n\t\t\t\t<div class=\"col-inner\"  >\n\t\t\t\n\t\t\t\n\n\t<div id=\"text-3243296755\" class=\"text\">\n\t\t\n\n<p>\u00a0<\/p>\n\t\t\n<style>\n#text-3243296755 {\n  text-align: center;\n}\n<\/style>\n\t<\/div>\n\t\n\t<div id=\"text-3321630733\" class=\"text\">\n\t\t\n\n<p style=\"text-align: center;\">\u010cl\u00e1nek: L\u00e9\u010dba chronick\u00e9 gingivostomatitidy ko\u010dek s podez\u0159en\u00edm na virov\u00fd p\u016fvod pomoc\u00ed extraktu z brzl\u00edku<\/p>\n<div style=\"text-align: center;\">Richard E. Palmquist, MVDr. Centinela Animal Hospital, Inc. 721 Centinela Avenue, Inglewood, CA. 90302. cahdogcat@aol.com<\/div>\n<div>\u00a0<\/div>\n<div style=\"text-align: center;\">\u010cl\u00e1nek popisuje p\u0159\u00ed\u010dinn\u00fd vztah vlivu pod\u00e1v\u00e1n\u00ed brzl\u00edkov\u00e9ho extraktu na utlumen\u00ed projev\u016f gingivostomatitidy pravd\u011bpodobn\u011b virov\u00e9ho p\u016fvodu.\u00a0<\/div>\n<div>\u00a0<\/div>\n\t\t\n<style>\n#text-3321630733 {\n  color: rgb(0,0,0);\n}\n#text-3321630733 > * {\n  color: rgb(0,0,0);\n}\n<\/style>\n\t<\/div>\n\t\n<a href=\"https:\/\/ivcjournal.com\/792\/\" target=\"_blank\" class=\"button primary is-outline box-shadow-5 box-shadow-5-hover expand\" rel=\"noopener\"  style=\"border-radius:10px;\">\n\t\t<span>L\u00e9\u010dba chronick\u00e9 gingivostomatitidy ko\u010dek s podez\u0159en\u00edm na virov\u00fd p\u016fvod pomoc\u00ed extraktu z brzl\u00edku<\/span>\n\t<\/a>\n\n\n\t<div id=\"text-3839946597\" class=\"text\">\n\t\t\n\n\n\t\t\n<style>\n#text-3839946597 {\n  text-align: center;\n  color: rgb(0,0,0);\n}\n#text-3839946597 > * {\n  color: rgb(0,0,0);\n}\n<\/style>\n\t<\/div>\n\t\n\n\t\t<\/div>\n\t\t\t\t\t<\/div>\n\n\t\n\n<\/div>\n\n\t\t<\/div>\n\t\t\t\t\t<\/div>\n\n\t\n\n\n<style>\n#row-915185953 > .col > .col-inner {\n  background-color: rgb(213, 218, 232);\n}\n<\/style>\n<\/div>\n<div class=\"text-center\"><div class=\"is-divider divider clearfix\" style=\"max-width:100px;background-color:rgb(250, 0, 0);\"><\/div><\/div>\n\n<div class=\"row\"  id=\"row-440466163\">\n\n\n\t<div id=\"col-274754074\" class=\"col small-12 large-12\"  >\n\t\t\t\t<div class=\"col-inner\"  >\n\t\t\t\n\t\t\t\n\n\t<div id=\"text-4208419856\" class=\"text\">\n\t\t\n\n<h3 style=\"text-align: center;\">D\u00e1vkov\u00e1n\u00ed<\/h3>\n<p>D\u00e1vkov\u00e1n\u00ed je 2 mcg Thymic Protein A, tedy p\u016fl s\u00e1\u010dku ProBoostu na den na vlhkou potravu nebo rozpu\u0161t\u011bn\u00fd ve vod\u011b. Denn\u00ed d\u00e1vku je dobr\u00e9 rozd\u011blit na dv\u011b nebo t\u0159i d\u00edl\u010d\u00ed. Pokud je z\u00e1n\u011bt pr\u016fvodn\u00edm projevem akutn\u011b prob\u00edhaj\u00edc\u00edho bakteri\u00e1ln\u00edho nebo virov\u00e9ho onemocn\u011bn\u00ed, nen\u00ed vhodn\u00e9 spol\u00e9hat pouze na podporu imunity, ale je t\u0159eba, aby veterin\u00e1rn\u00edm l\u00e9ka\u0159 nastavil adekv\u00e1tn\u00ed dostupnou l\u00e9\u010dbu spolu s pod\u00e1v\u00e1n\u00edm ProBoostu. M\u00e1-li se projevit p\u016fsoben\u00ed podpory specifick\u00e9 imunity ProBoostem, nen\u00ed mo\u017en\u00e9 jeho soub\u011b\u017en\u00e9 pod\u00e1v\u00e1n\u00ed s l\u00e9\u010divy, kter\u00e1 navozuj\u00ed stav imunosuprese, proto\u017ee jejich \u00fa\u010dinky se vz\u00e1jemn\u011b ru\u0161\u00ed.\u00a0\u00a0<\/p>\n\t\t\n<style>\n#text-4208419856 {\n  color: rgb(0,0,0);\n}\n#text-4208419856 > * {\n  color: rgb(0,0,0);\n}\n<\/style>\n\t<\/div>\n\t\n\n\t\t<\/div>\n\t\t\t\t\t<\/div>\n\n\t\n\n<\/div>\n<div class=\"text-center\"><div class=\"is-divider divider clearfix\" style=\"max-width:100px;background-color:rgb(250, 0, 0);\"><\/div><\/div>\n\n\t<div id=\"gap-1499731091\" class=\"gap-element clearfix\" style=\"display:block; height:auto;\">\n\t\t\n<style>\n#gap-1499731091 {\n  padding-top: 30px;\n}\n<\/style>\n\t<\/div>\n\t\n\n<div class=\"row\"  id=\"row-1702985712\">\n\n\n\t<div id=\"col-1580429245\" class=\"col small-12 large-12\"  >\n\t\t\t\t<div class=\"col-inner\"  >\n\t\t\t\n\t\t\t\n\n\t<div id=\"text-1688820880\" class=\"text\">\n\t\t\n\n<h4 style=\"text-align: center;\">Zku\u0161enosti s pod\u00e1v\u00e1n\u00edm ProBoostu ko\u010dk\u00e1m se z\u00e1n\u011btem d\u00e1sn\u00ed:<\/h4>\n<p>Vzhledem k rozli\u010dn\u00fdm p\u0159\u00ed\u010din\u00e1m vzniku z\u00e1n\u011btu d\u00e1sn\u00ed je i pod\u00e1v\u00e1n\u00ed ProBoostu prov\u00e1zeno r\u016fzn\u00fdm efektem. Uvedeme n\u011bkolik p\u0159\u00edklad\u016f, kdy byl \u00fa\u010dinek opravdu v\u00fdznamn\u00fd.\u00a0<\/p>\n\t\t\n<style>\n#text-1688820880 {\n  color: rgb(0,0,0);\n}\n#text-1688820880 > * {\n  color: rgb(0,0,0);\n}\n<\/style>\n\t<\/div>\n\t\n<div class=\"text-center\"><div class=\"is-divider divider clearfix\" style=\"max-width:100px;background-color:rgb(250, 0, 0);\"><\/div><\/div>\n\n\t<div id=\"gap-1306179705\" class=\"gap-element clearfix\" style=\"display:block; height:auto;\">\n\t\t\n<style>\n#gap-1306179705 {\n  padding-top: 30px;\n}\n<\/style>\n\t<\/div>\n\t\n\n\t<div id=\"gap-344502808\" class=\"gap-element clearfix\" style=\"display:block; height:auto;\">\n\t\t\n<style>\n#gap-344502808 {\n  padding-top: 30px;\n}\n<\/style>\n\t<\/div>\n\t\n\n<div class=\"row\"  id=\"row-81256857\">\n\n\n\t<div id=\"col-274134673\" class=\"col small-12 large-12\"  >\n\t\t\t\t<div class=\"col-inner\"  >\n\t\t\t\n\t\t\t\n\n<div class=\"row align-middle\"  id=\"row-906061113\">\n\n\n\t<div id=\"col-1859250993\" class=\"col medium-6 small-12 large-6\"  >\n\t\t\t\t<div class=\"col-inner\"  >\n\t\t\t\n\t\t\t\n\n\t<div class=\"img has-hover x md-x lg-x y md-y lg-y\" id=\"image_1851982198\">\n\t\t\t\t\t\t\t\t<div class=\"img-inner dark\" >\n\t\t\t<img loading=\"lazy\" decoding=\"async\" width=\"300\" height=\"276\" src=\"https:\/\/proboostnow.eu\/wp-content\/uploads\/2023\/03\/zanet-dasni.png\" class=\"attachment-large size-large\" alt=\"gingivitida\" srcset=\"https:\/\/proboostnow.eu\/wp-content\/uploads\/2023\/03\/zanet-dasni.png 300w, https:\/\/proboostnow.eu\/wp-content\/uploads\/2023\/03\/zanet-dasni-13x12.png 13w\" sizes=\"auto, (max-width: 300px) 100vw, 300px\" \/>\t\t\t\t\t\t\n\t\t\t\t\t<\/div>\n\t\t\t\t\t\t\t\t\n<style>\n#image_1851982198 {\n  width: 100%;\n}\n<\/style>\n\t<\/div>\n\t\n\n\n\t\t<\/div>\n\t\t\t\t\t<\/div>\n\n\t\n\n\t<div id=\"col-130573844\" class=\"col medium-6 small-12 large-6\"  >\n\t\t\t\t<div class=\"col-inner\"  >\n\t\t\t\n\t\t\t\n\n\t<div id=\"text-3249644092\" class=\"text\">\n\t\t\n\n<p>Kocour plemeno Sphynx, t\u011b\u017ek\u00fd z\u00e1n\u011bt d\u00e1sn\u00ed, posti\u017eeny ob\u011b \u010delisti a\u017e po partie krku. Dg. FCGS, felinn\u00ed chronick\u00e1 gingivostomatitida, pravd\u011bpodobn\u011b virov\u00e9ho, resp. autoimunitn\u00edho p\u016fvodu.&nbsp;<\/p>\n<p>Po nasazen\u00ed ProBoostu p\u016fl s\u00e1\u010dku na den z\u00e1n\u011bt zcela vymizel. Majitelka v sou\u010dasnosti pod\u00e1v\u00e1 ProBoost dvakr\u00e1t ro\u010dn\u011b formou m\u011bs\u00ed\u010dn\u00ed k\u016fry. \u00dastn\u00ed dutina nevykazuje \u017e\u00e1dn\u00e9 z\u00e1n\u011btliv\u00e9 p\u0159\u00edznaky. Soub\u011b\u017en\u011b hl\u00e1s\u00ed majitelka zlep\u0161en\u00ed stavu poko\u017eky, kter\u00e1 v n\u011bkter\u00fdch m\u00edstech d\u0159\u00edve vykazovala p\u0159\u00edznaky akne.&nbsp;<\/p>\n<h2>&nbsp;<\/h2>\n\t\t\n<style>\n#text-3249644092 {\n  color: rgb(0,0,0);\n}\n#text-3249644092 > * {\n  color: rgb(0,0,0);\n}\n<\/style>\n\t<\/div>\n\t\n\n\t\t<\/div>\n\t\t\t\t\t<\/div>\n\n\t\n\n<\/div>\n\n\t\t<\/div>\n\t\t\t\t\t<\/div>\n\n\t\n\n<\/div>\n<div class=\"text-center\"><div class=\"is-divider divider clearfix\" style=\"max-width:100px;background-color:rgb(250, 0, 0);\"><\/div><\/div>\n\n\n\t\t<\/div>\n\t\t\t\t\t<\/div>\n\n\t\n\n<\/div>","protected":false},"excerpt":{"rendered":"","protected":false},"author":2,"featured_media":0,"parent":0,"menu_order":0,"comment_status":"closed","ping_status":"closed","template":"","meta":{"footnotes":""},"class_list":["post-1892","page","type-page","status-publish","hentry"],"jetpack_sharing_enabled":true,"_links":{"self":[{"href":"https:\/\/proboostnow.eu\/en_us\/wp-json\/wp\/v2\/pages\/1892","targetHints":{"allow":["GET"]}}],"collection":[{"href":"https:\/\/proboostnow.eu\/en_us\/wp-json\/wp\/v2\/pages"}],"about":[{"href":"https:\/\/proboostnow.eu\/en_us\/wp-json\/wp\/v2\/types\/page"}],"author":[{"embeddable":true,"href":"https:\/\/proboostnow.eu\/en_us\/wp-json\/wp\/v2\/users\/2"}],"replies":[{"embeddable":true,"href":"https:\/\/proboostnow.eu\/en_us\/wp-json\/wp\/v2\/comments?post=1892"}],"version-history":[{"count":0,"href":"https:\/\/proboostnow.eu\/en_us\/wp-json\/wp\/v2\/pages\/1892\/revisions"}],"wp:attachment":[{"href":"https:\/\/proboostnow.eu\/en_us\/wp-json\/wp\/v2\/media?parent=1892"}],"curies":[{"name":"wp","href":"https:\/\/api.w.org\/{rel}","templated":true}]}}