{"id":2133,"date":"2023-03-12T17:16:28","date_gmt":"2023-03-12T17:16:28","guid":{"rendered":"http:\/\/proboostnow.eu\/?page_id=2133"},"modified":"2023-03-12T19:22:20","modified_gmt":"2023-03-12T19:22:20","slug":"proboost-obnovuje-silnou-imunitni-ochranu-u-senioru","status":"publish","type":"page","link":"https:\/\/proboostnow.eu\/en_us\/proboost-obnovuje-silnou-imunitni-ochranu-u-senioru\/","title":{"rendered":"ProBoost obnovuje silnou imunitn\u00ed ochranu u senior\u016f.\u00a0"},"content":{"rendered":"<div class=\"banner has-hover bg-zoom-fade\" id=\"banner-1242644960\">\n          <div class=\"banner-inner fill\">\n        <div class=\"banner-bg fill\" >\n            <img loading=\"lazy\" decoding=\"async\" width=\"1020\" height=\"679\" src=\"https:\/\/proboostnow.eu\/wp-content\/uploads\/2023\/03\/old-dog-g26f33e136_1920-e1678641454553-1024x682.jpg\" class=\"bg attachment-large size-large\" alt=\"old dog\" \/>                                    \n                    <\/div>\n\t\t\n        <div class=\"banner-layers container\">\n            <div class=\"fill banner-link\"><\/div>            \n\n   <div id=\"text-box-1071412762\" class=\"text-box banner-layer x50 md-x50 lg-x50 y50 md-y50 lg-y50 res-text\">\n                                <div class=\"text-box-content text dark\">\n              \n              <div class=\"text-inner text-center\">\n                  \n\n<h3 class=\"uppercase\">Pos\u00edlen\u00ed sl\u00e1bnouc\u00ed imunity u senior\u016f<\/h3>\n<p>P\u0159irozen\u00e1 atrofie brzl\u00edku ve st\u00e1\u0159\u00ed m\u00e1 za n\u00e1sledek sn\u00ed\u017een\u00ed obranyschopnosti, hor\u0161\u00ed pr\u016fb\u011bh nemoc\u00ed, v\u00fdskyt n\u00e1dor\u016f, autoimunitn\u00ed choroby<\/p>\n\n              <\/div>\n           <\/div>\n                            \n<style>\n#text-box-1071412762 {\n  width: 92%;\n}\n#text-box-1071412762 .text-box-content {\n  font-size: 100%;\n}\n<\/style>\n    <\/div>\n \n\n        <\/div>\n      <\/div>\n\n            \n<style>\n#banner-1242644960 {\n  padding-top: 500px;\n}\n#banner-1242644960 .banner-bg img {\n  object-position: 0% 100%;\n}\n<\/style>\n  <\/div>\n\n\n\t<div id=\"gap-1145947347\" class=\"gap-element clearfix\" style=\"display:block; height:auto;\">\n\t\t\n<style>\n#gap-1145947347 {\n  padding-top: 30px;\n}\n<\/style>\n\t<\/div>\n\t\n\n\t<div id=\"gap-567264824\" class=\"gap-element clearfix\" style=\"display:block; height:auto;\">\n\t\t\n<style>\n#gap-567264824 {\n  padding-top: 30px;\n}\n<\/style>\n\t<\/div>\n\t\n\n<div class=\"row\"  id=\"row-2100443807\">\n\n\n\t<div id=\"col-1599639304\" class=\"col small-12 large-12\"  >\n\t\t\t\t<div class=\"col-inner\"  >\n\t\t\t\n\t\t\t\n\n\t<div id=\"text-1573090830\" class=\"text\">\n\t\t\n\n<p>S p\u0159ib\u00fdvaj\u00edc\u00edm v\u011bkem doch\u00e1z\u00ed k involuci, tedy postupn\u00e9 degradaci brzl\u00edku. Ve st\u00e1\u0159\u00ed se pak skl\u00e1d\u00e1 pouze z tukov\u00e9 a vazivov\u00e9 tk\u00e1n\u011b. Brzl\u00edk vykon\u00e1v\u00e1 z\u00e1sadn\u00ed \u00falohu v zaji\u0161t\u011bn\u00ed obranyschopnosti organismu. S p\u0159ib\u00fdvaj\u00edc\u00edm v\u011bkem proto imunita sl\u00e1bne. U senior\u016f se h\u016f\u0159e hoj\u00ed po\u0161kozen\u00ed, infekce maj\u00ed hor\u0161\u00ed pr\u016fb\u011bh a za\u010d\u00ednaj\u00ed se objevovat i chyby, kter\u00e9 vedou k v\u00fdskytu autoimunit a malignit. Dopln\u011bn\u00ed brzl\u00edkov\u00e9ho proteinu A spolu s odpov\u00eddaj\u00edc\u00ed zdravotn\u00ed p\u00e9\u010d\u00ed zlep\u0161\u00ed zdravotn\u00ed stav a vysok\u00fd komfort \u017eivota senior\u016f. Po nasazen\u00ed ProBoostu avizuj\u00ed majitel\u00e9 zlep\u0161enou pohybovou aktivitu a celkovou vitalitu star\u00fdch jedinc\u016f. Ka\u017ed\u00e9 obdob\u00ed \u017eivota s sebou p\u0159in\u00e1\u0161\u00ed jin\u00e9 n\u00e1roky na p\u00e9\u010di o zdrav\u00ed. Na jeho konci je t\u00edm nejd\u016fle\u017eit\u011bj\u0161\u00edm c\u00edlem zajistit \u017eivot bez nemoc\u00ed a bolesti, udr\u017eet zdravou vitalitu a vysokou kvalitu \u017eivota. Je t\u0159eba doplnit to, co t\u011blo ve st\u00e1\u0159\u00ed ji\u017e nen\u00ed schopno vytv\u00e1\u0159et v dostate\u010dn\u00e9m mno\u017estv\u00ed pro zaji\u0161t\u011bn\u00ed spr\u00e1vn\u00e9ho fungov\u00e1n\u00ed imunitn\u00edho syst\u00e9mu. Pravideln\u00e9 pod\u00e1v\u00e1n\u00ed ProBoostu je jednou ze skv\u011bl\u00fdch mo\u017enost\u00ed jak pe\u010dovat o udr\u017een\u00ed vysok\u00e9 kvality \u017eivota zv\u00ed\u0159at v seniorn\u00edm v\u011bku.\u00a0 \u00a0D\u00e1vkov\u00e1n\u00ed je 1 a\u017e 2 mcg TPA, tedy \u010dtvrt a\u017e p\u016fl s\u00e1\u010dku na den bez ohledu na velikost zv\u00ed\u0159ete. I tak mal\u00e9 mno\u017estv\u00ed sta\u010d\u00ed na odstartov\u00e1n\u00ed spr\u00e1vn\u00e9 a siln\u00e9 imunitn\u00ed odpov\u011bdi na patogeny i lep\u0161\u00ed vyhled\u00e1v\u00e1n\u00ed po\u0161kozen\u00fdch a zm\u011bn\u011bn\u00fdch bun\u011bk v t\u011ble. Pokud se zv\u00ed\u0159e pot\u00fdk\u00e1 s nemoc\u00ed, je samoz\u0159ejm\u011b vhodn\u00e9 vy\u0161\u0161\u00ed d\u00e1vkov\u00e1n\u00ed, viz. kapitola <a href=\"\/en_us\/davkovani\/\">D\u00e1vkov\u00e1n\u00ed<\/a>.<\/p>\n\t\t\n<style>\n#text-1573090830 {\n  color: rgb(0,0,0);\n}\n#text-1573090830 > * {\n  color: rgb(0,0,0);\n}\n<\/style>\n\t<\/div>\n\t\n\n\t\t<\/div>\n\t\t\t\t\t<\/div>\n\n\t\n\n<\/div>","protected":false},"excerpt":{"rendered":"","protected":false},"author":2,"featured_media":0,"parent":0,"menu_order":0,"comment_status":"closed","ping_status":"closed","template":"","meta":{"footnotes":""},"class_list":["post-2133","page","type-page","status-publish","hentry"],"jetpack_sharing_enabled":true,"_links":{"self":[{"href":"https:\/\/proboostnow.eu\/en_us\/wp-json\/wp\/v2\/pages\/2133","targetHints":{"allow":["GET"]}}],"collection":[{"href":"https:\/\/proboostnow.eu\/en_us\/wp-json\/wp\/v2\/pages"}],"about":[{"href":"https:\/\/proboostnow.eu\/en_us\/wp-json\/wp\/v2\/types\/page"}],"author":[{"embeddable":true,"href":"https:\/\/proboostnow.eu\/en_us\/wp-json\/wp\/v2\/users\/2"}],"replies":[{"embeddable":true,"href":"https:\/\/proboostnow.eu\/en_us\/wp-json\/wp\/v2\/comments?post=2133"}],"version-history":[{"count":0,"href":"https:\/\/proboostnow.eu\/en_us\/wp-json\/wp\/v2\/pages\/2133\/revisions"}],"wp:attachment":[{"href":"https:\/\/proboostnow.eu\/en_us\/wp-json\/wp\/v2\/media?parent=2133"}],"curies":[{"name":"wp","href":"https:\/\/api.w.org\/{rel}","templated":true}]}}