{"id":2204,"date":"2023-03-14T12:03:17","date_gmt":"2023-03-14T12:03:17","guid":{"rendered":"https:\/\/proboostnow.eu\/?page_id=2204"},"modified":"2023-03-14T12:22:05","modified_gmt":"2023-03-14T12:22:05","slug":"doplnujici-informace-o-produktu-na-obalu","status":"publish","type":"page","link":"https:\/\/proboostnow.eu\/en_us\/doplnujici-informace-o-produktu-na-obalu\/","title":{"rendered":"Dopl\u0148uj\u00edc\u00ed informace o produktu na obalu"},"content":{"rendered":"<div class=\"row\"  id=\"row-1450325012\">\n\n\n\t<div id=\"col-1134828584\" class=\"col small-12 large-12\"  >\n\t\t\t\t<div class=\"col-inner\"  >\n\t\t\t\n\t\t\t\n\n\t<div id=\"text-2919598020\" class=\"text\">\n\t\t\n\n<h4 style=\"text-align: center;\">ProBoost \u2013 Thymic Protein A<\/h4>\n<h4 style=\"text-align: center;\"><br \/>Veterin\u00e1rn\u00ed p\u0159\u00edpravek, ur\u010deno pouze pro zv\u00ed\u0159ata.<\/h4>\n<h4 style=\"text-align: center;\"><br \/>P\u0159ed pou\u017eit\u00edm \u010dt\u011bte p\u0159\u00edbalovou informaci<\/h4>\n<p style=\"text-align: center;\">&#8212;&#8212;&#8212;&#8212;&#8212;&#8212;&#8212;&#8212;&#8212;&#8212;&#8212;&#8212;&#8212;-<\/p>\n<p style=\"text-align: center;\">ProBoost- Thymic Protein A obsahuje p\u0159\u00edrodn\u00ed glykoprotein, kter\u00fd p\u0159irozen\u011b podporuje imunitn\u00ed syst\u00e9m savc\u016f.<\/p>\n<p style=\"text-align: center;\"><br \/>P\u0159ed pou\u017eit\u00edm v\u011bnujte pozornost p\u0159\u00edbalov\u00e9 informaci uvnit\u0159 balen\u00ed.<\/p>\n<p>obsah: Jedno balen\u00ed obsahuje t\u0159icet uzav\u0159en\u00fdch s\u00e1\u010dk\u016f, ka\u017ed\u00fd z nich obsahuje p\u016fl gramu b\u00edl\u00e9ho pr\u00e1\u0161ku nasl\u00e1dl\u00e9 chuti. Tento pr\u00e1\u0161ek je slo\u017een\u00fd ze 4 mcg glykoproteinu izolovan\u00e9ho ze supernatantu tk\u00e1\u0148ov\u00e9 kultury epitelov\u00fdch bun\u011bk hov\u011bz\u00edho brzl\u00edku, kter\u00fd byl vysu\u0161en mrazem s patentovan\u00fdm obchodn\u00edm n\u00e1zvem Thymic Protein A a 0,5 g maltodextrinu.<\/p>\n<p>C\u00edlov\u00e9 druhy zv\u00ed\u0159at: savci<\/p>\n<p>Skladov\u00e1n\u00ed: p\u0159i pokojov\u00e9 teplot\u011b, chra\u0148te p\u0159ed vysok\u00fdmi teplotami nad 49\u00b0C, skladujte v suchu<\/p>\n<p>V\u00fdrobce: Genicel. Inc., 41718 Eastman Dr., Murrieta, CA 92562, USA<\/p>\n<p><br \/>Vyrobeno na z\u00e1klad\u011b patent\u016f registrovan\u00fdch v USA pod \u010d\u00edsly: 5616554, 7196060 a 7776818<\/p>\n<p>Distribuce a dr\u017eitel rozhodnut\u00ed : Scivetim s.r.o., Nov\u00fd Br\u00e1zdim 101, 250 63 Br\u00e1zdim \u010cesk\u00e1 republika<\/p>\n<p>datum expirace: uvedeno na obalu<\/p>\n<p>v\u00fdrobn\u00ed \u0161ar\u017ee: uvedeno na obalu<\/p>\n<p>\u010d\u00edslo schv\u00e1len\u00ed veterin\u00e1rn\u00edho p\u0159\u00edpravku:<\/p>\n<p>Uchov\u00e1vat mimo dohled a dosah d\u011bt\u00ed.<\/p>\n<p>Nepou\u017eit\u00fd veterin\u00e1rn\u00ed p\u0159\u00edpravek nevy\u017eaduje p\u0159i likvidaci speci\u00e1ln\u00ed opat\u0159en\u00ed<\/p>\n\t\t\n<style>\n#text-2919598020 {\n  color: rgb(0,0,0);\n}\n#text-2919598020 > * {\n  color: rgb(0,0,0);\n}\n<\/style>\n\t<\/div>\n\t\n\n\t\t<\/div>\n\t\t\t\t\t<\/div>\n\n\t\n\n<\/div>","protected":false},"excerpt":{"rendered":"","protected":false},"author":2,"featured_media":0,"parent":0,"menu_order":0,"comment_status":"closed","ping_status":"closed","template":"","meta":{"footnotes":""},"class_list":["post-2204","page","type-page","status-publish","hentry"],"jetpack_sharing_enabled":true,"_links":{"self":[{"href":"https:\/\/proboostnow.eu\/en_us\/wp-json\/wp\/v2\/pages\/2204","targetHints":{"allow":["GET"]}}],"collection":[{"href":"https:\/\/proboostnow.eu\/en_us\/wp-json\/wp\/v2\/pages"}],"about":[{"href":"https:\/\/proboostnow.eu\/en_us\/wp-json\/wp\/v2\/types\/page"}],"author":[{"embeddable":true,"href":"https:\/\/proboostnow.eu\/en_us\/wp-json\/wp\/v2\/users\/2"}],"replies":[{"embeddable":true,"href":"https:\/\/proboostnow.eu\/en_us\/wp-json\/wp\/v2\/comments?post=2204"}],"version-history":[{"count":0,"href":"https:\/\/proboostnow.eu\/en_us\/wp-json\/wp\/v2\/pages\/2204\/revisions"}],"wp:attachment":[{"href":"https:\/\/proboostnow.eu\/en_us\/wp-json\/wp\/v2\/media?parent=2204"}],"curies":[{"name":"wp","href":"https:\/\/api.w.org\/{rel}","templated":true}]}}