{"id":221,"date":"2022-03-08T17:00:25","date_gmt":"2022-03-08T17:00:25","guid":{"rendered":"https:\/\/scivetim.eu\/?page_id=221"},"modified":"2023-02-14T18:54:49","modified_gmt":"2023-02-14T18:54:49","slug":"autoimunitni-onemocneni-hyperstezie-kocka-kozni-projevy-alergie-neznameho-puvodu","status":"publish","type":"page","link":"https:\/\/proboostnow.eu\/en_us\/autoimunitni-onemocneni-hyperstezie-kocka-kozni-projevy-alergie-neznameho-puvodu\/","title":{"rendered":"Home"},"content":{"rendered":"<div class=\"wp-block-group is-layout-constrained wp-block-group-is-layout-constrained\"><\/div>\n\n\n\n<p><\/p>\n\n\n\n\n\n<p><\/p>\n\n\n\n\n\n<p><\/p>\n\n\n\n<p><\/p>\n\n\n\n<figure class=\"wp-block-image aligncenter size-full is-resized\"><a href=\"https:\/\/scivetim.eu\/wp-content\/uploads\/2023\/02\/ProBoost-30-ct-768x998..kontrast..jpg\"><img loading=\"lazy\" decoding=\"async\" src=\"https:\/\/scivetim.eu\/wp-content\/uploads\/2023\/02\/ProBoost-30-ct-768x998..kontrast..jpg\" alt=\"\" class=\"wp-image-900\" width=\"592\" height=\"92\" srcset=\"https:\/\/proboostnow.eu\/wp-content\/uploads\/2023\/02\/ProBoost-30-ct-768x998..kontrast..jpg 588w, https:\/\/proboostnow.eu\/wp-content\/uploads\/2023\/02\/ProBoost-30-ct-768x998..kontrast.-510x79.jpg 510w, https:\/\/proboostnow.eu\/wp-content\/uploads\/2023\/02\/ProBoost-30-ct-768x998..kontrast.-300x46.jpg 300w, https:\/\/proboostnow.eu\/wp-content\/uploads\/2023\/02\/ProBoost-30-ct-768x998..kontrast.-18x3.jpg 18w, https:\/\/proboostnow.eu\/wp-content\/uploads\/2023\/02\/ProBoost-30-ct-768x998..kontrast.-500x77.jpg 500w\" sizes=\"auto, (max-width: 592px) 100vw, 592px\" \/><\/a><\/figure>\n\n\n\n<p class=\"has-text-align-center has-medium-font-size\"><\/p>\n\n\n\n<p><\/p>\n\n\n\n<p class=\"has-text-align-center has-contrast-color has-text-color\"><strong>\u00da\u010dinn\u00fd prost\u0159edek na podporu specifick\u00e9 adaptivn\u00ed bun\u011b\u010dn\u00e9 imunity<\/strong>. <strong>Obsahuje<\/strong> <strong>unik\u00e1tn\u00ed p\u0159irozen\u00fd biologick\u00fd imunomodul\u00e1tor s n\u00e1zvem <\/strong><\/p>\n\n\n\n<p class=\"has-text-align-center has-contrast-color has-text-color\"><strong>Thymic Protein A<\/strong>  <\/p>\n\n\n\n<p class=\"has-text-align-center has-contrast-color has-text-color\">      Jedine\u010dnost p\u0159\u00edpravku spo\u010d\u00edv\u00e1 v tom, \u017ee nep\u016fsob\u00ed pouze nespecificky jako imunostimul\u00e1tor, ale p\u016fsob\u00ed regula\u010dn\u011b. Thymic Protein A, zkr\u00e1cen\u011b TPA ovliv\u0148uje imunitu p\u0159esn\u011b t\u00edm zp\u016fsobem, kter\u00fd je v dan\u00e9m okam\u017eiku optim\u00e1ln\u00ed, n\u011bkter\u00e9 procesy jsou stimulov\u00e1ny jin\u00e9 naopak tlumeny. <\/p>\n\n\n\n<p class=\"has-text-align-center has-contrast-color has-text-color\">U\u017e\u00edv\u00e1n\u00ed ProBoost Thymic Protein A je u\u017eite\u010dn\u00e9 v\u017edy, kdy\u017e je t\u0159eba pos\u00edlit nej\u00fa\u010dinn\u011bj\u0161\u00ed obrann\u00fd syst\u00e9m, kter\u00fdm organismus disponuje, tedy adaptivn\u00ed specifickou bun\u011b\u010dnou imunitu. <\/p>\n\n\n\n<p class=\"has-text-align-center\"><strong>Kdy je t\u0159eba u\u017e\u00edvat ProBoost Thymic Protein A ?<\/strong><\/p>\n\n\n\n<ul class=\"wp-block-list\">\n<li>Preventivn\u00ed zv\u00fd\u0161en\u00ed obranyschopnosti zejm\u00e9na v obdob\u00ed zv\u00fd\u0161en\u00e9ho rizika, chr\u00e1n\u00ed p\u0159ed propuknut\u00edm infek\u010dn\u00edch nemoc\u00ed.<\/li>\n\n\n\n<li>Pro stimulaci apopt\u00f3zy, tedy indukci bun\u011b\u010dn\u00e9 smrti aberantn\u00edch &#8211; po\u0161kozen\u00fdch bun\u011bk. In vivo i in vitro bylo prok\u00e1z\u00e1no u  malign\u00edch a infikovan\u00fdch bun\u011bk lymfoidn\u00edho a myeloidn\u00edho p\u016fvodu (lymfom, leukemie, FIV, FeLV, FIP&#8230;).  <\/li>\n\n\n\n<li>Pos\u00edlen\u00ed \u00fa\u010dinnosti vakcinace vy\u0161\u0161\u00ed a rychlej\u0161\u00ed protil\u00e1tkovou odpov\u011bd\u00ed ( nap\u0159. p\u011btin\u00e1sobn\u011b zvy\u0161uje tvorbu protil\u00e1tek p\u0159i vakcinaci ps\u016f proti vzteklin\u011b)<\/li>\n\n\n\n<li>Pos\u00edlen\u00ed \u00fa\u010dinku soub\u011b\u017en\u00e9 farmakologick\u00e9 l\u00e9\u010dby a zkr\u00e1cen\u00ed doby pot\u0159ebn\u00e9 k uzdraven\u00ed siln\u00fdm zapojen\u00edm imunitn\u00edho syst\u00e9mu.  Krat\u0161\u00ed a m\u00edrn\u011bj\u0161\u00ed pr\u016fb\u011bh  znamen\u00e1 men\u0161\u00ed pravd\u011bpodobnost v\u00fdskytu v\u00e1\u017en\u00fdch komplikac\u00ed b\u011bhem nemoci a p\u0159etrv\u00e1vaj\u00edc\u00edch n\u00e1sledk\u016f po n\u00ed.<\/li>\n\n\n\n<li>Urychlen\u00ed rekonvalescence a to zejm\u00e9na pokud v d\u016fsledku nemoci nebo agresivn\u00ed terapie je imunitn\u00ed syst\u00e9m oslaben\u00fd, jako tomu b\u00fdv\u00e1 nap\u0159\u00edklad po l\u00e9\u010db\u011b rakoviny, ale tak\u00e9 u infek\u010dn\u00edch nemoc\u00ed.. <\/li>\n\n\n\n<li>Chronicky imunodeficientn\u00edm pacient\u016fm efektivn\u011b pom\u00e1h\u00e1 zlep\u0161it obranyschopnost (FIV, FeLV, herpes, &#8230;). <\/li>\n\n\n\n<li>Stimulaci imunity p\u0159i terapii dermatofyt\u00f3z a parazit\u00e1rn\u00ed infestaci.<\/li>\n\n\n\n<li>Topick\u00e9 u\u017eit\u00ed urychluje l\u00e9\u010dbu lok\u00e1ln\u00edch po\u0161kozen\u00ed k\u016f\u017ee nebo sliznice autoimunitn\u00edho i infek\u010dn\u00edho p\u016fvodu &#8211; bradavice (papilomavirus), afty, ko\u017en\u00ed l\u00e9ze, v\u0159edy, opar, r\u00e1ny &#8230;<\/li>\n\n\n\n<li>Pos\u00edlen\u00ed regula\u010dn\u00edch \u0159\u00edd\u00edc\u00edch imunitn\u00edch proces\u016f pro tlumen\u00ed nebo \u00faplnou kompenzaci autoimunitn\u00edch nemoc\u00ed, jako je lupus, atopie, revmatoidn\u00ed artritida, osteoartritida, plazmocyt\u00e1rn\u00ed pododermatitida, &#8230;<\/li>\n<\/ul>\n\n\n\n<p class=\"has-text-align-left\"><\/p>\n\n\n\n\n\n<figure class=\"wp-block-gallery has-nested-images columns-default is-cropped wp-block-gallery-1 is-layout-flex wp-block-gallery-is-layout-flex\">\n<figure class=\"wp-block-image size-large has-custom-border\"><img loading=\"lazy\" decoding=\"async\" width=\"800\" height=\"800\" data-id=\"1188\" src=\"https:\/\/scivetim.eu\/wp-content\/uploads\/2023\/02\/pb30-angle_800x.webp\" alt=\"\" class=\"wp-image-1188\" style=\"border-width:1px\" srcset=\"https:\/\/proboostnow.eu\/wp-content\/uploads\/2023\/02\/pb30-angle_800x.webp 800w, https:\/\/proboostnow.eu\/wp-content\/uploads\/2023\/02\/pb30-angle_800x-100x100.webp 100w, https:\/\/proboostnow.eu\/wp-content\/uploads\/2023\/02\/pb30-angle_800x-510x510.webp 510w, https:\/\/proboostnow.eu\/wp-content\/uploads\/2023\/02\/pb30-angle_800x-300x300.webp 300w, https:\/\/proboostnow.eu\/wp-content\/uploads\/2023\/02\/pb30-angle_800x-150x150.webp 150w, https:\/\/proboostnow.eu\/wp-content\/uploads\/2023\/02\/pb30-angle_800x-768x768.webp 768w, https:\/\/proboostnow.eu\/wp-content\/uploads\/2023\/02\/pb30-angle_800x-12x12.webp 12w, https:\/\/proboostnow.eu\/wp-content\/uploads\/2023\/02\/pb30-angle_800x-500x500.webp 500w\" sizes=\"auto, (max-width: 800px) 100vw, 800px\" \/><\/figure>\n\n\n\n<figure class=\"wp-block-image size-large has-custom-border\"><img loading=\"lazy\" decoding=\"async\" width=\"800\" height=\"800\" data-id=\"1187\" src=\"https:\/\/scivetim.eu\/wp-content\/uploads\/2023\/02\/pb30-front_800x.webp\" alt=\"\" class=\"wp-image-1187\" style=\"border-width:1px\" srcset=\"https:\/\/proboostnow.eu\/wp-content\/uploads\/2023\/02\/pb30-front_800x.webp 800w, https:\/\/proboostnow.eu\/wp-content\/uploads\/2023\/02\/pb30-front_800x-100x100.webp 100w, https:\/\/proboostnow.eu\/wp-content\/uploads\/2023\/02\/pb30-front_800x-510x510.webp 510w, https:\/\/proboostnow.eu\/wp-content\/uploads\/2023\/02\/pb30-front_800x-300x300.webp 300w, https:\/\/proboostnow.eu\/wp-content\/uploads\/2023\/02\/pb30-front_800x-150x150.webp 150w, https:\/\/proboostnow.eu\/wp-content\/uploads\/2023\/02\/pb30-front_800x-768x768.webp 768w, https:\/\/proboostnow.eu\/wp-content\/uploads\/2023\/02\/pb30-front_800x-12x12.webp 12w, https:\/\/proboostnow.eu\/wp-content\/uploads\/2023\/02\/pb30-front_800x-500x500.webp 500w\" sizes=\"auto, (max-width: 800px) 100vw, 800px\" \/><\/figure>\n<\/figure>\n\n\n\n\n\n<p class=\"has-text-align-left\">      Thymic Protein A (TPA) vznik\u00e1 p\u0159irozen\u011b v t\u011ble \u017eivo\u010dich\u016f v brzl\u00edku a je v\u00fdznamnou sou\u010d\u00e1st\u00ed regula\u010dn\u00edho mechanismu jejich specifick\u00e9 adaptivn\u00ed imunity. Tento evolu\u010dn\u011b nejdokonalej\u0161\u00ed a nejsiln\u011bj\u0161\u00ed ochran\u00fd mechanismus obrany t\u011bla bez TPA nedok\u00e1\u017ee pracovat.  Prost\u0159ednictv\u00edm glykoproteinu TPA doch\u00e1z\u00ed ke stimulaci jeho kl\u00ed\u010dov\u00e9ho procesu, kter\u00fd je nezbytn\u00fd pro bezchybnou, silnou a p\u0159itom p\u0159esn\u011b odm\u011b\u0159enou a specificky funguj\u00edc\u00ed imunitn\u00ed odpov\u011b\u010f. TPA toti\u017e stimuluje aktivaci z\u00e1sadn\u00edho \u0159\u00edd\u00edc\u00edho elementu cel\u00e9ho syst\u00e9mu a to CD4+ Th lymfocytu. <\/p>\n\n\n\n<p class=\"has-text-align-left\"> Vysok\u00e1 \u010distota, biologick\u00e1 \u00fa\u010dinnost a excelentn\u00ed kvalita p\u0159\u00edpravku je dosa\u017eena d\u00edky p\u0159\u00edsn\u011b kontrolovan\u00e9mu procesu biosynt\u00e9zy, izolace, purifikace a mrazov\u00e9 lyofilizace \u00fa\u010dinn\u00e9ho glykoproteinu s n\u00e1zvem TPA z tk\u00e1\u0148ov\u00e9 kultury bun\u011bk epitelu bovinn\u00edho brzl\u00edku v laboratorn\u00edch podm\u00ednk\u00e1ch.<\/p>\n\n\n\n<p class=\"has-text-align-center has-large-font-size\"> <\/p>\n\n\n\n<p class=\"has-text-align-center\" style=\"font-size:1.6rem\"><\/p>\n\n\n\n<p class=\"has-text-align-center\" style=\"font-size:1.6rem\"><\/p>\n\n\n\n<p class=\"has-text-align-center has-large-font-size\"><strong> <\/strong><\/p>\n\n\n\n\n\n<p><\/p>\n\n\n\n<p><\/p>\n\n\n\n<figure class=\"wp-block-image alignleft size-full is-resized\"><a href=\"https:\/\/scivetim.eu\/wp-content\/uploads\/2023\/02\/Screenshot-2023-02-03-142124-TPA-2.png\"><img loading=\"lazy\" decoding=\"async\" src=\"https:\/\/scivetim.eu\/wp-content\/uploads\/2023\/02\/Screenshot-2023-02-03-142124-TPA-2.png\" alt=\"\" class=\"wp-image-923\" width=\"471\" height=\"447\" srcset=\"https:\/\/proboostnow.eu\/wp-content\/uploads\/2023\/02\/Screenshot-2023-02-03-142124-TPA-2.png 875w, https:\/\/proboostnow.eu\/wp-content\/uploads\/2023\/02\/Screenshot-2023-02-03-142124-TPA-2-510x484.png 510w, https:\/\/proboostnow.eu\/wp-content\/uploads\/2023\/02\/Screenshot-2023-02-03-142124-TPA-2-300x285.png 300w, https:\/\/proboostnow.eu\/wp-content\/uploads\/2023\/02\/Screenshot-2023-02-03-142124-TPA-2-768x729.png 768w, https:\/\/proboostnow.eu\/wp-content\/uploads\/2023\/02\/Screenshot-2023-02-03-142124-TPA-2-13x12.png 13w, https:\/\/proboostnow.eu\/wp-content\/uploads\/2023\/02\/Screenshot-2023-02-03-142124-TPA-2-500x475.png 500w, https:\/\/proboostnow.eu\/wp-content\/uploads\/2023\/02\/Screenshot-2023-02-03-142124-TPA-2-800x760.png 800w\" sizes=\"auto, (max-width: 471px) 100vw, 471px\" \/><\/a><\/figure>\n\n\n\n<p><\/p>\n\n\n\n<p><\/p>\n\n\n\n<ul class=\"has-cyan-bluish-gray-background-color has-background wp-block-list\">\n<li><mark style=\"background-color:rgba(0, 0, 0, 0);color:#130464\" class=\"has-inline-color\">AKTIVACI NEJD\u016eLE\u017dIT\u011aJ\u0160\u00cdCH \u0158\u00cdD\u00cdC\u00cdCH B\u00cdL\u00ddCH KRVINEK <\/mark>&#8211; <mark style=\"background-color:rgba(0, 0, 0, 0)\" class=\"has-inline-color has-contrast-color\">aktivaci CD4+ T helper lymfocyt\u016f <\/mark><\/li>\n\n\n\n<li><mark style=\"background-color:rgba(0, 0, 0, 0);color:#130464\" class=\"has-inline-color\">SPECIFICKOU ADAPTIVN\u00cd IMUNITU<\/mark> &#8211; <mark style=\"background-color:rgba(0, 0, 0, 0)\" class=\"has-inline-color has-contrast-color\">pod\u00edl\u00ed se na regulaci proces\u016f adaptivn\u00ed imunitn\u00ed reakce <\/mark><\/li>\n\n\n\n<li><mark style=\"background-color:rgba(0, 0, 0, 0);color:#130464\" class=\"has-inline-color\">PRODUKCI P\u0158ESN\u011a T\u011aCH \u010cERVEN\u00ddCH A B\u00cdL\u00ddCH KRVINEK A KREVN\u00cdCH DESTI\u010cEK, KTER\u00c9 PR\u00c1V\u011a V T\u011aLE SCH\u00c1ZEJ\u00cd &#8211; HEMATOPO\u00c9ZU<\/mark><strong><mark style=\"background-color:rgba(0, 0, 0, 0);color:#130464\" class=\"has-inline-color\"> <\/mark><\/strong>                   \n<ul class=\"wp-block-list\">\n<li>P\u0159i anemii stimuluje erytropoezu. <\/li>\n\n\n\n<li>N\u011bkolika zp\u016fsoby v z\u00e1vislosti na aktu\u00e1ln\u00ed imunitn\u00ed popt\u00e1vce specificky zved\u00e1 mno\u017estv\u00ed p\u0159\u00edslu\u0161n\u00fdch typ\u016f leukocyt\u016f (lymfocyty, NK bu\u0148ky&#8230;). Kompenzuje depleci lymfocyt\u016f u imunosupresivn\u00edch stav\u016f (virov\u00e9 infekce FIP, FeLV, FIV, HIV, onkologick\u00e1 onemocn\u011bn\u00ed&#8230;.).<\/li>\n<\/ul>\n<\/li>\n<\/ul>\n\n\n\n\n\n<figure class=\"wp-block-image alignright size-full is-resized\"><a href=\"https:\/\/scivetim.eu\/wp-content\/uploads\/2023\/02\/Interferon-alfa-tpa.png\"><img loading=\"lazy\" decoding=\"async\" src=\"https:\/\/scivetim.eu\/wp-content\/uploads\/2023\/02\/Interferon-alfa-tpa.png\" alt=\"\" class=\"wp-image-937\" width=\"364\" height=\"509\"\/><\/a><\/figure>\n\n\n\n<p><\/p>\n\n\n\n<p><\/p>\n\n\n\n<ul class=\"has-cyan-bluish-gray-background-color has-background wp-block-list\">\n<li><mark style=\"background-color:rgba(0, 0, 0, 0);color:#130464\" class=\"has-inline-color\">AKTIVACI B\u00cdL\u00ddCH KRVINEK &#8211; BUN\u011a\u010cN\u00ddCH ZABIJ\u00c1K\u016e, KTE\u0158\u00cd STEJN\u011a JAKO PAVOUK SVOU KO\u0158IST ROZPUST\u00cd BU\u0147KU NAKA\u017dENOU NEBO MALIGN\u011a ZM\u011aN\u011aNOU<\/mark> &#8211; tedy protivirovou a protin\u00e1dorovou<mark style=\"background-color:rgba(0, 0, 0, 0);color:#130464\" class=\"has-inline-color\"> aktivitu CD8+ cytotoxick\u00fdch lymfocit\u016f<\/mark><\/li>\n\n\n\n<li><mark style=\"background-color:rgba(0, 0, 0, 0);color:#130464\" class=\"has-inline-color\">\u0158\u00cdZEN\u00dd Z\u00c1NIK BUN\u011aK, KTER\u00c9 V SOB\u011a MAJ\u00cd PATOGEN NEBO JSOU MALIGN\u011a ZM\u011aN\u011aN\u00c9 TZV. APOPT\u00d3ZU<\/mark> (selektivn\u00ed sebedestrukci po\u0161kozen\u00fdch nebo naka\u017een\u00fdch bun\u011bk) &#8211; v\u00fdznam zejm\u00e9na u infekc\u00ed a malignit.<\/li>\n\n\n\n<li><mark style=\"background-color:rgba(0, 0, 0, 0);color:#130464\" class=\"has-inline-color\">DOZR\u00c1V\u00c1N\u00cd A AKTIVACI B\u00cdL\u00ddCH KRVINEK, KTER\u00c9 VYR\u00c1B\u011aJ\u00cd PROTIL\u00c1TKY, tedy dozr\u00e1v\u00e1n\u00ed a aktivaci B lymfocyt\u016f<\/mark> a produkci  protil\u00e1tek<\/li>\n\n\n\n<li><mark style=\"background-color:rgba(0, 0, 0, 0);color:#130464\" class=\"has-inline-color\">PROCESY, KTER\u00c9 NAPRAVUJ\u00cd CHYBY V IMUNITN\u00cd REAKCI &#8211; tedy kompenzaci AUTOIMUNITN\u00cdCH poruch<\/mark><\/li>\n<\/ul>\n\n\n\n\n\n\n\n<figure class=\"wp-block-embed is-type-video is-provider-youtube wp-block-embed-youtube wp-embed-aspect-16-9 wp-has-aspect-ratio\"><div class=\"wp-block-embed__wrapper\">\n<iframe loading=\"lazy\" title=\"ProBoost Explainer Video\" width=\"1020\" height=\"574\" src=\"https:\/\/www.youtube.com\/embed\/6w6N8IG-q_8?feature=oembed\" frameborder=\"0\" allow=\"accelerometer; autoplay; clipboard-write; encrypted-media; gyroscope; picture-in-picture; web-share\" allowfullscreen><\/iframe>\n<\/div><\/figure>\n\n\n\n<p class=\"has-text-align-center\" style=\"font-size:1.6rem\"><\/p>\n\n\n\n\n\n<p><\/p>\n\n\n\n<p class=\"has-text-align-center has-tertiary-background-color has-background\">V USA dosud bylo prod\u00e1no v\u00edce ne\u017e 16 milion\u016f balen\u00ed ProBoostu a nebyly zaznamen\u00e1ny \u017e\u00e1dn\u00e9 v\u00e1\u017en\u00e9 ne\u017e\u00e1douc\u00ed \u00fa\u010dinky ani u lid\u00ed ani u zv\u00ed\u0159at.<\/p>\n\n\n\n<p class=\"has-text-align-center has-tertiary-background-color has-background\">P\u0159i v\u00fdrob\u011b neum\u00edraj\u00ed \u017e\u00e1dn\u00e1 zv\u00ed\u0159ata, nejsou pou\u017e\u00edv\u00e1ny GMO ani toxick\u00e9 chemick\u00e9 slou\u010deniny.<\/p>\n\n\n\n<p class=\"has-text-align-center has-tertiary-background-color has-background\">Ji\u017e v\u00edce ne\u017e \u010dtvrt stolet\u00ed miliony u\u017eivatel v USA potvrzuj\u00ed sv\u00fdm st\u00e1l\u00fdm z\u00e1jmem o tento produkt, \u017ee opravdu pom\u00e1h\u00e1.<\/p>\n\n\n\n<p class=\"has-text-align-center has-tertiary-background-color has-background\">V r\u00e1mci EU z d\u016fvodu evropsk\u00e9 legislativy m\u016f\u017ee b\u00fdt ProBoost distribuov\u00e1n pouze jako veterin\u00e1rn\u00ed p\u0159\u00edpravek ur\u010den\u00fd pro zv\u00ed\u0159ata. D\u016fvodem je izolace TPA modern\u00ed metodou z tk\u00e1\u0148ov\u00e9 kultury nikoliv z brzl\u00edk\u016f odebran\u00fdch telat\u016fm na jatk\u00e1ch. Pro lidskou spot\u0159ebu by musel b\u00fdt Evropskou komis\u00ed pro tento produkt  schv\u00e1len status modern\u00ed potraviny nov\u00e9ho typu. Konzumace lidmi je v Evrop\u011b na rozd\u00edl od USA tedy off-label. <\/p>\n\n\n\n<p class=\"has-tertiary-background-color has-background\">V\u00fdrobky firmy Genicel, Inc. jako jedin\u00e9 na sv\u011bt\u011b obsahuj\u00ed jeden z nej\u00fa\u010dinn\u011bj\u0161\u00edch existuj\u00edc\u00edch glykoprotein\u016f stimuluj\u00edc\u00ed spr\u00e1vn\u00e9 fungov\u00e1n\u00ed imunitn\u00edho syst\u00e9mu savc\u016f s patentovan\u00fdm n\u00e1zvem Thymic Protein A (TPA). D\u011bkujeme na tomto m\u00edst\u011b firm\u011b Genicel, Inc. a jmenovit\u011b Mr. Steve Patersonovi. D\u00edky jejich otev\u0159enosti ke konstruktivn\u00ed spolupr\u00e1ci m\u016f\u017ee b\u00fdt i na\u0161\u00edm prost\u0159ednictv\u00edm dnes tento unik\u00e1tn\u00ed produkt dostupn\u00fd pro v\u0161echny, kter\u00fdm m\u016f\u017ee p\u0159in\u00e9st u\u017eitek i v evropsk\u00e9m prostoru.<\/p>","protected":false},"excerpt":{"rendered":"<p>\u00da\u010dinn\u00fd prost\u0159edek na podporu specifick\u00e9 adaptivn\u00ed bun\u011b\u010dn\u00e9 imunity. Obsahuje unik\u00e1tn\u00ed p\u0159irozen\u00fd biologick\u00fd imunomodul\u00e1tor s n\u00e1zvem Thymic Protein A Jedine\u010dnost p\u0159\u00edpravku spo\u010d\u00edv\u00e1 v tom, \u017ee nep\u016fsob\u00ed pouze nespecificky jako imunostimul\u00e1tor, ale p\u016fsob\u00ed regula\u010dn\u011b. Thymic Protein A, zkr\u00e1cen\u011b TPA ovliv\u0148uje imunitu p\u0159esn\u011b t\u00edm zp\u016fsobem, kter\u00fd je v dan\u00e9m okam\u017eiku optim\u00e1ln\u00ed, n\u011bkter\u00e9 procesy jsou stimulov\u00e1ny jin\u00e9 naopak tlumeny. [&#8230;]","protected":false},"author":2,"featured_media":0,"parent":0,"menu_order":0,"comment_status":"closed","ping_status":"closed","template":"","meta":{"footnotes":""},"class_list":["post-221","page","type-page","status-publish","hentry"],"jetpack_sharing_enabled":true,"_links":{"self":[{"href":"https:\/\/proboostnow.eu\/en_us\/wp-json\/wp\/v2\/pages\/221","targetHints":{"allow":["GET"]}}],"collection":[{"href":"https:\/\/proboostnow.eu\/en_us\/wp-json\/wp\/v2\/pages"}],"about":[{"href":"https:\/\/proboostnow.eu\/en_us\/wp-json\/wp\/v2\/types\/page"}],"author":[{"embeddable":true,"href":"https:\/\/proboostnow.eu\/en_us\/wp-json\/wp\/v2\/users\/2"}],"replies":[{"embeddable":true,"href":"https:\/\/proboostnow.eu\/en_us\/wp-json\/wp\/v2\/comments?post=221"}],"version-history":[{"count":0,"href":"https:\/\/proboostnow.eu\/en_us\/wp-json\/wp\/v2\/pages\/221\/revisions"}],"wp:attachment":[{"href":"https:\/\/proboostnow.eu\/en_us\/wp-json\/wp\/v2\/media?parent=221"}],"curies":[{"name":"wp","href":"https:\/\/api.w.org\/{rel}","templated":true}]}}