{"id":2410,"date":"2023-03-22T20:11:50","date_gmt":"2023-03-22T20:11:50","guid":{"rendered":"https:\/\/proboostnow.eu\/?page_id=2410"},"modified":"2023-03-22T21:32:36","modified_gmt":"2023-03-22T21:32:36","slug":"hyperestezie-kocek","status":"publish","type":"page","link":"https:\/\/proboostnow.eu\/en_us\/hyperestezie-kocek\/","title":{"rendered":"Hyperestezie ko\u010dek"},"content":{"rendered":"<div class=\"banner has-hover\" id=\"banner-1144879437\">\n          <div class=\"banner-inner fill\">\n        <div class=\"banner-bg fill\" >\n            <img loading=\"lazy\" decoding=\"async\" width=\"1020\" height=\"574\" src=\"https:\/\/proboostnow.eu\/wp-content\/uploads\/2023\/03\/cat-g0e880d83e_1920-e1679516099173-1024x576.jpg\" class=\"bg attachment-large size-large\" alt=\"\" \/>                                    \n                    <\/div>\n\t\t\n        <div class=\"banner-layers container\">\n            <div class=\"fill banner-link\"><\/div>            \n\n   <div id=\"text-box-252174413\" class=\"text-box banner-layer x50 md-x50 lg-x50 y80 md-y80 lg-y80 res-text\">\n                                <div class=\"text-box-content text dark\">\n              \n              <div class=\"text-inner text-center\">\n                  \n\n<h2>Hyperestezie ko\u010dek<\/h2>\n\n              <\/div>\n           <\/div>\n                            \n<style>\n#text-box-252174413 {\n  width: 60%;\n}\n#text-box-252174413 .text-box-content {\n  font-size: 100%;\n}\n<\/style>\n    <\/div>\n \n\n        <\/div>\n      <\/div>\n\n            \n<style>\n#banner-1144879437 {\n  padding-top: 500px;\n}\n#banner-1144879437 .banner-bg img {\n  object-position: 100% 73%;\n}\n<\/style>\n  <\/div>\n\n\n\t<div id=\"gap-100922739\" class=\"gap-element clearfix\" style=\"display:block; height:auto;\">\n\t\t\n<style>\n#gap-100922739 {\n  padding-top: 30px;\n}\n<\/style>\n\t<\/div>\n\t\n\n\t<div id=\"gap-430186975\" class=\"gap-element clearfix\" style=\"display:block; height:auto;\">\n\t\t\n<style>\n#gap-430186975 {\n  padding-top: 30px;\n}\n<\/style>\n\t<\/div>\n\t\n\n<header class=\"tg-page-header tg-page-header--both-center\">\n<div class=\"tg-container tg-container--flex tg-container--flex-center tg-container--flex-space-between\">\n<h3 class=\"tg-page-header__title\" style=\"text-align: center;\">Ko\u010di\u010d\u00ed hyperestezie<\/h3>\n<p>Syndrom hyperest\u00e9zie ko\u010dek je m\u00e1lo prozkouman\u00fd syndrom, na kter\u00e9m se pod\u00edlej\u00ed intern\u00ed i extern\u00ed stimuly. Projevuje se z\u00e1chvatovit\u00fdm agresivn\u00edm l\u00edz\u00e1n\u00edm p\u0159edev\u0161\u00edm ko\u0159ene ocasu, trhan\u00fdmi pohyby k\u016f\u017e\u00ed na z\u00e1dech, \u0161kr\u00e1b\u00e1n\u00edm, b\u011bh\u00e1n\u00edm zd\u00e1nliv\u011b bez p\u0159\u00ed\u010diny, agresivitou v\u016f\u010di ostatn\u00edm zv\u00ed\u0159at\u016fm v dom\u00e1cnosti i lidem, vokalizac\u00ed a roz\u0161\u00ed\u0159en\u00fdmi zornicemi. Tyto z\u00e1chvaty trvaj\u00ed p\u0159ibli\u017en\u011b 1-2 minuty, opakuj\u00ed se n\u011bkolikr\u00e1t denn\u011b a je velmi obt\u00ed\u017en\u00e9 ko\u010dku v tuto chv\u00edli vyru\u0161it a dos\u00e1hnout uklidn\u011bn\u00ed.\u00a0<br \/>O syndromu hyperestezie se spekuluje, \u017ee zahrnuje behavior\u00e1ln\u00ed, neurologick\u00e9, imunologick\u00e9, endokrinologick\u00e9 a dermatologick\u00e9 zm\u011bny sp\u00ed\u0161e ne\u017e o samostatn\u00e9 nozologick\u00e9 jednotce. V terapii se doporu\u010duj\u00ed zejm\u00e9na antiepileptika jako gabapentin a fenobarbital, protiz\u00e1n\u011btliv\u00e9 l\u00e9ky \u2013 prednison, cyklosporin a dopl\u0148ky v\u00fd\u017eivy jako karnitin a koenzym, kter\u00e9 se uplat\u0148uj\u00ed zejm\u00e9na u myopati\u00ed.<\/p>\n<p style=\"text-align: right;\">\u00a0 \u00a0 \u00a0 \u00a0 \u00a0 \u00a0 \u00a0 \u00a0 \u00a0 \u00a0 \u00a0 \u00a0 \u00a0 \u00a0 \u00a0 \u00a0 \u00a0 \u00a0 \u00a0 \u00a0 \u00a0 \u00a0 \u00a0 \u00a0 \u00a0 \u00a0 \u00a0 \u00a0 \u00a0 \u00a0 \u00a0 \u00a0 \u00a0 \u00a0 \u00a0 \u00a0 \u00a0 \u00a0 \u00a0 \u00a0 \u00a0 \u00a0 \u00a0 MVDr. M. Jendru\u0161\u00e1kov\u00e1<\/p>\n<\/div>\n<\/header>\n<div id=\"content\" class=\"site-content\">\n<div class=\"tg-container tg-container--flex tg-container--flex-space-between\">\n<div id=\"primary\" class=\"content-area\">\u00a0<\/div>\n<\/div>\n<\/div>\n<div class=\"row\"  id=\"row-624676353\">\n\n\n\t<div id=\"col-3569650\" class=\"col small-12 large-12\"  >\n\t\t\t\t<div class=\"col-inner\"  >\n\t\t\t\n\t\t\t\n\n<h4 style=\"text-align: center;\">V\u00edce o projevech nemoci v \u010dl\u00e1nku Kate\u0159iny \u0160tiblick\u00e9\u00a0<\/h4>\n<div class=\"row\"  id=\"row-2065248756\">\n\n\n\t<div id=\"col-1609541162\" class=\"col small-12 large-12\"  >\n\t\t\t\t<div class=\"col-inner text-center\"  >\n\t\t\t\n\t\t\t\n\n\t<div class=\"img has-hover x md-x lg-x y md-y lg-y\" id=\"image_1085158490\">\n\t\t\t\t\t\t\t\t<div class=\"img-inner dark\" >\n\t\t\t<img loading=\"lazy\" decoding=\"async\" width=\"278\" height=\"312\" src=\"https:\/\/proboostnow.eu\/wp-content\/uploads\/2023\/03\/arrow-dolu.png\" class=\"attachment-large size-large\" alt=\"\" srcset=\"https:\/\/proboostnow.eu\/wp-content\/uploads\/2023\/03\/arrow-dolu.png 278w, https:\/\/proboostnow.eu\/wp-content\/uploads\/2023\/03\/arrow-dolu-267x300.png 267w, https:\/\/proboostnow.eu\/wp-content\/uploads\/2023\/03\/arrow-dolu-11x12.png 11w\" sizes=\"auto, (max-width: 278px) 100vw, 278px\" \/>\t\t\t\t\t\t\n\t\t\t\t\t<\/div>\n\t\t\t\t\t\t\t\t\n<style>\n#image_1085158490 {\n  width: 5%;\n}\n<\/style>\n\t<\/div>\n\t\n\n<a href=\"https:\/\/kocicipolepsovna.cz\/problemove-chovani-kocek\/kdyz-se-kocka-zblazni-kocici-hyperestezie\/\" target=\"_blank\" class=\"button alert is-outline box-shadow-5 box-shadow-5-hover\" rel=\"noopener\"  style=\"border-radius:10px;\">\n\t\t<span>Kdy\u017e se ko\u010dka zbl\u00e1zn\u00ed \u2013 ko\u010di\u010d\u00ed hyperestesie<\/span>\n\t<\/a>\n\n\n\n\t\t<\/div>\n\t\t\t\t\t<\/div>\n\n\t\n\n<\/div>\n\n\t\t<\/div>\n\t\t\t\t\t<\/div>\n\n\t\n\n<\/div>\n<div class=\"row\"  id=\"row-2125937559\">\n\n\n\t<div id=\"col-1305417304\" class=\"col small-12 large-12\"  >\n\t\t\t\t<div class=\"col-inner\"  >\n\t\t\t\n\t\t\t\n\n\t<div id=\"text-2145024459\" class=\"text\">\n\t\t\n\n<p style=\"text-align: center;\">V p\u0159\u00edpad\u011b, \u017ee podstatou probl\u00e9mu je revmatologick\u00e1 p\u0159\u00ed\u010dina, lze pou\u017e\u00edt s velk\u00fdm \u00fasp\u011bchem pro tlumen\u00ed a kontrolu chronick\u00e9ho z\u00e1n\u011btu ProBoost, jak prok\u00e1zala MVDr. Monika Jendru\u0161\u00e1kov\u00e1.\u00a0<\/p>\n<p style=\"text-align: center;\">MVDr. Monika Jendru\u0161\u00e1kov\u00e1 je autorkou \u010dl\u00e1nku, ve kter\u00e9m je pops\u00e1n klinick\u00fd p\u0159\u00edpad hyperestezie kontrolovan\u00e9 pod\u00e1v\u00e1n\u00edm ProBoostu.<\/p>\n\t\t\n<style>\n#text-2145024459 {\n  color: rgb(0,0,0);\n}\n#text-2145024459 > * {\n  color: rgb(0,0,0);\n}\n<\/style>\n\t<\/div>\n\t\n<div class=\"row\"  id=\"row-1195204513\">\n\n\n\t<div id=\"col-1136525878\" class=\"col small-12 large-12\"  >\n\t\t\t\t<div class=\"col-inner text-center\"  >\n\t\t\t\n\t\t\t\n\n\t<div class=\"img has-hover x md-x lg-x y md-y lg-y\" id=\"image_1174982069\">\n\t\t\t\t\t\t\t\t<div class=\"img-inner dark\" >\n\t\t\t<img loading=\"lazy\" decoding=\"async\" width=\"278\" height=\"312\" src=\"https:\/\/proboostnow.eu\/wp-content\/uploads\/2023\/03\/arrow-dolu.png\" class=\"attachment-large size-large\" alt=\"\" srcset=\"https:\/\/proboostnow.eu\/wp-content\/uploads\/2023\/03\/arrow-dolu.png 278w, https:\/\/proboostnow.eu\/wp-content\/uploads\/2023\/03\/arrow-dolu-267x300.png 267w, https:\/\/proboostnow.eu\/wp-content\/uploads\/2023\/03\/arrow-dolu-11x12.png 11w\" sizes=\"auto, (max-width: 278px) 100vw, 278px\" \/>\t\t\t\t\t\t\n\t\t\t\t\t<\/div>\n\t\t\t\t\t\t\t\t\n<style>\n#image_1174982069 {\n  width: 5%;\n}\n<\/style>\n\t<\/div>\n\t\n\n<a href=\"https:\/\/proboostnow.eu\/wp-content\/uploads\/2023\/03\/Mina-Proboost-3.pdf\" class=\"button alert is-outline box-shadow-5 box-shadow-5-hover\"  style=\"border-radius:10px;\">\n\t\t<span>Hyperestezie - biologick\u00e1 Terapie Proboostem<\/span>\n\t<\/a>\n\n\n\n\t\t<\/div>\n\t\t\t\t\t<\/div>\n\n\t\n\n<\/div>\n\n\t\t<\/div>\n\t\t\t\t\t<\/div>\n\n\t\n\n<\/div>","protected":false},"excerpt":{"rendered":"","protected":false},"author":2,"featured_media":0,"parent":0,"menu_order":0,"comment_status":"closed","ping_status":"closed","template":"","meta":{"footnotes":""},"class_list":["post-2410","page","type-page","status-publish","hentry"],"jetpack_sharing_enabled":true,"_links":{"self":[{"href":"https:\/\/proboostnow.eu\/en_us\/wp-json\/wp\/v2\/pages\/2410","targetHints":{"allow":["GET"]}}],"collection":[{"href":"https:\/\/proboostnow.eu\/en_us\/wp-json\/wp\/v2\/pages"}],"about":[{"href":"https:\/\/proboostnow.eu\/en_us\/wp-json\/wp\/v2\/types\/page"}],"author":[{"embeddable":true,"href":"https:\/\/proboostnow.eu\/en_us\/wp-json\/wp\/v2\/users\/2"}],"replies":[{"embeddable":true,"href":"https:\/\/proboostnow.eu\/en_us\/wp-json\/wp\/v2\/comments?post=2410"}],"version-history":[{"count":0,"href":"https:\/\/proboostnow.eu\/en_us\/wp-json\/wp\/v2\/pages\/2410\/revisions"}],"wp:attachment":[{"href":"https:\/\/proboostnow.eu\/en_us\/wp-json\/wp\/v2\/media?parent=2410"}],"curies":[{"name":"wp","href":"https:\/\/api.w.org\/{rel}","templated":true}]}}