{"id":2427,"date":"2023-03-23T07:12:17","date_gmt":"2023-03-23T07:12:17","guid":{"rendered":"https:\/\/proboostnow.eu\/?page_id=2427"},"modified":"2023-03-23T09:26:36","modified_gmt":"2023-03-23T09:26:36","slug":"idiopaticka-dermatitida","status":"publish","type":"page","link":"https:\/\/proboostnow.eu\/en_us\/idiopaticka-dermatitida\/","title":{"rendered":"Idiopatick\u00e1 dermatitida"},"content":{"rendered":"<div class=\"banner has-hover\" id=\"banner-2086133309\">\n          <div class=\"banner-inner fill\">\n        <div class=\"banner-bg fill\" >\n            <img loading=\"lazy\" decoding=\"async\" width=\"1020\" height=\"679\" src=\"https:\/\/proboostnow.eu\/wp-content\/uploads\/2023\/03\/ragdoll-e1679556020679-1024x682.jpg\" class=\"bg attachment-large size-large\" alt=\"ragdoll\" \/>                                    \n                    <\/div>\n\t\t\n        <div class=\"banner-layers container\">\n            <div class=\"fill banner-link\"><\/div>            \n\n   <div id=\"text-box-1861763802\" class=\"text-box banner-layer x50 md-x50 lg-x50 y50 md-y50 lg-y50 res-text\">\n                                <div class=\"text-box-content text dark\">\n              \n              <div class=\"text-inner text-center\">\n                  \n\n<h3 style=\"text-align: center;\"><b>Idiopatick\u00e1 dermatitida<\/b><\/h3>\n<p>popis klinick\u00e9ho p\u0159\u00edpadu<\/p>\n<p>\u00a0<\/p>\n\n              <\/div>\n           <\/div>\n                            \n<style>\n#text-box-1861763802 {\n  width: 60%;\n}\n#text-box-1861763802 .text-box-content {\n  font-size: 100%;\n}\n<\/style>\n    <\/div>\n \n\n        <\/div>\n      <\/div>\n\n            \n<style>\n#banner-2086133309 {\n  padding-top: 500px;\n}\n<\/style>\n  <\/div>\n\n\n\t<div id=\"gap-160517535\" class=\"gap-element clearfix\" style=\"display:block; height:auto;\">\n\t\t\n<style>\n#gap-160517535 {\n  padding-top: 30px;\n}\n<\/style>\n\t<\/div>\n\t\n\n\t<div id=\"gap-1018989949\" class=\"gap-element clearfix\" style=\"display:block; height:auto;\">\n\t\t\n<style>\n#gap-1018989949 {\n  padding-top: 30px;\n}\n<\/style>\n\t<\/div>\n\t\n\n<div class=\"row\"  id=\"row-498148139\">\n\n\n\t<div id=\"col-336019401\" class=\"col small-12 large-12\"  >\n\t\t\t\t<div class=\"col-inner\"  >\n\t\t\t\n\t\t\t\n\n\t<div id=\"text-949738122\" class=\"text\">\n\t\t\n\n<p>Uv\u00e1d\u00edme autentick\u00fd popis klinick\u00e9ho p\u0159\u00edpadu tak, jak jej popsala majitelka.<\/p>\n<p>\u00a0<\/p>\n<h4>Dlouhodob\u00e9 pou\u017e\u00edv\u00e1n\u00ed produktu ProBoost u ko\u010dky s atopickou dermatitidou:<\/h4>\n<p><br \/>&#8222;Informace o ko\u010dce: kocour, plemeno Ragdoll, narozen 8\/2019<br \/>Dlouhodob\u00e9 u\u017e\u00edv\u00e1n\u00ed: od 01\/2022<br \/>D\u00e1vkov\u00e1n\u00ed: \u00bd s\u00e1\u010dku 1x denn\u011b, v pylov\u00e9 sez\u00f3n\u011b p\u0159i zhor\u0161en\u00ed p\u0159\u00edznak\u016f 1 s\u00e1\u010dek 1x denn\u011b<br \/>Fotodokumentaci v\u00fdvoje p\u0159\u00edpadu naleznete v p\u0159ilo\u017een\u00fdch fotk\u00e1ch.<br \/>Na prvn\u00ed fotografii z ledna 2021 jsou viditeln\u00e1 lo\u017eiska atopie \u2013 zasa\u017eena byla skoro cel\u00e9 \u010d\u00e1st stehna na lev\u00e9 zadn\u00ed noze. Defekt kocoura velmi obt\u011b\u017eoval a lo\u017eiska sv\u011bdila a m\u011bl tendenci si je opakovan\u011b olizovat. Chyb\u011bla srst na cel\u00e9m stehn\u011b.<br \/>Po prvn\u00edm m\u011bs\u00edci u\u017e\u00edv\u00e1n\u00ed byl velk\u00fd pokrok a sn\u00ed\u017eila se frekvence olizov\u00e1n\u00ed lo\u017eiska a defekt se zmen\u0161il cca o \u00bd . Srst na zadn\u00ed noze op\u011bt dor\u016fstala (na co jsme nebyli zvykl\u00ed).<br \/>V dubnu v\u0161ak do\u0161lo k rychl\u00e9mu zhor\u0161en\u00ed stavu, kter\u00e9 bylo spojeno s p\u0159\u00edchodem pylov\u00e9 sez\u00f3ny, proto byla nav\u00fd\u0161ena terapie na 1 s\u00e1\u010dek denn\u011b. Po skon\u010den\u00ed pylov\u00e9 sez\u00f3ny bylo op\u011bt sn\u00ed\u017een\u00e9 d\u00e1vkov\u00e1n\u00ed na \u00bd s\u00e1\u010dku denn\u011b.<br \/>Aktu\u00e1ln\u00ed fotka \u2013 defekt nen\u00ed skoro viditeln\u00fd, srst na zadn\u00ed noze je p\u0159\u00edtomna. Pevn\u011b v\u011b\u0159\u00edm, \u017ee p\u0159i pokra\u010dov\u00e1n\u00ed v d\u00e1vkov\u00e1n\u00ed \u00bd s\u00e1\u010dku 1x denn\u011b se n\u00e1m poda\u0159\u00ed, aby defekt zmizel \u00fapln\u011b.<br \/>Proboost mohu v\u0159ele pro zv\u00ed\u0159ata s atopickou dermatitidou doporu\u010dit. Po vyzkou\u0161en\u00ed mnoho dal\u0161\u00edch terapeutick\u00fdch metod, je pou\u017e\u00edv\u00e1n\u00ed ProBoostu pro zv\u00ed\u0159e netoxick\u00e9 a velmi \u00fa\u010dinn\u00e9. D\u00e1vkov\u00e1n\u00ed je velmi snadn\u00e9 a \u00fa\u010dinek je viditeln\u00fd do cca 1 m\u011bs\u00edce od po\u010d\u00e1tku u\u017e\u00edv\u00e1n\u00ed.&#8220;<\/p>\n<h4>Terapie p\u0159ed zah\u00e1jen\u00edm pou\u017e\u00edv\u00e1n\u00ed ProBoostu:<\/h4>\n<p>Majitelka d\u00e1le uv\u00e1d\u00ed: &#8222;&#8230;striktn\u00ed dieta &#8211; vyzkou\u0161eno Hills Z\/D, Royal Canine Hypoallergic a Analergic. D\u00e1le z lok\u00e1ln\u00ed terapie antibiotika, kortikoidy a oplachove roztoky\/\u0161ampony. Dlouhodob\u00e9 u\u017e\u00edv\u00e1n\u00ed kortikoid\u016f per os &#8211; Prednison nebo Prednicortone. Ale z dlouhodob\u00e9ho hlediska jsem hledala variantu, kter\u00e1 by nem\u011bla ne\u017e\u00e1douc\u00ed \u00fa\u010dinky.&#8220;<\/p>\n\t\t\n<style>\n#text-949738122 {\n  color: rgb(0,0,0);\n}\n#text-949738122 > * {\n  color: rgb(0,0,0);\n}\n<\/style>\n\t<\/div>\n\t\n<div class=\"row\"  id=\"row-2127416722\">\n\n\n\t<div id=\"col-1693269362\" class=\"col medium-6 small-12 large-6\"  >\n\t\t\t\t<div class=\"col-inner text-center\"  >\n\t\t\t\n\t\t\t\n\n\t<div class=\"img has-hover x md-x lg-x y md-y lg-y\" id=\"image_2028578340\">\n\t\t\t\t\t\t\t\t<div class=\"img-inner box-shadow-5 box-shadow-5-hover dark\" >\n\t\t\t<img loading=\"lazy\" decoding=\"async\" width=\"685\" height=\"917\" src=\"https:\/\/proboostnow.eu\/wp-content\/uploads\/2023\/03\/Screenshot-2023-03-23-091720.png\" class=\"attachment-large size-large\" alt=\"Idiopatick\u00e1 dermatitida\" srcset=\"https:\/\/proboostnow.eu\/wp-content\/uploads\/2023\/03\/Screenshot-2023-03-23-091720.png 685w, https:\/\/proboostnow.eu\/wp-content\/uploads\/2023\/03\/Screenshot-2023-03-23-091720-510x683.png 510w, https:\/\/proboostnow.eu\/wp-content\/uploads\/2023\/03\/Screenshot-2023-03-23-091720-224x300.png 224w, https:\/\/proboostnow.eu\/wp-content\/uploads\/2023\/03\/Screenshot-2023-03-23-091720-9x12.png 9w, https:\/\/proboostnow.eu\/wp-content\/uploads\/2023\/03\/Screenshot-2023-03-23-091720-500x669.png 500w\" sizes=\"auto, (max-width: 685px) 100vw, 685px\" \/>\t\t\t\t\t\t\n\t\t\t\t\t<\/div>\n\t\t\t\t\t\t\t\t\n<style>\n#image_2028578340 {\n  width: 75%;\n}\n<\/style>\n\t<\/div>\n\t\n\n\n\t\t<\/div>\n\t\t\t\t\t<\/div>\n\n\t\n\n\t<div id=\"col-996451066\" class=\"col medium-6 small-12 large-6\"  >\n\t\t\t\t<div class=\"col-inner text-center\"  >\n\t\t\t\n\t\t\t\n\n\t<div class=\"img has-hover x md-x lg-x y md-y lg-y\" id=\"image_38757810\">\n\t\t\t\t\t\t\t\t<div class=\"img-inner box-shadow-5 box-shadow-5-hover dark\" >\n\t\t\t<img loading=\"lazy\" decoding=\"async\" width=\"687\" height=\"917\" src=\"https:\/\/proboostnow.eu\/wp-content\/uploads\/2023\/03\/3.2.22.png\" class=\"attachment-large size-large\" alt=\"Idiopatick\u00e1 dermatitida\" srcset=\"https:\/\/proboostnow.eu\/wp-content\/uploads\/2023\/03\/3.2.22.png 687w, https:\/\/proboostnow.eu\/wp-content\/uploads\/2023\/03\/3.2.22-510x681.png 510w, https:\/\/proboostnow.eu\/wp-content\/uploads\/2023\/03\/3.2.22-225x300.png 225w, https:\/\/proboostnow.eu\/wp-content\/uploads\/2023\/03\/3.2.22-9x12.png 9w, https:\/\/proboostnow.eu\/wp-content\/uploads\/2023\/03\/3.2.22-500x667.png 500w\" sizes=\"auto, (max-width: 687px) 100vw, 687px\" \/>\t\t\t\t\t\t\n\t\t\t\t\t<\/div>\n\t\t\t\t\t\t\t\t\n<style>\n#image_38757810 {\n  width: 75%;\n}\n<\/style>\n\t<\/div>\n\t\n\n\n\t\t<\/div>\n\t\t\t\t\t<\/div>\n\n\t\n\n<\/div>\n\n\t\t<\/div>\n\t\t\t\t\t<\/div>\n\n\t\n\n<\/div>\n\t<div id=\"gap-648841134\" class=\"gap-element clearfix\" style=\"display:block; height:auto;\">\n\t\t\n<style>\n#gap-648841134 {\n  padding-top: 30px;\n}\n<\/style>\n\t<\/div>\n\t\n\n<div class=\"row\"  id=\"row-1716443395\">\n\n\n\t<div id=\"col-1826275447\" class=\"col medium-6 small-12 large-6\"  >\n\t\t\t\t<div class=\"col-inner text-center\"  >\n\t\t\t\n\t\t\t\n\n\t<div class=\"img has-hover x md-x lg-x y md-y lg-y\" id=\"image_362237018\">\n\t\t\t\t\t\t\t\t<div class=\"img-inner box-shadow-5 box-shadow-5-hover dark\" >\n\t\t\t<img loading=\"lazy\" decoding=\"async\" width=\"692\" height=\"921\" src=\"https:\/\/proboostnow.eu\/wp-content\/uploads\/2023\/03\/7.4.22.png\" class=\"attachment-large size-large\" alt=\"Idiopatick\u00e1 dermatitida\" srcset=\"https:\/\/proboostnow.eu\/wp-content\/uploads\/2023\/03\/7.4.22.png 692w, https:\/\/proboostnow.eu\/wp-content\/uploads\/2023\/03\/7.4.22-510x679.png 510w, https:\/\/proboostnow.eu\/wp-content\/uploads\/2023\/03\/7.4.22-225x300.png 225w, https:\/\/proboostnow.eu\/wp-content\/uploads\/2023\/03\/7.4.22-9x12.png 9w, https:\/\/proboostnow.eu\/wp-content\/uploads\/2023\/03\/7.4.22-500x665.png 500w\" sizes=\"auto, (max-width: 692px) 100vw, 692px\" \/>\t\t\t\t\t\t\n\t\t\t\t\t<\/div>\n\t\t\t\t\t\t\t\t\n<style>\n#image_362237018 {\n  width: 75%;\n}\n<\/style>\n\t<\/div>\n\t\n\n\n\t\t<\/div>\n\t\t\t\t\t<\/div>\n\n\t\n\n\t<div id=\"col-382450319\" class=\"col medium-6 small-12 large-6\"  >\n\t\t\t\t<div class=\"col-inner text-center\"  >\n\t\t\t\n\t\t\t\n\n\t<div class=\"img has-hover x md-x lg-x y md-y lg-y\" id=\"image_1505619518\">\n\t\t\t\t\t\t\t\t<div class=\"img-inner box-shadow-5 box-shadow-5-hover dark\" >\n\t\t\t<img loading=\"lazy\" decoding=\"async\" width=\"691\" height=\"917\" src=\"https:\/\/proboostnow.eu\/wp-content\/uploads\/2023\/03\/1.12.22.png\" class=\"attachment-large size-large\" alt=\"Idiopatick\u00e1 dermatitida\" srcset=\"https:\/\/proboostnow.eu\/wp-content\/uploads\/2023\/03\/1.12.22.png 691w, https:\/\/proboostnow.eu\/wp-content\/uploads\/2023\/03\/1.12.22-510x677.png 510w, https:\/\/proboostnow.eu\/wp-content\/uploads\/2023\/03\/1.12.22-226x300.png 226w, https:\/\/proboostnow.eu\/wp-content\/uploads\/2023\/03\/1.12.22-9x12.png 9w, https:\/\/proboostnow.eu\/wp-content\/uploads\/2023\/03\/1.12.22-500x664.png 500w\" sizes=\"auto, (max-width: 691px) 100vw, 691px\" \/>\t\t\t\t\t\t\n\t\t\t\t\t<\/div>\n\t\t\t\t\t\t\t\t\n<style>\n#image_1505619518 {\n  width: 75%;\n}\n<\/style>\n\t<\/div>\n\t\n\n\n\t\t<\/div>\n\t\t\t\t\t<\/div>\n\n\t\n\n<\/div>","protected":false},"excerpt":{"rendered":"","protected":false},"author":2,"featured_media":0,"parent":0,"menu_order":0,"comment_status":"closed","ping_status":"closed","template":"","meta":{"footnotes":""},"class_list":["post-2427","page","type-page","status-publish","hentry"],"jetpack_sharing_enabled":true,"_links":{"self":[{"href":"https:\/\/proboostnow.eu\/en_us\/wp-json\/wp\/v2\/pages\/2427","targetHints":{"allow":["GET"]}}],"collection":[{"href":"https:\/\/proboostnow.eu\/en_us\/wp-json\/wp\/v2\/pages"}],"about":[{"href":"https:\/\/proboostnow.eu\/en_us\/wp-json\/wp\/v2\/types\/page"}],"author":[{"embeddable":true,"href":"https:\/\/proboostnow.eu\/en_us\/wp-json\/wp\/v2\/users\/2"}],"replies":[{"embeddable":true,"href":"https:\/\/proboostnow.eu\/en_us\/wp-json\/wp\/v2\/comments?post=2427"}],"version-history":[{"count":0,"href":"https:\/\/proboostnow.eu\/en_us\/wp-json\/wp\/v2\/pages\/2427\/revisions"}],"wp:attachment":[{"href":"https:\/\/proboostnow.eu\/en_us\/wp-json\/wp\/v2\/media?parent=2427"}],"curies":[{"name":"wp","href":"https:\/\/api.w.org\/{rel}","templated":true}]}}