{"id":2667,"date":"2023-06-03T17:58:37","date_gmt":"2023-06-03T17:58:37","guid":{"rendered":"https:\/\/proboostnow.eu\/?page_id=2667"},"modified":"2024-03-27T19:20:31","modified_gmt":"2024-03-27T19:20:31","slug":"healing-hearts-animal-rescue-v-nashvillu-lecba-suche-fip-pomoci-lcti","status":"publish","type":"page","link":"https:\/\/proboostnow.eu\/en_us\/healing-hearts-animal-rescue-v-nashvillu-lecba-suche-fip-pomoci-lcti\/","title":{"rendered":"Healing Hearts Animal Rescue v Nashvillu, l\u00e9\u010dba such\u00e9 FIP pomoc\u00ed LCTI"},"content":{"rendered":"<div class=\"banner has-hover\" id=\"banner-113151889\">\n          <div class=\"banner-inner fill\">\n        <div class=\"banner-bg fill\" >\n            <img loading=\"lazy\" decoding=\"async\" width=\"1020\" height=\"684\" src=\"https:\/\/proboostnow.eu\/wp-content\/uploads\/2023\/06\/child-g7cadeb65c_1920-e1685816199921-1024x687.jpg\" class=\"bg attachment-large size-large\" alt=\"\" \/>                                    \n                    <\/div>\n\t\t\n        <div class=\"banner-layers container\">\n            <div class=\"fill banner-link\"><\/div>            \n\n   <div id=\"text-box-987687164\" class=\"text-box banner-layer x50 md-x50 lg-x50 y50 md-y50 lg-y50 res-text\">\n                                <div class=\"text-box-content text dark\">\n              \n              <div class=\"text-inner text-center\">\n                  \n\n\t<div id=\"text-2899736576\" class=\"text\">\n\t\t\n\n<h3><strong>Terapie such\u00e9 formy FIP pomoc\u00ed LTCI<\/strong><\/h3>\n<h3 class=\"uppercase\">\u00a0<\/h3>\n\n\t\t\n<style>\n#text-2899736576 {\n  color: rgb(44, 26, 6);\n}\n#text-2899736576 > * {\n  color: rgb(44, 26, 6);\n}\n<\/style>\n\t<\/div>\n\t\n\n              <\/div>\n           <\/div>\n                            \n<style>\n#text-box-987687164 {\n  width: 60%;\n}\n#text-box-987687164 .text-box-content {\n  font-size: 100%;\n}\n<\/style>\n    <\/div>\n \n\n        <\/div>\n      <\/div>\n\n            \n<style>\n#banner-113151889 {\n  padding-top: 500px;\n}\n<\/style>\n  <\/div>\n\n\n\t<div id=\"gap-1221095468\" class=\"gap-element clearfix\" style=\"display:block; height:auto;\">\n\t\t\n<style>\n#gap-1221095468 {\n  padding-top: 30px;\n}\n<\/style>\n\t<\/div>\n\t\n\n\t<div id=\"gap-1671766225\" class=\"gap-element clearfix\" style=\"display:block; height:auto;\">\n\t\t\n<style>\n#gap-1671766225 {\n  padding-top: 30px;\n}\n<\/style>\n\t<\/div>\n\t\n\n<div class=\"row\"  id=\"row-2071143902\">\n\n\n\t<div id=\"col-1577229453\" class=\"col small-12 large-12\"  >\n\t\t\t\t<div class=\"col-inner\"  >\n\t\t\t\n\t\t\t\n\n<p>V pr\u016fb\u011bhu roku 2009 Healing Hearts Animal Rescue v Nashv\u00edllu podrobila celkem 15 ko\u010dek se suchou formou\u00a0 FIP terapii pomoc\u00ed LTCI, jako prim\u00e1rn\u00edho zp\u016fsobu l\u00e9\u010dby. L\u00e9\u010debn\u00e1 skupina byla ve v\u011bku od 10 m\u011bs\u00edc\u016f do 6 let. V\u0161echny ko\u010dky spolu \u017eily ve stejn\u00e9m z\u00e1chrann\u00e9m centru, sd\u00edlely misky s j\u00eddlem i toalety. 13 ko\u010dek m\u011blo v dob\u011b zah\u00e1jen\u00ed l\u00e9\u010dby m\u00edrn\u00e9 a\u017e st\u0159edn\u011b z\u00e1va\u017en\u00e9 p\u0159\u00edznaky. Pouze u ko\u010dek jm\u00e9nem Star a Cinder se vyskytly z\u00e1va\u017en\u00e9 p\u0159\u00edznaky p\u0159ed nebo b\u011bhem l\u00e9\u010dby. Do prosince 2009 bylo testov\u00e1no v\u0161ech patn\u00e1ct ko\u010dek po ukon\u010den\u00ed l\u00e9\u010dby LTCI jako zcela\u00a0 negativn\u00edch na p\u0159\u00edtomnost coronaviru. Experiment prob\u011bhl p\u0159ed 14 lety a n\u011bkter\u00e9 ze z\u00fa\u010dastn\u011bn\u00fdch ko\u010dek dosud \u017eij\u00ed a t\u011b\u0161\u00ed se dobr\u00e9mu zdrav\u00ed.<\/p>\n<p>Limituj\u00edc\u00edm aspektem pro \u00fasp\u011b\u0161nou terapii pomoc\u00ed LCTI se jev\u00ed stav pacienta. V ur\u010dit\u00e9 f\u00e1zi je jeho organismus ji\u017e p\u0159\u00edli\u0161 po\u0161kozen\u00fd na to, aby mu LTCI pomohl. Jakmile ko\u010di\u010d\u00ed t\u011blo dos\u00e1hne tohoto \u201ebodu, odkud nen\u00ed n\u00e1vratu\u201c, \u00a0LTCI k z\u00e1chran\u011b\u00a0 pacienta nesta\u010d\u00ed.\u00a0<\/p>\n<p>Serengeti, prvn\u00ed ko\u010dka s diagn\u00f3zou FIP v Healing Hearts, je dobr\u00fdm p\u0159\u00edkladem ko\u010dky, kter\u00e1 by pravd\u011bpodobn\u011b nebyla zachr\u00e1n\u011bna pomoc\u00ed LTCI. V dob\u011b, kdy si o\u0161et\u0159ovatel\u00e9 uv\u011bdomili, \u017ee je nemocn\u00e1 a byla vy\u0161et\u0159ena veterin\u00e1\u0159em, byla ji\u017e chudokrevn\u00e1, t\u011b\u017ece dehydratovan\u00e1 a selh\u00e1valy j\u00ed ledviny. Hladina b\u00edlkovin byla vemi n\u00edzk\u00e1. Eutanazie byla v dob\u011b, kdy neexistovalo \u00fa\u010dinn\u00e9 antivirotikum pro ubohou Serengeti nejlaskav\u011bj\u0161\u00ed mo\u017enost\u00ed. Diagn\u00f3za such\u00e9 FIP byla potvrzena pitvou. Proto\u017ee v\u0161ak Serengeti upozornila Healing Hearts na p\u0159\u00edznaky such\u00e9 FIP, kdy\u017e Litah, jedna z vyl\u00e9\u010den\u00fdch ko\u010dek, za\u010dala vykazovat zn\u00e1mky zvracen\u00ed a hubnut\u00ed, poda\u0159ilo se j\u00ed otestovat a zah\u00e1jit l\u00e9\u010dbu mnohem d\u0159\u00edve. Kdy\u017e Litah za\u010dala u\u017e\u00edvat LTCI, pr\u00e1v\u011b za\u010d\u00ednala vykazovat zn\u00e1mky an\u00e9mie, 6 dn\u00ed nejedla a vykazovala st\u0159edn\u011b vysokou hladinu titru protil\u00e1tek na koronavirus. Vr\u00e1tila se dom\u016f z prvn\u00ed aplikace LTCI a za\u010dala ihned j\u00edst suchou potravu. Po \u0161esti aplikac\u00edch LTCI byla Litah zcela negativn\u00ed na virus a \u00fapln\u011b se uzdravila.<\/p>\n<p>V Healing Hearts byly l\u00e9\u010deny dv\u011b ko\u010dky, kter\u00e9 spadaly do kategorie, kdy bylo problematick\u00e9 o\u010dek\u00e1vat uzdraven\u00ed: Cinder a Star, p\u00e1r siamsk\u00fdch k\u0159\u00ed\u017eenc\u016f. Cinder onemocn\u011bl FIP cel\u00fd m\u011bs\u00edc p\u0159edt\u00edm, ne\u017e byl LTCI dostupn\u00fd. V lednu 2009 byl titr protil\u00e1tek proti FIP 1:10 000. V t\u00e9 dob\u011b dostal injekci Convenia, kter\u00e1 mu dodala trochu nov\u00e9 energie a s\u00edly. Nebyl v\u0161ak schopen j\u00edst such\u00e9 j\u00eddlo nebo konzervy, p\u0159e\u017e\u00edval jen s hrstkou pamlsk\u016f dvakr\u00e1t denn\u011b. V \u00fanoru se tato kdysi svalnat\u00e1 ko\u010dka stala chod\u00edc\u00edm kostlivcem, kter\u00fd sotva mohl klop\u00fdtat kolem domu.<br \/>Proto\u017ee byl v tak \u0161patn\u00e9m stavu, trvalo d\u00e9le, ne\u017e se vlivem LTCI jeho stav\u00a0 dramaticky zm\u011bnil. \u00a0Po prvn\u00ed injekci za\u010dal j\u00edst mal\u00e9 mno\u017estv\u00ed granul\u00ed. Po t\u0159ech injekc\u00edch b\u011bhem t\u0159\u00ed t\u00fddn\u016f se Cinder vr\u00e1til k norm\u00e1ln\u00edmu j\u00eddlu a za\u010dal znateln\u011b p\u0159ib\u00edrat na v\u00e1ze. Po \u0161est\u00e9 aplikaci hladina titru klesla na 1:80. Po \u0161esti m\u011bs\u00edc\u00edch a osmi d\u00e1vk\u00e1ch LCTI m\u011bl Cinder negativn\u00ed testy na FIP a zcela se uzdravil.<\/p>\n<p>Star zah\u00e1jil l\u00e9\u010dbu LTCI podobn\u011b jako ostatn\u00ed ko\u010dky, se st\u0159edn\u00ed hladinou titru 1:80 a m\u00edrn\u00fdmi p\u0159\u00edznaky. Nicm\u00e9n\u011b po \u010dtvrt\u00e9 d\u00e1vce LTCI, kdy byla ostatn\u00ed l\u00e9\u010den\u00e1 zv\u00ed\u0159ata p\u0159evedena na m\u011bs\u00ed\u010dn\u00ed interval, Star po pouh\u00fdch dvou t\u00fddnech bez LTCI utrp\u011bl t\u011b\u017ek\u00fd relaps. Natolik zesl\u00e1bl, \u017ee nemohl chodit nebo sk\u00e1kat a m\u011bl pot\u00ed\u017ee se stabilitou. Star byl znovu p\u0159eveden\u00fd na t\u00fddenn\u00ed interval. I tak jeho titr stoupal. Ka\u017ed\u00fd t\u00fdden se vracel dom\u016f z injekce LTCI, sr\u0161el energi\u00ed a \u00a0spokojen\u011b hltal granule. Na\u00a0 konci t\u00fddne v\u0161ak byl op\u011bt\u00a0 letargick\u00fd s pot\u00ed\u017eemi p\u0159ij\u00edmat potravu. Postupn\u011b mu energie z\u016fstala del\u0161\u00ed dobu a nakonec po 21 d\u00e1vk\u00e1ch LTCI byly jeho testy tak\u00e9 negativn\u00ed na FIP. Zcela se uzdravil.<\/p>\n<p>Standardn\u00ed l\u00e9\u010debn\u00fd re\u017eim za\u010d\u00ednal t\u0159emi t\u00fddenn\u00edmi d\u00e1vkami, po nich\u017e n\u00e1sledovala aplikace po dvou t\u00fddnech nebo m\u011bs\u00edci, podle pot\u0159eby. V z\u00e1va\u017en\u011bj\u0161\u00edch p\u0159\u00edpadech byl pod\u00e1v\u00e1n LCTI v t\u00fddenn\u00edm intervalu.<\/p>\n<p>zdroj: \u010dl\u00e1nek Healing Hearts Animal Rescue<\/p>\n<p>\u00a0<\/p>\n\n\t\t<\/div>\n\t\t\t\t\t<\/div>\n\n\t\n\n<\/div>\n<div class=\"row\"  id=\"row-1636831603\">\n\n\n\t<div id=\"col-1066003925\" class=\"col small-12 large-12\"  >\n\t\t\t\t<div class=\"col-inner text-center\"  >\n\t\t\t\n\t\t\t\n\n<a href=\"https:\/\/proboostnow.eu\/wp-content\/uploads\/2023\/06\/Healing-Hearts-FIP-2.pdf\" class=\"button alert box-shadow-5 box-shadow-5-hover\"  style=\"border-radius:10px;\">\n\t\t<span>\u010dl\u00e1nek Healing Hearts Animal Rescue<\/span>\n\t<\/a>\n\n\n\n\t\t<\/div>\n\t\t\t\t\t<\/div>\n\n\t\n\n<\/div>","protected":false},"excerpt":{"rendered":"","protected":false},"author":2,"featured_media":0,"parent":0,"menu_order":0,"comment_status":"closed","ping_status":"closed","template":"","meta":{"footnotes":""},"class_list":["post-2667","page","type-page","status-publish","hentry"],"jetpack_sharing_enabled":true,"_links":{"self":[{"href":"https:\/\/proboostnow.eu\/en_us\/wp-json\/wp\/v2\/pages\/2667","targetHints":{"allow":["GET"]}}],"collection":[{"href":"https:\/\/proboostnow.eu\/en_us\/wp-json\/wp\/v2\/pages"}],"about":[{"href":"https:\/\/proboostnow.eu\/en_us\/wp-json\/wp\/v2\/types\/page"}],"author":[{"embeddable":true,"href":"https:\/\/proboostnow.eu\/en_us\/wp-json\/wp\/v2\/users\/2"}],"replies":[{"embeddable":true,"href":"https:\/\/proboostnow.eu\/en_us\/wp-json\/wp\/v2\/comments?post=2667"}],"version-history":[{"count":0,"href":"https:\/\/proboostnow.eu\/en_us\/wp-json\/wp\/v2\/pages\/2667\/revisions"}],"wp:attachment":[{"href":"https:\/\/proboostnow.eu\/en_us\/wp-json\/wp\/v2\/media?parent=2667"}],"curies":[{"name":"wp","href":"https:\/\/api.w.org\/{rel}","templated":true}]}}