{"id":3998,"date":"2024-11-14T13:54:45","date_gmt":"2024-11-14T13:54:45","guid":{"rendered":"https:\/\/proboostnow.eu\/?page_id=3998"},"modified":"2024-11-14T14:06:44","modified_gmt":"2024-11-14T14:06:44","slug":"proboost-tpa","status":"publish","type":"page","link":"https:\/\/proboostnow.eu\/en_us\/proboost-tpa\/","title":{"rendered":"ProBoost TPA"},"content":{"rendered":"<p>Text p\u0159\u00edbalov\u00e9 informace sou\u010d\u00e1st dokumentace schv\u00e1len\u00e9 rozhodnut\u00edm sp. zn. USKVBL\/2749\/2024\/POD, \u010d.j. USKVBL\/10900\/2024\/REG-Gro ze dne 5.9.2024 o schv\u00e1len\u00ed veterin\u00e1rn\u00edho p\u0159\u00edpravku ProBoost TPA<\/p>\n<p style=\"text-align: center;\"><strong>ProBoost TPA<\/strong><br \/><strong>ProBoost TPA 4 \u03bcg kapsle + kolagen I a III.<\/strong><\/p>\n<p style=\"text-align: center;\">Veterin\u00e1rn\u00ed p\u0159\u00edpravek, pouze pro zv\u00ed\u0159ata<\/p>\n<p>ProBoost TPA obsahuje protein produkovan\u00fd epitelem brzl\u00edku (Thymic Protein A), kter\u00fd podporuje imunitn\u00ed syst\u00e9m savc\u016f takov\u00fdm zp\u016fsobem, \u017ee stimuluje dozr\u00e1v\u00e1n\u00ed T lymfocyt\u016f a kolagen typu I a III. TPA je purifikovan\u00fd glykoprotein slo\u017een\u00fd zhruba z 500 aminokyselin. Tento produkt je vyr\u00e1b\u011bn v Kalifornii v USA ve steriln\u00edm prost\u0159ed\u00ed na tk\u00e1\u0148ov\u00fdch kultur\u00e1ch z epitelu hov\u011bz\u00edho brzl\u00edku.<\/p>\n<p>Kolagen typ I a kolagen typ III podporuj\u00ed kvalitu poko\u017eky, k\u016f\u017ee, vaz\u016f, \u0161lach, kost\u00ed, kopyt, dr\u00e1p\u016f a srsti. Kolagen je d\u016fle\u017eit\u00fd pro hojen\u00ed ran, je sou\u010d\u00e1st\u00ed st\u011bny st\u0159eva, c\u00e9v a srdce. M\u016f\u017ee p\u0159isp\u00edvat ke zlep\u0161en\u00ed akn\u00e9, hojen\u00ed jizev nebo zm\u00edrn\u011bn\u00ed p\u0159\u00edznak\u016f atopick\u00e9, such\u00e9 a loupaj\u00edc\u00ed se poko\u017eky.<\/p>\n<p style=\"text-align: center;\"><strong>Komu je ProBoost TPA ur\u010den\u00fd:<\/strong><\/p>\n<p>Veterin\u00e1rn\u00ed p\u0159\u00edpravek vhodn\u00fd pro v\u0161echny savce. Je vhodn\u00fd jako n\u00e1hradn\u00ed dopln\u011bk pro zv\u00ed\u0159ata, u kter\u00fdch se projevila intolerance na maltodextrin, kter\u00fd je obsa\u017een\u00fd v obdobn\u00e9m p\u0159\u00edpravku s n\u00e1zvem ProBoost Thymic protein A.<\/p>\n<p style=\"text-align: center;\"><strong>Kdy je u\u017eite\u010dn\u00e9 u\u017e\u00edv\u00e1n\u00ed ProBoost TPA?<\/strong><\/p>\n<p>ProBoost TPA lze u\u017e\u00edvat v\u017edy, kdy je prosp\u011b\u0161n\u00e9 pos\u00edlit adaptivn\u00ed imunitn\u00ed odpov\u011b\u010f.<\/p>\n<p style=\"text-align: center;\"><strong>D\u00c1VKOV\u00c1N\u00cd A ZP\u016eSOB POD\u00c1N\u00cd:<\/strong><\/p>\n<p style=\"text-align: center;\"><strong>Jak \u010dasto:<\/strong><\/p>\n<p>Je-li ProBoost TPA pou\u017e\u00edv\u00e1n jako podpora spr\u00e1vn\u00e9 funkce imunitn\u00edho syst\u00e9mu, lze pod\u00e1vat ka\u017ed\u00fd den nebo i jen jednou nebo dvakr\u00e1t t\u00fddn\u011b. Frekvenci lze zv\u00fd\u0161it p\u0159ed obdob\u00edm zv\u00fd\u0161en\u00fdch n\u00e1rok\u016f na imunitn\u00ed syst\u00e9m, b\u011bhem n\u011bj, a je\u0161t\u011b n\u011bkolik dn\u00ed po pominut\u00ed obdob\u00ed zv\u00fd\u0161en\u00e9ho rizika.<br \/>Je-li vyu\u017e\u00edv\u00e1n v p\u0159\u00edpad\u011b podpory imunity b\u011bhem nemoci, je doporu\u010deno ka\u017edodenn\u00ed pod\u00e1v\u00e1n\u00ed. Denn\u00ed d\u00e1vku je lep\u0161\u00ed rozd\u011blit na n\u011bkolik d\u00edl\u010d\u00edch s odstupem n\u011bkolika hodin, oby\u010dejn\u011b na t\u0159i d\u00e1vky po osmi hodin\u00e1ch.<br \/>ProBoost TPA lze u\u017e\u00edvat dlouhodob\u011b jako podporu fyziologicky funguj\u00edc\u00edho imunitn\u00edho syst\u00e9mu a p\u00e9\u010di o zdravou k\u016f\u017ei, srst a dal\u0161\u00ed ko\u017en\u00ed deriv\u00e1ty.<\/p>\n<p style=\"text-align: center;\"><strong>Zp\u016fsob pou\u017eit\u00ed:<\/strong><\/p>\n<p>TPA m\u00e1 podobu pr\u00e1\u0161ku v kapsl\u00edch a je ur\u010den k peror\u00e1ln\u00edmu pou\u017eit\u00ed. TPA je glykoprotein a podl\u00e9h\u00e1 tud\u00ed\u017e \u010d\u00e1ste\u010dn\u011b destrukci v pr\u016fb\u011bhu tr\u00e1vic\u00edho procesu. P\u0159i dodr\u017een\u00ed doporu\u010den\u00e9ho d\u00e1vkov\u00e1n\u00ed prostoup\u00ed dostate\u010dn\u00e9 mno\u017estv\u00ed intaktn\u00edch nepo\u0161kozen\u00fdch molekul do krevn\u00edho ob\u011bhu, i kdy\u017e je poz\u0159en spolu s potravou. Kapsle po polknut\u00ed zajist\u00ed opo\u017ed\u011bn\u00e9 uvol\u0148ov\u00e1n\u00ed. Pokud je kapsle pro pod\u00e1n\u00ed zv\u00ed\u0159eti p\u0159\u00edli\u0161 velk\u00e1, lze ji otev\u0159\u00edt a pod\u00e1vat pouze jej\u00ed obsah nebo jeho \u010d\u00e1st. Vst\u0159eb\u00e1v\u00e1n\u00ed je v tom p\u0159\u00edpad\u011b mo\u017en\u00e9 zlep\u0161it rozpu\u0161t\u011bn\u00edm p\u0159\u00edmo na sliznici \u00fastn\u00ed dutiny. Ide\u00e1ln\u00ed je rozpu\u0161t\u011bn\u00ed such\u00e9ho pr\u00e1\u0161ku nap\u0159\u00edklad p\u0159\u00edmo pod jazykem, dal\u0161\u00ed mo\u017enost\u00ed je jeho rozpu\u0161t\u011bn\u00ed v n\u011bkolika mililitrech vody nebo ml\u00e9ka u ml\u00e1\u010fat a pod\u00e1n\u00ed po kapk\u00e1ch na vnit\u0159n\u00ed sliznici \u00fastn\u00ed dutiny, ide\u00e1ln\u011b pod jazyk. Pokud nen\u00ed pod\u00e1n\u00ed t\u00edmto zp\u016fsobem mo\u017en\u00e9, lze podat s potravou, nejl\u00e9pe takovou, kterou zv\u00ed\u0159e nehlt\u00e1, ale n\u011bjakou dobu zpracov\u00e1v\u00e1 zuby a jazykem (prom\u00edsen\u00ed s granulemi, nasyp\u00e1n\u00ed na kousky potravy), aby se prodlou\u017eil kontakt se sliznicemi dutiny \u00fastn\u00ed.<\/p>\n<p style=\"text-align: center;\"><br \/><strong>D\u00e1vkov\u00e1n\u00ed:<\/strong><\/p>\n<p>D\u00e1vkov\u00e1n\u00ed se \u0159\u00edd\u00ed zejm\u00e9na zdravotn\u00edm stavem zv\u00ed\u0159ete a do ur\u010dit\u00e9 m\u00edry i jeho hmotnost\u00ed a je pouze p\u0159ibli\u017en\u00fdm doporu\u010den\u00edm, kter\u00e9 lze empiricky upravovat tak, aby byl nastolen po\u017eadovan\u00fd efekt.<br \/>Pro ko\u010dku nebo st\u0159edn\u011b velk\u00e9ho psa je doporu\u010den\u00e1 z\u00e1kladn\u00ed denn\u00ed d\u00e1vka na podporu spr\u00e1vn\u00e9 funkce imunitn\u00edho syst\u00e9mu a\/nebo podporu imunitn\u00edho syst\u00e9mu b\u011bhem nemoci <strong>1-2 \u03bcg TPA<\/strong>, co\u017e je p\u0159ibli\u017en\u011b p\u016fl kapsle. Je vhodn\u00e9 jej\u00ed rozd\u011blen\u00ed alespo\u0148 na dv\u011b, l\u00e9pe t\u0159i d\u00edl\u010d\u00ed d\u00e1vky. P\u0159i dlouhodob\u00e9m pod\u00e1v\u00e1n\u00ed u chronicky oslaben\u00e9ho imunitn\u00edho syst\u00e9mu, jako je tomu nap\u0159\u00edklad u onemocn\u011bn\u00ed FeLV, FIV u ko\u010dek, se doporu\u010duje pod\u00e1vat <strong>1 \u03bcg TPA\/den<\/strong>. V p\u0159\u00edpad\u011b autoimunitn\u00edch nebo alergick\u00fdch onemocn\u011bn\u00ed m\u016f\u017ee d\u00e1vkov\u00e1n\u00ed kol\u00edsat dle pot\u0159eby, vzhledem k aktu\u00e1ln\u00ed t\u00ed\u017ei nemoci a environment\u00e1ln\u00edm podm\u00ednk\u00e1m, kter\u00e9 mohou nap\u0159\u00edklad zv\u00fd\u0161en\u00fdm v\u00fdskytem alergen\u016f vyvolat zhor\u0161en\u00ed symptom\u016f. V ur\u010dit\u00e9m kontextu intenzity vn\u011bj\u0161\u00edch podn\u011bt\u016f nebo aktu\u00e1ln\u00edch projev\u016f nemoci je mo\u017en\u00e9 d\u00e1vkov\u00e1n\u00ed empiricky zvy\u0161ovat na dvoj a\u017e trojn\u00e1sobek anebo naopak sni\u017eovat.<\/p>\n<p>Stejn\u011b tak lze s doporu\u010denou d\u00e1vkou na podporu imunity b\u011bhem nemoci pracovat dle aktu\u00e1ln\u00edho zdravotn\u00edho stavu u infek\u010dn\u00edch onemocn\u011bn\u00ed. Akutn\u00ed f\u00e1ze a zah\u00e1jen\u00ed pod\u00e1v\u00e1n\u00ed vy\u017eaduje vy\u0161\u0161\u00ed d\u00e1vkov\u00e1n\u00ed rozd\u011blen\u00e9 alespo\u0148 na 3 d\u00e1vky po 8 hodin\u00e1ch. Tato f\u00e1ze trv\u00e1 u akutn\u00ed infekce do \u00fastupu nejz\u00e1va\u017en\u011bj\u0161\u00edch p\u0159\u00edznak\u016f, u chronick\u00fdch infekc\u00ed alespo\u0148 t\u0159i dny, l\u00e9pe t\u00fdden. B\u011bhem rekonvalescence, resp. remise m\u016f\u017ee b\u00fdt d\u00e1vka postupn\u011b sni\u017eov\u00e1na.<br \/>Pro pou\u017eit\u00ed p\u0159\u00edpravku pro podporu p\u0159i nemoci nebo pokud zv\u00ed\u0159e sou\u010dasn\u011b u\u017e\u00edv\u00e1 jak\u00e9koliv l\u00e9\u010div\u00e9 p\u0159\u00edpravky, doporu\u010dujeme v\u017edy konzultaci pou\u017eit\u00ed s veterin\u00e1rn\u00edm l\u00e9ka\u0159em!<\/p>\n<p><strong>Doporu\u010den\u00e9 d\u00e1vkov\u00e1n\u00ed:<\/strong><br \/><strong>Hmotnost: Mno\u017estv\u00ed TPA\/den: Po\u010det kapsl\u00ed:<\/strong><br \/>Zv\u00ed\u0159ata do 1 kg 0,5\u20131 \u03bcg 1\/4<br \/>Zv\u00ed\u0159ata do 50 kg 2\u20134 \u03bcg 0,5-1<br \/>Zv\u00ed\u0159ata od 50 do 100 kg 4\u20138 \u03bcg 1-2<br \/>Zv\u00ed\u0159ata nad 100 kg 4 \u03bcg na ka\u017ed\u00fdch 100 kg 1 kapsle na ka\u017ed\u00fdch 100 kg<br \/>*Jedna kapsle obsahuje 4 \u03bcg TPA<\/p>\n<p style=\"text-align: center;\"><strong>Dal\u0161\u00ed informace d\u016fle\u017eit\u00e9 pro pod\u00e1n\u00ed:<\/strong><\/p>\n<p>Je mo\u017en\u00e9 u\u017e\u00edv\u00e1n\u00ed soub\u011b\u017en\u011b s dal\u0161\u00edmi p\u0159\u00edpravky, kter\u00e9 pozitivn\u011b p\u016fsob\u00ed na imunitn\u00ed syst\u00e9m, jako jsou vitam\u00edny, zinek, imunoglukany atp. Kombinov\u00e1n\u00ed s l\u00e9ky, p\u0159\u00edpadn\u011b s dal\u0161\u00edmi p\u0159\u00edpravky na podporu imunity, v\u017edy konzultujte s veterin\u00e1rn\u00edm l\u00e9ka\u0159em. Nepod\u00e1vejte soub\u011b\u017en\u011b s l\u00e9ky na tlumen\u00ed imunity.<\/p>\n<p style=\"text-align: center;\"><strong>UPOZORN\u011aN\u00cd:<\/strong><\/p>\n<p style=\"text-align: center;\">P\u0159\u00edpravek nen\u00ed n\u00e1hradou veterin\u00e1rn\u00ed p\u00e9\u010de a l\u00e9\u010div doporu\u010den\u00fdch veterin\u00e1rn\u00edml\u00e9ka\u0159em.<br \/>V \u017e\u00e1dn\u00e9m p\u0159\u00edpad\u011b neukon\u010dujte v souvislosti s pod\u00e1v\u00e1n\u00edm ProBoost TPA<br \/>veterin\u00e1rn\u00edm l\u00e9ka\u0159em doporu\u010den\u00fd l\u00e9\u010debn\u00fd postup bez konzultace s n\u00edm.<br \/>Vysazen\u00ed l\u00e9\u010div p\u0159edepsan\u00fdch veterin\u00e1\u0159em by mohlo v\u00e9st k po\u0161kozen\u00ed zdrav\u00ed pacienta!!!<\/p>\n<p>P\u0159\u00edpravek je balen\u00fd v podob\u011b plastov\u00e9 lahvi\u010dky, kter\u00e1 obsahuje 30 kapsl\u00ed. Ka\u017ed\u00e1 kapsle obsahuje b\u00edl\u00fd a\u017e lehce na\u017eloutl\u00fd pr\u00e1\u0161ek slo\u017een\u00fd ze 4 \u03bcg TPA a 400 mg kolagenu. Celkov\u00e1 hmotnost krabi\u010dky s t\u0159iceti kapslemi je<br \/>33,5 g.<br \/>Odpad likvidujte podle m\u00edstn\u00edch pr\u00e1vn\u00edch p\u0159edpis\u016f.<br \/>Datum doporu\u010den\u00e9 spot\u0159eby a v\u00fdrobn\u00ed \u0161ar\u017ee jsou uvedeny na dn\u011b obalu.<br \/>Skladov\u00e1n\u00ed p\u0159i pokojov\u00e9 teplot\u011b, chra\u0148te p\u0159ed vysok\u00fdmi teplotami, v suchu.<br \/>Uchov\u00e1vejte mimo dohled a dosah d\u011bt\u00ed.<\/p>\n<p><strong>V\u00fdrobce:<\/strong> T-Cyte Therapeutics. Inc., 41718 Eastman Dr., Murrieta, CA 92562, USA, https:\/\/proboostnow.com\/<br \/><strong>Dr\u017eitel rozhodnut\u00ed o schv\u00e1len\u00ed a distributor:<\/strong><br \/>Scivetim s.r.o. Br\u00e1zdim, Nov\u00fd Br\u00e1zdim 101, 250 63, \u010cesk\u00e1 republika,<br \/>I\u010cO: 10973575, DI\u010c: CZ 10973575<br \/>https:\/\/proboostnow.eu\/, email: info@proboostnow.eu, tel: +420 731 218 617<\/p>\n<p>Ne\u017e\u00e1douc\u00ed \u00fa\u010dinky pozorovan\u00e9 na zv\u00ed\u0159atech nebo lidech se hl\u00e1s\u00ed dle \u00a7 4 Vyhl\u00e1\u0161ky \u010d. 159\/2021 Sb., o veterin\u00e1rn\u00edch p\u0159\u00edpravc\u00edch a veterin\u00e1rn\u00edch technick\u00fdch prost\u0159edc\u00edch.<br \/>&#8212;&#8212;&#8212;&#8212;&#8212;&#8212;&#8212;&#8212;&#8212;&#8212;&#8212;&#8212;&#8212;&#8212;&#8212;&#8212;&#8212;&#8212;&#8212;&#8212;&#8212;&#8212;&#8212;&#8212;&#8212;&#8212;&#8212;&#8212;&#8212;&#8212;&#8212;&#8212;&#8212;&#8212;&#8212;&#8212;&#8212;&#8212;&#8212;&#8212;&#8212;&#8212;&#8212;&#8212;&#8212;&#8212;<br \/>Garantuje dr\u017eitel rozhodnut\u00ed o schv\u00e1len\u00ed, nen\u00ed p\u0159edm\u011btem posouzen\u00ed v r\u00e1mci \u0159\u00edzen\u00ed o schv\u00e1len\u00ed veterin\u00e1rn\u00edho p\u0159\u00edpravku:<\/p>\n<p>ProBoost TPA je vyr\u00e1b\u011bn na z\u00e1klad\u011b patent\u016f registrovan\u00fdch v USA: 5616554,7196060 a 7776818 v laboratorn\u00edch podm\u00ednk\u00e1ch od roku 1994 jako prost\u0159edek na podporu adaptivn\u00ed imunity lid\u00ed i zv\u00ed\u0159at.<\/p>\n\n\n\n<p><strong>ProBoost TPA 4 \u03bcg kapsle + kolagen I a III.<\/strong><\/p>","protected":false},"excerpt":{"rendered":"<p>ProBoost TPA 4 \u03bcg kapsle + kolagen I a III.<\/p>","protected":false},"author":2,"featured_media":0,"parent":0,"menu_order":0,"comment_status":"closed","ping_status":"closed","template":"","meta":{"footnotes":""},"class_list":["post-3998","page","type-page","status-publish","hentry"],"jetpack_sharing_enabled":true,"_links":{"self":[{"href":"https:\/\/proboostnow.eu\/en_us\/wp-json\/wp\/v2\/pages\/3998","targetHints":{"allow":["GET"]}}],"collection":[{"href":"https:\/\/proboostnow.eu\/en_us\/wp-json\/wp\/v2\/pages"}],"about":[{"href":"https:\/\/proboostnow.eu\/en_us\/wp-json\/wp\/v2\/types\/page"}],"author":[{"embeddable":true,"href":"https:\/\/proboostnow.eu\/en_us\/wp-json\/wp\/v2\/users\/2"}],"replies":[{"embeddable":true,"href":"https:\/\/proboostnow.eu\/en_us\/wp-json\/wp\/v2\/comments?post=3998"}],"version-history":[{"count":0,"href":"https:\/\/proboostnow.eu\/en_us\/wp-json\/wp\/v2\/pages\/3998\/revisions"}],"wp:attachment":[{"href":"https:\/\/proboostnow.eu\/en_us\/wp-json\/wp\/v2\/media?parent=3998"}],"curies":[{"name":"wp","href":"https:\/\/api.w.org\/{rel}","templated":true}]}}