{"id":4005,"date":"2024-11-14T14:07:47","date_gmt":"2024-11-14T14:07:47","guid":{"rendered":"https:\/\/proboostnow.eu\/?page_id=4005"},"modified":"2024-11-14T14:22:34","modified_gmt":"2024-11-14T14:22:34","slug":"proboost-ltci","status":"publish","type":"page","link":"https:\/\/proboostnow.eu\/en_us\/proboost-ltci\/","title":{"rendered":"ProBoost LTCI"},"content":{"rendered":"<p>Text p\u0159\u00edbalov\u00e9 informace sou\u010d\u00e1st dokumentace schv\u00e1len\u00e9 rozhodnut\u00edm sp. zn. USKVBL\/2748\/2024\/POD, \u010d.j. USKVBL\/10899\/2024\/REG-Gro ze dne 5.9.2024 o schv\u00e1len\u00ed veterin\u00e1rn\u00edho p\u0159\u00edpravku ProBoost LTCI<\/p>\n<p style=\"text-align: center;\"><strong>ProBoost \u2013 LTCI<\/strong><\/p>\n<p style=\"text-align: center;\">Veterin\u00e1rn\u00ed p\u0159\u00edpravek, pouze pro zv\u00ed\u0159ata<\/p>\n<p>ProBoost LTCI obsahuje protein LCTI (Lymphocyte T Cell Immunomodulator) produkovan\u00fd epitelem brzl\u00edku, kter\u00fd podporuje imunitn\u00ed syst\u00e9m savc\u016f t\u00edm, \u017ee stimuluje dozr\u00e1v\u00e1n\u00ed T lymfocyt\u016f.<br \/>TPA, je purifikovan\u00fd glykoprotein slo\u017een\u00fd zhruba z 500 aminokyselin. Tento produkt je vyr\u00e1b\u011bn v Kalifornii v USA ve steriln\u00edm prost\u0159ed\u00ed na tk\u00e1\u0148ov\u00fdch kultur\u00e1ch z epitelu hov\u011bz\u00edho brzl\u00edku.<br \/>ProBoost LTCI je forma p\u0159e\u010di\u0161t\u011bn\u00e9ho \u00fa\u010dinn\u00e9ho thymov\u00e9ho glykoproteinu TPA bez dal\u0161\u00edch p\u0159idan\u00fdch l\u00e1tek. Obsahuje stejn\u00fd glykoprotein, je\u017e je produkovan\u00fd brzl\u00edkem ka\u017ed\u00e9ho zdrav\u00e9ho organismu, kde napom\u00e1h\u00e1 stimulovat imunitn\u00ed funkce.<\/p>\n<p style=\"text-align: center;\"><strong>Komu je ProBoost LTCI ur\u010den\u00fd:<\/strong><\/p>\n<p>Veterin\u00e1rn\u00ed p\u0159\u00edpravek je vhodn\u00fd pro v\u0161echny savce.<\/p>\n<p style=\"text-align: center;\"><strong>Kdy je u\u017eite\u010dn\u00e9 u\u017e\u00edv\u00e1n\u00ed ProBoost LTCI?<\/strong><\/p>\n<p>ProBoost LTCI lze u\u017e\u00edvat v\u017edy, kdy je prosp\u011b\u0161n\u00e9 pos\u00edlit adaptivn\u00ed imunitn\u00ed odpov\u011b\u010f.<\/p>\n<p style=\"text-align: center;\"><strong>D\u00c1VKOV\u00c1N\u00cd A ZP\u016eSOB POU\u017dIT\u00cd:<\/strong><br \/><strong>Pou\u017eit\u00ed p\u0159\u00edpravku:<\/strong><\/p>\n<p>Je-li ProBoost LTCI pou\u017e\u00edv\u00e1n jako podpora spr\u00e1vn\u00e9 funkce imunitn\u00edho syst\u00e9mu lze pod\u00e1vat ka\u017ed\u00fd den nebo i jen jednou nebo dvakr\u00e1t t\u00fddn\u011b. Frekvenci lze zv\u00fd\u0161it p\u0159ed obdob\u00edm zv\u00fd\u0161en\u00fdch n\u00e1rok\u016f na imunitn\u00ed syst\u00e9m, b\u011bhem n\u011bj, a je\u0161t\u011b n\u011bkolik dn\u00ed po pominut\u00ed obdob\u00ed zv\u00fd\u0161en\u00e9ho rizika.<br \/>Je-li vyu\u017e\u00edv\u00e1n v p\u0159\u00edpad\u011b podpory imunity b\u011bhem nemoci, je doporu\u010deno ka\u017edodenn\u00ed pod\u00e1v\u00e1n\u00ed. Denn\u00ed d\u00e1vku je lep\u0161\u00ed rozd\u011blit na n\u011bkolik d\u00edl\u010d\u00edch s odstupem n\u011bkolika hodin, oby\u010dejn\u011b na t\u0159i d\u00e1vky po osmi hodin\u00e1ch.<br \/>ProBoost LTCI lze u\u017e\u00edvat dlouhodob\u011b jako podporu fyziologicky funguj\u00edc\u00edho imunitn\u00edho syst\u00e9mu.<\/p>\n<p style=\"text-align: center;\"><strong>Zp\u016fsob pou\u017eit\u00ed:<\/strong><\/p>\n<p>LTCI m\u00e1 podobu pr\u00e1\u0161ku a je po rozpu\u0161t\u011bn\u00ed v p\u0159ilo\u017een\u00e9m rozpou\u0161t\u011bdle ur\u010den k peror\u00e1ln\u00edmu pod\u00e1n\u00ed p\u0159\u00edmo na sliznici \u00fastn\u00ed dutiny, nejl\u00e9pe pod jazyk. LTCI je glykoprotein a podl\u00e9h\u00e1 tud\u00ed\u017e \u010d\u00e1ste\u010dn\u011b destrukci v pr\u016fb\u011bhu tr\u00e1vic\u00edho procesu, proto je d\u016fle\u017eit\u00e9 pod\u00e1vat mimo dobu krmen\u00ed, aby nedoch\u00e1zelo zbyte\u010dn\u011b ke stimulaci vylu\u010dov\u00e1n\u00ed enzym\u016f, kter\u00e9 se na \u0161t\u011bpen\u00ed b\u00edlkovin pod\u00edlej\u00ed.<\/p>\n<p style=\"text-align: center;\"><strong>P\u0159\u00edprava roztoku:<\/strong><\/p>\n<p>Odstra\u0148te ochrann\u00fd ter\u010d\u00edk uprost\u0159ed v\u00ed\u010dka lahvi\u010dky s obsahem lyofiliz\u00e1tu (pr\u00e1\u0161ek) a tot\u00e9\u017e prove\u010fte s v\u00ed\u010dkem lahvi\u010dky s rozpou\u0161t\u011bdlem (\u010dir\u00e1 tekutina). Pomoc\u00ed jehly a injek\u010dn\u00ed st\u0159\u00edka\u010dky prop\u00edchn\u011bte gumov\u00e9 v\u00ed\u010dko\/z\u00e1tku lahvi\u010dky s rozpou\u0161t\u011bdlem a nasajte cel\u00fd objem lahvi\u010dky a p\u0159esu\u0148te prop\u00edchnut\u00edm v\u00ed\u010dka a vypr\u00e1zdn\u011bn\u00edm st\u0159\u00edka\u010dky do lahvi\u010dky s pr\u00e1\u0161kem. Rozpus\u0165te pr\u00e1\u0161ek v cel\u00e9m objemu rozpou\u0161t\u011bdla, \u010d\u00edm\u017e z\u00edsk\u00e1te 1 ml roztoku s celkov\u00fdm obsahem 1 \u03bcg LTCI. Vyhn\u011bte se siln\u00e9mu t\u0159esen\u00ed, aby nedo\u0161lo k degradaci proteinu. Po dokonal\u00e9m sm\u00edch\u00e1n\u00ed op\u011bt pomoc\u00ed jehly prop\u00edchn\u011bte v\u00ed\u010dko a nasajte pot\u0159ebn\u00e9 mno\u017estv\u00ed rozpu\u0161t\u011bn\u00e9ho p\u0159\u00edpravku do injek\u010dn\u00ed st\u0159\u00edka\u010dky. Sejm\u011bte jehlu a st\u0159\u00edka\u010dkou po kapk\u00e1ch naneste pot\u0159ebn\u00fd objem na sliznici dutiny \u00fastn\u00ed. Zbyl\u00fd roztok v lahvi\u010dce uchovejte v chladu a spot\u0159ebujte do 24 hodin. D\u016fvodem je mo\u017enost mikrobi\u00e1ln\u00ed kontaminace roztoku, kter\u00fd neobsahuje \u017e\u00e1dn\u00e9 konzervanty.<br \/><strong>POZOR, nen\u00ed ur\u010deno k injek\u010dn\u00edmu pod\u00e1n\u00ed!<\/strong> P\u0159i manipulaci s jehlou a injek\u010dn\u00ed st\u0159\u00edka\u010dkou postupujte opatrn\u011b a vyvarujte se poran\u011bn\u00ed.<\/p>\n<p style=\"text-align: center;\"><strong>D\u00e1vkov\u00e1n\u00ed:<\/strong><\/p>\n<p>D\u00e1vkov\u00e1n\u00ed se \u0159\u00edd\u00ed zejm\u00e9na zdravotn\u00edm stavem zv\u00ed\u0159ete a do ur\u010dit\u00e9 m\u00edry i jeho hmotnost\u00ed a je pouze p\u0159ibli\u017en\u00fdm doporu\u010den\u00edm, kter\u00e9 lze empiricky upravovat tak, aby byl nastolen po\u017eadovan\u00fd efekt.<br \/>Pro ko\u010dku nebo st\u0159edn\u011b velk\u00e9ho psa je doporu\u010den\u00e1 z\u00e1kladn\u00ed denn\u00ed d\u00e1vka na podporu spr\u00e1vn\u00e9 funkce imunitn\u00edho syst\u00e9mu a\/nebo podporu imunity b\u011bhem nemoci <strong>1\u20132 \u03bcg LTCI.<\/strong> V p\u0159\u00edpad\u011b autoimunitn\u00edch nebo alergick\u00fdch onemocn\u011bn\u00ed m\u016f\u017ee d\u00e1vkov\u00e1n\u00ed kol\u00edsat dle pot\u0159eby, vzhledem k aktu\u00e1ln\u00ed t\u00ed\u017ei nemoci a environment\u00e1ln\u00edm podm\u00ednk\u00e1m, kter\u00e9 mohou nap\u0159\u00edklad zv\u00fd\u0161en\u00fdm v\u00fdskytem alergen\u016f vyvolat zhor\u0161en\u00ed symptom\u016f. V ur\u010dit\u00e9m kontextu intenzity vn\u011bj\u0161\u00edch podn\u011bt\u016f nebo aktu\u00e1ln\u00edch projev\u016f nemoci je mo\u017en\u00e9 d\u00e1vkov\u00e1n\u00ed empiricky zvy\u0161ovat na dvoj a\u017e trojn\u00e1sobek anebo naopak sni\u017eovat.<br \/>Stejn\u011b tak lze s d\u00e1vkou pracovat dle aktu\u00e1ln\u00edho zdravotn\u00edho stavu u infek\u010dn\u00edch onemocn\u011bn\u00ed. Akutn\u00ed f\u00e1ze a zah\u00e1jen\u00ed pod\u00e1v\u00e1n\u00ed vy\u017eaduje vy\u0161\u0161\u00ed d\u00e1vkov\u00e1n\u00ed. Tato f\u00e1ze trv\u00e1 u akutn\u00ed infekce do \u00fastupu nejz\u00e1va\u017en\u011bj\u0161\u00edch p\u0159\u00edznak\u016f, u chronick\u00fdch infekc\u00ed alespo\u0148 t\u0159i dny, l\u00e9pe t\u00fdden. B\u011bhem rekonvalescence, resp. remise m\u016f\u017ee b\u00fdt d\u00e1vka postupn\u011b sni\u017eov\u00e1na.<br \/>P\u0159i pou\u017eit\u00ed p\u0159\u00edpravku pro podporu p\u0159i nemoci nebo pokud zv\u00ed\u0159e sou\u010dasn\u011b u\u017e\u00edv\u00e1 jak\u00e9koliv l\u00e9\u010div\u00e9 p\u0159\u00edpravky, doporu\u010dujeme v\u017edy konzultaci pou\u017eit\u00ed s veterin\u00e1rn\u00edm l\u00e9ka\u0159em!<\/p>\n<p style=\"text-align: center;\"><strong>Doporu\u010den\u00e9 d\u00e1vkov\u00e1n\u00ed:<\/strong><\/p>\n<p>Hmotnost: Mno\u017estv\u00ed LTCI\/den: Objem roztoku:<br \/>Zv\u00ed\u0159ata do 1 kg 0,1\u20130,5 \u03bcg 0,1\u20130,5 ml (0,5 lahvi\u010dky)<br \/>Zv\u00ed\u0159ata do 50 kg 1\u20132 \u03bcg 1\u20132 ml (1-2 lahvi\u010dky)<br \/>Zv\u00ed\u0159ata od 50 do 100 kg 2\u20134 \u03bcg 2\u20134 ml (2-4 lahvi\u010dky)<br \/>Zv\u00ed\u0159ata nad 100 kg 3-4 \u03bcg\/100 kg 3\u20134 ml\/100 kg (3-4 lahvi\u010dky na ka\u017ed\u00fdch 100 kg)<br \/>* jedna lahvi\u010dka lyofiliz\u00e1tu obsahuje 1 \u03bcg LTCI<\/p>\n<p style=\"text-align: center;\"><strong>Dal\u0161\u00ed informace d\u016fle\u017eit\u00e9 pro pou\u017eit\u00ed:<\/strong><\/p>\n<p>Je mo\u017en\u00e9 u\u017e\u00edv\u00e1n\u00ed soub\u011b\u017en\u011b s dal\u0161\u00edmi p\u0159\u00edpravky, kter\u00e9 pozitivn\u011b p\u016fsob\u00ed na imunitn\u00ed syst\u00e9m, jako jsou vitam\u00edny, zinek, imunoglukany atp. Kombinov\u00e1n\u00ed s l\u00e9ky, p\u0159\u00edpadn\u011b s dal\u0161\u00edmi p\u0159\u00edpravky na podporu imunity, v\u017edy konzultujte s veterin\u00e1rn\u00edm l\u00e9ka\u0159em. Nepod\u00e1vejte soub\u011b\u017en\u011b s l\u00e9ky na tlumen\u00ed imunity!<\/p>\n<p style=\"text-align: center;\"><strong>UPOZORN\u011aN\u00cd:<\/strong><\/p>\n<p style=\"text-align: left;\"><br \/>P\u0159\u00edpravek nen\u00ed ur\u010den k injek\u010dn\u00edmu pod\u00e1n\u00ed!<br \/>P\u0159\u00edpravek nen\u00ed n\u00e1hradou veterin\u00e1rn\u00ed p\u00e9\u010de a l\u00e9\u010div doporu\u010den\u00fdch veterin\u00e1rn\u00edm l\u00e9ka\u0159em.\u00a0<br \/>V \u017e\u00e1dn\u00e9m p\u0159\u00edpad\u011b neukon\u010dujte v souvislosti s pod\u00e1v\u00e1n\u00edm ProBoost \u2013 LTCI<br \/>veterin\u00e1rn\u00edm l\u00e9ka\u0159em doporu\u010den\u00fd l\u00e9\u010debn\u00fd postup bez konzultace s n\u00edm.<br \/>Vysazen\u00ed l\u00e9\u010div p\u0159edepsan\u00fdch veterin\u00e1\u0159em by mohlo v\u00e9st k po\u0161kozen\u00ed zdrav\u00ed pacienta!!!<\/p>\n<p>P\u0159\u00edpravek je balen\u00fd v pr\u016fhledn\u00e9m plastov\u00e9m obalu a obsahuje sadu lyofiliz\u00e1tu s rozpou\u0161t\u011bdlem po 1, 2, 3 nebo 10 ks. Jedna lahvi\u010dka lyofiliz\u00e1tu obsahuje 1 \u03bcg LTCI, lahvi\u010dka s rozpou\u0161t\u011bdlem obsahuje 1 ml fosf\u00e1tem pufrovan\u00e9ho fyziologick\u00e9ho roztoku.<br \/>Odpad likvidujte podle m\u00edstn\u00edch pr\u00e1vn\u00edch p\u0159edpis\u016f.<br \/>Datum doporu\u010den\u00e9 spot\u0159eby a v\u00fdrobn\u00ed \u0161ar\u017ee jsou uvedeny na obalu.<br \/>Skladov\u00e1n\u00ed p\u0159i pokojov\u00e9 teplot\u011b, chra\u0148te p\u0159ed vysok\u00fdmi teplotami nad 40 \u00b0C, v suchu. Po otev\u0159en\u00ed uchov\u00e1vejte roztok v chladni\u010dce (2-8 \u00b0C) a nejpozd\u011bji do 24 hodin spot\u0159ebujte, po t\u00e9to dob\u011b nespot\u0159ebovan\u00fd p\u0159\u00edpravek zlikvidujte.<br \/>Uchov\u00e1vejte mimo dohled a dosah d\u011bt\u00ed.<\/p>\n<p><br \/><strong>V\u00fdrobce<\/strong>: T-Cyte Therapeutics. Inc., 41718 Eastman Dr., Murrieta, CA 92562, USA, https:\/\/proboostnow.com\/<\/p>\n<p><strong>Dr\u017eitel rozhodnut\u00ed o schv\u00e1len\u00ed:<\/strong> Scivetim s.r.o. Br\u00e1zdim, Nov\u00fd Br\u00e1zdim 101, 250 63, \u010cesk\u00e1 republika<br \/>I\u010cO: 10973575, DI\u010c: CZ 10973575<br \/>https:\/\/proboostnow.eu\/, email: info@proboostnow.eu, tel: +420 731 218 617<br \/>Ne\u017e\u00e1douc\u00ed \u00fa\u010dinky pozorovan\u00e9 na zv\u00ed\u0159atech nebo lidech se hl\u00e1s\u00ed dle \u00a7 4 Vyhl\u00e1\u0161ky \u010d. 159\/2021 Sb., o veterin\u00e1rn\u00edch p\u0159\u00edpravc\u00edch a veterin\u00e1rn\u00edch technick\u00fdch prost\u0159edc\u00edch.<br \/>Garantuje dr\u017eitel rozhodnut\u00ed o schv\u00e1len\u00ed, nen\u00ed p\u0159edm\u011btem posouzen\u00ed v r\u00e1mci \u0159\u00edzen\u00ed o schv\u00e1len\u00ed veterin\u00e1rn\u00edho p\u0159\u00edpravku:<br \/>ProBoost LTCI je vyr\u00e1b\u011bn firmou T-CYTE THERAPEUTICS, INC. na z\u00e1klad\u011b patent\u016f registrovan\u00fdch v USA: 5616554,7196060 a 7776818 v laboratorn\u00edch podm\u00ednk\u00e1ch jako prost\u0159edek na podporu adaptivn\u00ed imunity zv\u00ed\u0159at. .<\/p>","protected":false},"excerpt":{"rendered":"","protected":false},"author":2,"featured_media":0,"parent":0,"menu_order":0,"comment_status":"closed","ping_status":"closed","template":"","meta":{"footnotes":""},"class_list":["post-4005","page","type-page","status-publish","hentry"],"jetpack_sharing_enabled":true,"_links":{"self":[{"href":"https:\/\/proboostnow.eu\/en_us\/wp-json\/wp\/v2\/pages\/4005","targetHints":{"allow":["GET"]}}],"collection":[{"href":"https:\/\/proboostnow.eu\/en_us\/wp-json\/wp\/v2\/pages"}],"about":[{"href":"https:\/\/proboostnow.eu\/en_us\/wp-json\/wp\/v2\/types\/page"}],"author":[{"embeddable":true,"href":"https:\/\/proboostnow.eu\/en_us\/wp-json\/wp\/v2\/users\/2"}],"replies":[{"embeddable":true,"href":"https:\/\/proboostnow.eu\/en_us\/wp-json\/wp\/v2\/comments?post=4005"}],"version-history":[{"count":0,"href":"https:\/\/proboostnow.eu\/en_us\/wp-json\/wp\/v2\/pages\/4005\/revisions"}],"wp:attachment":[{"href":"https:\/\/proboostnow.eu\/en_us\/wp-json\/wp\/v2\/media?parent=4005"}],"curies":[{"name":"wp","href":"https:\/\/api.w.org\/{rel}","templated":true}]}}