{"id":3874,"date":"2024-10-02T12:29:51","date_gmt":"2024-10-02T12:29:51","guid":{"rendered":"https:\/\/proboostnow.eu\/?post_type=product&#038;p=3874"},"modified":"2026-05-15T10:35:41","modified_gmt":"2026-05-15T10:35:41","slug":"proboost-4mcg-tpa-kapsle-kolagen-i-a-iii","status":"publish","type":"product","link":"https:\/\/proboostnow.eu\/en_us\/product\/proboost-4mcg-tpa-kapsle-kolagen-i-a-iii\/","title":{"rendered":"ProBoost 4mcg TPA kapsle + kolagen I a III"},"content":{"rendered":"<p><strong>Ka\u017ed\u00e1 kapsle ProBoost TPA odpov\u00edd\u00e1 jednomu s\u00e1\u010dku tradi\u010dn\u00edho ProBoostu, Thymic Protein A<\/strong>, ale m\u00edsto maltodextrinu obsahuje kolagen, kter\u00fd je \u0161etrn\u011bj\u0161\u00ed ke st\u0159evn\u00ed mikrofl\u00f3\u0159e, nevyvol\u00e1v\u00e1 tr\u00e1v\u00edc\u00ed pot\u00ed\u017ee a p\u0159itom p\u0159in\u00e1\u0161\u00ed dal\u0161\u00ed zdravotn\u00ed v\u00fdhody. N\u011bkter\u00e1 zv\u00ed\u0159ata odm\u00edtaj\u00ed lehce nasl\u00e1dlou p\u0159\u00edchu\u0165 maltodextrinu. Kolagen je v tomto sm\u011bru zcela bez chuti, p\u0159i pod\u00e1n\u00ed v such\u00e9m stavu p\u0159\u00edmo na sliznici \u00fastn\u00ed dutiny nevytv\u00e1\u0159\u00ed hrudky. Snadno a rychle se rozpou\u0161t\u00ed ve vod\u011b, pokud je vhodn\u00e9 pod\u00e1n\u00ed v tekut\u00e9 podob\u011b.<\/p>\n<p><strong>\u00da\u010dinky:<\/strong> ProBoost TPA obsahuje Thymic Protein A, protein, kter\u00fd podporuje imunitn\u00ed syst\u00e9m savc\u016f t\u00edm, \u017ee stimuluje dozr\u00e1v\u00e1n\u00ed T lymfocyt\u016f a p\u0159isp\u00edv\u00e1 k siln\u00e9 specifick\u00e9 imunitn\u00ed reakci.<\/p>\n<p>Kolagen typu I a III pak posiluje kvalitu poko\u017eky, vaz\u016f, \u0161lach, kost\u00ed a dal\u0161\u00edch tk\u00e1n\u00ed, \u010d\u00edm\u017e podporuje jejich regeneraci a zdrav\u00ed. Je sou\u010d\u00e1st\u00ed st\u011bny st\u0159eva, c\u00e9v a srdce.<\/p>\n<p><strong>Benefity kolagenu:<\/strong><\/p>\n<ul>\n<li>Zlep\u0161en\u00ed elasticity k\u016f\u017ee<\/li>\n<li>Podpora hojen\u00ed ran<\/li>\n<li>Zdrav\u011bj\u0161\u00ed k\u016f\u017ee, srst<\/li>\n<li>P\u0159isp\u00edv\u00e1 ke zlep\u0161en\u00ed akn\u00e9, hojen\u00ed jizev nebo zm\u00edrn\u011bn\u00ed p\u0159\u00edznak\u016f atopick\u00e9, such\u00e9 a loupaj\u00edc\u00ed se poko\u017eky.<\/li>\n<\/ul>","protected":false},"excerpt":{"rendered":"<p>P\u0159edstavujeme v\u00e1m TPA kapsle, kter\u00e9 spojuj\u00ed \u00fa\u010dinnost origin\u00e1ln\u00edho 4mcg pr\u00e1\u0161ku s blahod\u00e1rn\u00fdmi \u00fa\u010dinky kolagenu typu I a III. Nyn\u00ed poprv\u00e9 p\u0159ich\u00e1z\u00edme s pohodlnou polykatelnou, ale tak\u00e9 snadno d\u011blitelnou kapsl\u00ed, ide\u00e1ln\u00ed pro v\u0161echny, kte\u0159\u00ed hledaj\u00ed \u0161etrn\u011bj\u0161\u00ed a p\u0159itom stejn\u011b \u00fa\u010dinnou alternativu bez maltodextrinu.<\/p>\n<p><strong>ProBoost\u00ae\u00a0T\u00a0PA\u00a04mcg TPA kapsle + kolagen I a III<\/strong> je p\u0159\u00edrodn\u00ed p\u0159\u00edpravek, kter\u00fd p\u0159irozen\u011b podporuje imunitn\u00ed syst\u00e9m a pom\u00e1h\u00e1 nastartovat optim\u00e1ln\u00ed imunitn\u00ed odpov\u011b\u010f. Krabi\u010dka obsahuje 30 kapsl\u00ed v\u017edy po 4 mcg Thymov\u00e9ho Proteinu A a 400 mg kolagenu. B\u011b\u017en\u00e9 d\u00e1vkov\u00e1n\u00ed pro zv\u00ed\u0159ata pro podporu imunity je \u010dtvrtina obsahu kapsle na den.<\/p>\n<p><strong>Slevu 7%<\/strong> poskytujeme \u00fatulk\u016fm pro opu\u0161t\u011bn\u00e1 zv\u00ed\u0159ata, depozit\u016fm, pravideln\u00fdm z\u00e1kazn\u00edk\u016fm po zakoupen\u00ed des\u00e1t\u00e9 krabi\u010dky a chovatelsk\u00fdm stanic\u00edm. Majitel\u00e9 ko\u010dek, kter\u00e9 onemocn\u011bly FIP a proch\u00e1zej\u00ed antivirovou terapi\u00ed v\u010detn\u011b posttreatmentu maj\u00ed n\u00e1rok na\u00a0slevu 5 %. O nastaven\u00ed slevy je t\u0159eba p\u0159edem po\u017e\u00e1dat emailem po zaregistrov\u00e1n\u00ed v eshopu.<\/p>\n<p>Pro\u00a0v<strong>elkoobchodn\u00ed slevy<\/strong>\u00a0(veterin\u00e1\u0159i, eshopy, prodejny\u2026) n\u00e1s kontaktujte na emailov\u00e9 adrese <a href=\"mailto:info@proboostnow.eu\">info@proboostnow.eu<\/a>.<\/p>\n<p>&nbsp;<\/p>","protected":false},"featured_media":3877,"comment_status":"open","ping_status":"closed","template":"","meta":[],"product_brand":[],"product_cat":[15],"product_tag":[],"class_list":{"0":"post-3874","1":"product","2":"type-product","3":"status-publish","4":"has-post-thumbnail","6":"product_cat-veterinarni-pripravky","8":"first","9":"instock","10":"taxable","11":"shipping-taxable","12":"purchasable","13":"product-type-simple"},"jetpack_sharing_enabled":true,"_links":{"self":[{"href":"https:\/\/proboostnow.eu\/en_us\/wp-json\/wp\/v2\/product\/3874","targetHints":{"allow":["GET"]}}],"collection":[{"href":"https:\/\/proboostnow.eu\/en_us\/wp-json\/wp\/v2\/product"}],"about":[{"href":"https:\/\/proboostnow.eu\/en_us\/wp-json\/wp\/v2\/types\/product"}],"replies":[{"embeddable":true,"href":"https:\/\/proboostnow.eu\/en_us\/wp-json\/wp\/v2\/comments?post=3874"}],"wp:featuredmedia":[{"embeddable":true,"href":"https:\/\/proboostnow.eu\/en_us\/wp-json\/wp\/v2\/media\/3877"}],"wp:attachment":[{"href":"https:\/\/proboostnow.eu\/en_us\/wp-json\/wp\/v2\/media?parent=3874"}],"wp:term":[{"taxonomy":"product_brand","embeddable":true,"href":"https:\/\/proboostnow.eu\/en_us\/wp-json\/wp\/v2\/product_brand?post=3874"},{"taxonomy":"product_cat","embeddable":true,"href":"https:\/\/proboostnow.eu\/en_us\/wp-json\/wp\/v2\/product_cat?post=3874"},{"taxonomy":"product_tag","embeddable":true,"href":"https:\/\/proboostnow.eu\/en_us\/wp-json\/wp\/v2\/product_tag?post=3874"}],"curies":[{"name":"wp","href":"https:\/\/api.w.org\/{rel}","templated":true}]}}