{"id":4402,"date":"2025-04-28T18:42:27","date_gmt":"2025-04-28T18:42:27","guid":{"rendered":"https:\/\/proboostnow.eu\/?post_type=product&#038;p=4402"},"modified":"2026-05-10T19:52:50","modified_gmt":"2026-05-10T19:52:50","slug":"proboost-ltci-t-cyte","status":"publish","type":"product","link":"https:\/\/proboostnow.eu\/en_us\/product\/proboost-ltci-t-cyte\/","title":{"rendered":"ProBoost &#8211; LTCI (T-Cyte)"},"content":{"rendered":"","protected":false},"excerpt":{"rendered":"<p><span style=\"font-size: 130%; color: #ed1c24;\">LTCI \u2013 Lymphocyte T Cell Immunomodulator<\/span><br \/>\n<strong>nyn\u00ed dostupn\u00fd exkluzivn\u011b pouze na na\u0161em eshopu.<\/strong><\/p>\n<p><span style=\"color: #ed1c24;\"><strong>Cena je za jedno balen\u00ed, kter\u00e9 obsahuje jednu lahvi\u010dku LTCI (1mcg), jednu lahvi\u010dku rozpou\u0161t\u011bdla (1ml), co\u017e odpov\u00edd\u00e1 jedn\u00e9 d\u00e1vce.<\/strong><\/span><\/p>\n<p>Nej\u010dist\u0161\u00ed forma thymov\u00e9ho glykoproteinu d\u0159\u00edve distribuovan\u00e1 v USA jako injek\u010dn\u00ed l\u00e9k na FeLV, FIV a osteoartritidu (http:\/\/tcyte.com\/). Steriln\u00ed ve vysok\u00e9 farmaceutick\u00e9 kvalit\u011b.<\/p>\n<p>P\u0159\u00edrodn\u00ed p\u0159\u00edpravek, kter\u00fd p\u0159irozen\u011b bez ne\u017e\u00e1douc\u00edch \u00fa\u010dink\u016f podporuje <strong>SPECIFICK\u00dd<\/strong> imunitn\u00ed syst\u00e9m a pom\u00e1h\u00e1 nastartovat optim\u00e1ln\u00ed imunitn\u00ed odpov\u011b\u010f. Vhodn\u00fd b\u011bhem infekc\u00ed, zejm\u00e9na virov\u00fdch a u n\u011bkter\u00fdch<br \/>\nimunitn\u00edch onemocn\u011bn\u00ed. Nezhor\u0161uje \u0161kodliv\u00e9 imunitn\u00ed patologie. Nem\u00e1 l\u00e9kov\u00e9 nebo zdravotn\u00ed kontraindikace s v\u00fdjimkou nutnosti navozen\u00ed celkov\u00e9 imunosuprese. D\u00e1vka obsahuje 1 mcg Thymov\u00e9ho proteinu A .<br \/>\n<strong><br \/>\nSlevu 10%<\/strong> poskytujeme \u00fatulk\u016fm pro opu\u0161t\u011bn\u00e1 zv\u00ed\u0159ata, depozit\u016fm, pravideln\u00fdm z\u00e1kazn\u00edk\u016fm po zakoupen\u00ed des\u00e1t\u00e9 d\u00e1vky a chovatelsk\u00fdm stanic\u00edm. O nastaven\u00ed slevy je t\u0159eba <strong>p\u0159edem<\/strong> po\u017e\u00e1dat emailem po<br \/>\nzaregistrov\u00e1n\u00ed v eshopu, je\u0161t\u011b p\u0159ed vytvo\u0159en\u00edm objedn\u00e1vky.<\/p>\n<p><span style=\"color: #ed1c24;\"><strong>P\u0159i odb\u011bru 20 a v\u00edce kus\u016f poskytujeme mno\u017estevn\u00ed slevu 20%, slevy nelze kombinovat.<\/strong><\/span><\/p>\n<p>Pro <strong>velkoobchodn\u00ed slevy<\/strong> (veterin\u00e1\u0159i, eshopy, prodejny&#8230;) n\u00e1s kontaktujte na emailov\u00e9 adrese info@proboostnow.eu.<\/p>","protected":false},"featured_media":4406,"comment_status":"closed","ping_status":"closed","template":"","meta":[],"product_brand":[],"product_cat":[15],"product_tag":[],"class_list":{"0":"post-4402","1":"product","2":"type-product","3":"status-publish","4":"has-post-thumbnail","6":"product_cat-veterinarni-pripravky","8":"first","9":"instock","10":"taxable","11":"shipping-taxable","12":"purchasable","13":"product-type-simple"},"jetpack_sharing_enabled":true,"_links":{"self":[{"href":"https:\/\/proboostnow.eu\/en_us\/wp-json\/wp\/v2\/product\/4402","targetHints":{"allow":["GET"]}}],"collection":[{"href":"https:\/\/proboostnow.eu\/en_us\/wp-json\/wp\/v2\/product"}],"about":[{"href":"https:\/\/proboostnow.eu\/en_us\/wp-json\/wp\/v2\/types\/product"}],"replies":[{"embeddable":true,"href":"https:\/\/proboostnow.eu\/en_us\/wp-json\/wp\/v2\/comments?post=4402"}],"wp:featuredmedia":[{"embeddable":true,"href":"https:\/\/proboostnow.eu\/en_us\/wp-json\/wp\/v2\/media\/4406"}],"wp:attachment":[{"href":"https:\/\/proboostnow.eu\/en_us\/wp-json\/wp\/v2\/media?parent=4402"}],"wp:term":[{"taxonomy":"product_brand","embeddable":true,"href":"https:\/\/proboostnow.eu\/en_us\/wp-json\/wp\/v2\/product_brand?post=4402"},{"taxonomy":"product_cat","embeddable":true,"href":"https:\/\/proboostnow.eu\/en_us\/wp-json\/wp\/v2\/product_cat?post=4402"},{"taxonomy":"product_tag","embeddable":true,"href":"https:\/\/proboostnow.eu\/en_us\/wp-json\/wp\/v2\/product_tag?post=4402"}],"curies":[{"name":"wp","href":"https:\/\/api.w.org\/{rel}","templated":true}]}}